{"id":937,"date":"2020-01-29T16:04:23","date_gmt":"2020-01-29T15:04:23","guid":{"rendered":"https:\/\/www.italix.net\/?page_id=937"},"modified":"2020-01-29T16:17:43","modified_gmt":"2020-01-29T15:17:43","slug":"cookie-policy","status":"publish","type":"page","link":"https:\/\/www.italix.net\/pt\/politica-de-biscoitos\/","title":{"rendered":"Pol\u00edtica de bolachas"},"content":{"rendered":"<div class=\"ix-legal-page container-fluid\" style=\"text-align: justify;\">\n<p>A nossa Pol\u00edtica de Cookies destina-se a descrever os tipos de cookies utilizados pelo s\u00edtio italix.net (doravante referido como \"<strong>S\u00edtio Web<\/strong>\"), as finalidades dos cookies instalados e as formas como o utilizador pode seleccionar ou desmarcar os cookies no Site e beneficiar dos servi\u00e7os oferecidos.<\/p>\n<p>Utilizamos cookies para tornar o nosso Site mais f\u00e1cil e mais intuitivo de utilizar. Os dados recolhidos atrav\u00e9s de cookies s\u00e3o utilizados para tornar a sua experi\u00eancia de navega\u00e7\u00e3o mais agrad\u00e1vel e mais eficiente no futuro.<\/p>\n<h3><strong>1. O QUE S\u00c3O COOKIES<\/strong><\/h3>\n<p>Os cookies, tal como definidos pela Autoridade Garantidora, s\u00e3o pequenas cadeias de texto que as aplica\u00e7\u00f5es visitadas pelo utilizador enviam para o seu terminal (normalmente para o browser), onde s\u00e3o armazenadas para serem retransmitidas para as mesmas aplica\u00e7\u00f5es da pr\u00f3xima vez que o mesmo utilizador visitar.<\/p>\n<p>O termo cookie refere-se tanto aos cookies, propriamente ditos, como a todas as tecnologias semelhantes.<\/p>\n<p>Os cookies s\u00e3o utilizados para um acesso mais r\u00e1pido aos servi\u00e7os em linha e para melhorar a navega\u00e7\u00e3o do utilizador atrav\u00e9s do seguimento de sess\u00f5es, armazenamento de informa\u00e7\u00e3o do utilizador, carregamento mais r\u00e1pido de conte\u00fados, etc.<\/p>\n<h3><strong>2. TIPOS DE COOKIES<\/strong><\/h3>\n<p>Os biscoitos podem ser:<\/p>\n<p><strong>Biscoitos de primeira viagem:&nbsp;<\/strong>s\u00e3o os cookies propriet\u00e1rios utilizados pelo propriet\u00e1rio do Site para permitir ao utilizador navegar mais eficientemente e\/ou monitorizar as ac\u00e7\u00f5es do utilizador;<\/p>\n<p><strong>Biscoitos de terceiros:&nbsp;<\/strong>s\u00e3o cookies definidos por um site diferente daquele que est\u00e1 actualmente a visitar, a fim de lhe permitir navegar mais eficientemente e\/ou monitorizar as suas ac\u00e7\u00f5es.<\/p>\n<p>Al\u00e9m disso, distinguem-se diferentes tipos de cookies:<\/p>\n<ul>\n    <li><strong>Cookies t\u00e9cnicos:&nbsp;<\/strong>utilizado com o \u00fanico objectivo de \"efectuar a transmiss\u00e3o de uma comunica\u00e7\u00e3o atrav\u00e9s de uma rede de comunica\u00e7\u00f5es electr\u00f3nicas, ou na medida do estritamente necess\u00e1rio para o fornecedor de um servi\u00e7o da sociedade de informa\u00e7\u00e3o explicitamente solicitado pelo assinante ou utilizador para fornecer tal servi\u00e7o\" (Art. 122, par\u00e1grafo 1 do C\u00f3digo de Privacidade). Os cookies t\u00e9cnicos incluem:<\/li>\n    <ul>\n        <li><strong>Cookies de sess\u00e3o ou de navega\u00e7\u00e3o:&nbsp;<\/strong>s\u00e3o utilizados para acompanhar a actividade do utilizador na web. Asseguram a navega\u00e7\u00e3o e usufruto normais do S\u00edtio, permitindo, por exemplo, uma navega\u00e7\u00e3o mais r\u00e1pida, fazendo uma compra ou autentica\u00e7\u00e3o para acesso a \u00e1reas restritas, e s\u00e3o de facto necess\u00e1rias para o seu bom funcionamento.<\/li>\n        <li><strong>Cookies de funcionalidade:&nbsp;<\/strong>permitir ao utilizador navegar de acordo com um conjunto de crit\u00e9rios seleccionados (por exemplo, l\u00edngua, produtos seleccionados para compra), a fim de melhorar o servi\u00e7o prestado ao utilizador.<\/li>\n        <li><strong>Cookies anal\u00edticos de primeira m\u00e3o:&nbsp;<\/strong>assimilados de um ponto de vista regulamentar a cookies t\u00e9cnicos se utilizados directamente pelo propriet\u00e1rio do S\u00edtio sem tra\u00e7ar o perfil do utilizador mas apenas para recolher informa\u00e7\u00f5es, de forma agregada e an\u00f3nima, sobre o n\u00famero de utilizadores e a forma como estes visitam o S\u00edtio para fins estat\u00edsticos e para melhorar o desempenho do S\u00edtio.<\/li>\n        <li><strong>Cookies anal\u00edticos de terceiros:&nbsp;<\/strong>s\u00e3o disponibilizados por terceiros e s\u00e3o assimilados a cookies t\u00e9cnicos se os terceiros n\u00e3o efectuarem o perfil de utilizador atrav\u00e9s da utiliza\u00e7\u00e3o de ferramentas adequadas para reduzir o poder de identifica\u00e7\u00e3o dos cookies (por exemplo, mascarando por\u00e7\u00f5es significativas do endere\u00e7o IP) e sem cruzar as informa\u00e7\u00f5es recolhidas com outras que j\u00e1 possuem.<\/li>\n    <\/ul>\n<\/ul>\n<ul>\n    <li>Para cookies t\u00e9cnicos, apenas \u00e9 necess\u00e1ria a Pol\u00edtica de Cookie sem necessidade de consentimento (Art. 13 C\u00f3digo de Privacidade).<\/li>\n    <ul>\n        <li><strong>Cookies de perfilagem:&nbsp;<\/strong>s\u00e3o utilizados para monitorizar a navega\u00e7\u00e3o na Internet do utilizador e criar um perfil dos seus h\u00e1bitos:<\/li>\n        <li><strong>Biscoitos de perfil de primeiro partido:&nbsp;<\/strong>instalado pelo propriet\u00e1rio do Site para criar perfis do utilizador a fim de enviar mensagens publicit\u00e1rias de acordo com as prefer\u00eancias expressas durante a navega\u00e7\u00e3o na web. Dada a sua particular invasividade na esfera privada dos utilizadores, a legisla\u00e7\u00e3o europeia e italiana exige que os utilizadores sejam adequadamente informados da sua utiliza\u00e7\u00e3o, que d\u00eaem o seu consentimento e que notifiquem o Garantidor da Privacidade.<\/li>\n        <li><strong>Biscoitos de perfil de terceiros:&nbsp;<\/strong>utilizadas por terceiros que acedem \u00e0 informa\u00e7\u00e3o em texto simples, ou seja, n\u00e3o em modo an\u00f3nimo e agregado, e cruzam-na com outros dados j\u00e1 na sua posse. O Site n\u00e3o tem controlo directo sobre cookies individuais de terceiros e n\u00e3o os pode instalar ou apagar directamente. O utilizador \u00e9, portanto, convidado a verificar a pol\u00edtica de cookies relevante no site do terceiro.<\/li>\n    <\/ul>\n<\/ul>\n<p>Para tais cookies, a legisla\u00e7\u00e3o exige que o utilizador seja adequadamente informado sobre a utiliza\u00e7\u00e3o de cookies, que d\u00ea o seu consentimento, e que o garante da privacidade seja notificado pela parte que utiliza os dados.<\/p>\n<h3><strong>3. COOKIES INSTALADOS<\/strong><\/h3>\n<p>Os cookies neste Site s\u00e3o:<\/p>\n<ul>\n    <li>cookies t\u00e9cnicos necess\u00e1rios para o funcionamento do site;<\/li>\n    <li>cookies de terceiros, que podem levar a cabo actividades de perfil de utilizador mesmo sem o conhecimento do Controlador. Para mais informa\u00e7\u00f5es, recomendamos que consulte cuidadosamente as pol\u00edticas de privacidade dos servi\u00e7os individuais listados abaixo.<\/li>\n<\/ul>\n<p>Abaixo est\u00e1 uma lista dos cookies de terceiros presentes neste Site:<\/p>\n<ul>\n    <li><strong>Google Analytics com IP anonimizado<\/strong><br \/> O Google Analytics instala cookies para medir as visitas ao S\u00edtio e quaisquer compras efectuadas para fins de an\u00e1lise. O endere\u00e7o IP dos utilizadores ser\u00e1 anonimizado.<br \/> Para mais informa\u00e7\u00f5es e para desactivar os cookies, por favor visite: https:\/\/www.google.com\/intl\/it\/policies\/privacy\/.<\/li>\n<\/ul>\n<p>Em rela\u00e7\u00e3o aos cookies de terceiros, estes podem realizar actividades de perfil de utilizador mesmo sem o conhecimento do Controlador. Para mais informa\u00e7\u00f5es, recomendamos-lhe que consulte cuidadosamente as pol\u00edticas de privacidade dos servi\u00e7os listados.<\/p>\n<h3><strong>4. DURA\u00c7\u00c3O DO BISCOITO<\/strong><\/h3>\n<p>Os cookies t\u00eam uma vida \u00fatil ditada pela data de expira\u00e7\u00e3o ou por uma ac\u00e7\u00e3o espec\u00edfica como o fecho do navegador definido no momento da instala\u00e7\u00e3o. Os biscoitos podem ser:<\/p>\n<ul>\n    <li><strong>tempor\u00e1rio ou de sess\u00e3o<\/strong>S\u00e3o utilizados para armazenar informa\u00e7\u00e3o tempor\u00e1ria, permitir que as ac\u00e7\u00f5es realizadas durante uma sess\u00e3o espec\u00edfica sejam ligadas, e s\u00e3o removidos do computador quando o navegador \u00e9 fechado;<\/li>\n    <li><strong>persistente<\/strong>s\u00e3o utilizados para armazenar informa\u00e7\u00f5es, tais como o nome de login e a palavra-chave, de modo a que o utilizador n\u00e3o tenha de os escrever de novo cada vez que visita um site espec\u00edfico. Estes permanecem armazenados no computador mesmo depois de fechar o navegador.<\/li>\n<\/ul>\n<h3><strong>5. MANIFESTA\u00c7\u00c3O DE CONSENTIMENTO<\/strong><\/h3>\n<p>Para os cookies que requerem consentimento, a primeira vez que visitar o S\u00edtio ver\u00e1 automaticamente um banner, contendo tanto o link para esta nota de informa\u00e7\u00e3o completa como o pedido de consentimento para a utiliza\u00e7\u00e3o de cookies.<\/p>\n<p>O consentimento pode ser dado pelo utilizador clicando no bot\u00e3o OK no banner, descendo a p\u00e1gina e\/ou acedendo a outras sec\u00e7\u00f5es do S\u00edtio clicando em liga\u00e7\u00f5es na p\u00e1gina web abaixo do pr\u00f3prio banner (ac\u00e7\u00e3o consequente).<\/p>\n<h3><strong>6. COMO DESACTIVAR OS COOKIES<\/strong><\/h3>\n<p>Pode gerir as suas prefer\u00eancias de cookies directamente dentro do seu navegador e impedir que terceiros instalem cookies. Tamb\u00e9m pode utilizar as prefer\u00eancias do seu navegador para eliminar cookies que tenham sido instalados no passado, incluindo quaisquer cookies em que tenha armazenado o seu consentimento para que este S\u00edtio instale cookies. Se desactivar todos os cookies, o funcionamento deste S\u00edtio pode ser prejudicado.<\/p>\n<p>Pode encontrar informa\u00e7\u00f5es e exercer o seu direito de se opor \u00e0 localiza\u00e7\u00e3o de cookies no seu navegador nos seguintes endere\u00e7os:<\/p>\n<ul>\n    <li>Internet Explorer: http:\/\/windows.microsoft.com\/it-IT\/internet-explorer\/delete-manage-cookies;<\/li>\n    <li>Google Chrome: https:\/\/support.google.com\/chrome\/answer\/95647?hl=it;<\/li>\n    <li>Mozilla Firefox: https:\/\/support.mozilla.org\/it\/kb\/Gestione%20dei%20cookie;<\/li>\n    <li>\u00d3pera: http:\/\/help.opera.com\/Windows\/10.00\/it\/cookies.html;<\/li>\n    <li>Apple Safari: https:\/\/support.apple.com\/kb\/PH19214?locale=it_IT.<\/li>\n<\/ul>\n<p>Os cookies tamb\u00e9m podem ser eliminados solicitando a sua exclus\u00e3o directamente a terceiros ou via http:\/\/www.youronlinechoices.com\/it, onde pode gerir as suas prefer\u00eancias de rastreio para a maioria das ferramentas de publicidade.<\/p>\n<h3><strong>7. DIREITOS DOS UTILIZADORES<\/strong><\/h3>\n<p>O Utilizador tem o direito de exercer em qualquer momento os direitos reconhecidos pelo artigo 7 do Decreto Legislativo 196\/2003. Em particular, pode, entre outros, obter uma c\u00f3pia dos dados tratados, a sua actualiza\u00e7\u00e3o, origem, finalidade e m\u00e9todo de tratamento, a sua rectifica\u00e7\u00e3o ou integra\u00e7\u00e3o, o seu cancelamento, transforma\u00e7\u00e3o em forma an\u00f3nima ou bloqueio para tratamento em viola\u00e7\u00e3o da lei, e pode opor-se ao seu tratamento por raz\u00f5es leg\u00edtimas.<\/p>\n<p>Para exercer estes direitos, escrever ao Controlador de Dados Italix Sas di Andrea Sivieri e Soci, com sede social na Divis\u00e3o Folgore 5\/B - 36100 Vicenza (VI), n.\u00ba de IVA \/ C.F. n.\u00ba 04311980280, endere\u00e7o electr\u00f3nico info@italix.net.<\/p>\n<p>&nbsp;<\/p>\n<p>Mais informa\u00e7\u00f5es sobre o processamento de dados podem ser encontradas no seguinte link https:\/\/www.italix.net\/privacy-policy\/.<\/p>\n<\/div>","protected":false},"excerpt":{"rendered":"<p>La nostra Cookie Policy ha l&rsquo;intento di descrivere le tipologie di cookie utilizzati dal sito web italix.net (di seguito &ldquo;Sito&rdquo;), le finalit&agrave; dei cookie installati e le modalit&agrave; con cui l&rsquo;utente pu&ograve; selezionare o deselezionare i cookie presenti sul Sito e che fruiscono dei servizi proposti. Utilizziamo i cookie per rendere il nostro Sito pi&ugrave; [&hellip;]<\/p>","protected":false},"author":1,"featured_media":0,"parent":0,"menu_order":0,"comment_status":"closed","ping_status":"closed","template":"","meta":[],"acf":[],"_links":{"self":[{"href":"https:\/\/www.italix.net\/pt\/wp-json\/wp\/v2\/pages\/937"}],"collection":[{"href":"https:\/\/www.italix.net\/pt\/wp-json\/wp\/v2\/pages"}],"about":[{"href":"https:\/\/www.italix.net\/pt\/wp-json\/wp\/v2\/types\/page"}],"author":[{"embeddable":true,"href":"https:\/\/www.italix.net\/pt\/wp-json\/wp\/v2\/users\/1"}],"replies":[{"embeddable":true,"href":"https:\/\/www.italix.net\/pt\/wp-json\/wp\/v2\/comments?post=937"}],"version-history":[{"count":4,"href":"https:\/\/www.italix.net\/pt\/wp-json\/wp\/v2\/pages\/937\/revisions"}],"predecessor-version":[{"id":945,"href":"https:\/\/www.italix.net\/pt\/wp-json\/wp\/v2\/pages\/937\/revisions\/945"}],"wp:attachment":[{"href":"https:\/\/www.italix.net\/pt\/wp-json\/wp\/v2\/media?parent=937"}],"curies":[{"name":"wp","href":"https:\/\/api.w.org\/{rel}","templated":true}]}}