{"id":3,"date":"2018-12-25T22:54:13","date_gmt":"2018-12-25T21:54:13","guid":{"rendered":"http:\/\/www.italix.net\/?page_id=3"},"modified":"2020-01-29T17:01:03","modified_gmt":"2020-01-29T16:01:03","slug":"privacy-policy-bozza","status":"publish","type":"page","link":"https:\/\/www.italix.net\/pt\/privacy-policy-bozza\/","title":{"rendered":"Pol\u00edtica de Privacidade"},"content":{"rendered":"<h2 class=\"wp-block-heading\">Sobre n\u00f3s<\/h2><p>L&#8217;indirizzo del nostro sito web \u00e8: http:\/\/www.italix.net.<\/p><h2 class=\"wp-block-heading\">Que dados pessoais recolhemos e porque os recolhemos<\/h2><h3 class=\"wp-block-heading\">Coment\u00e1rios<\/h3><p>Quando os visitantes deixam coment\u00e1rios no site, recolhemos os dados mostrados no formul\u00e1rio de coment\u00e1rios para al\u00e9m do endere\u00e7o IP do visitante e da cadeia de agentes de utilizadores do navegador para facilitar a detec\u00e7\u00e3o de spam.<\/p><p>Uma cadeia de caracteres an\u00f3nima criada a partir do seu endere\u00e7o electr\u00f3nico (tamb\u00e9m conhecido como hash) pode ser fornecida ao servi\u00e7o Gravatar para ver se est\u00e1 a utiliz\u00e1-la. A pol\u00edtica de privacidade do servi\u00e7o Gravatar est\u00e1 dispon\u00edvel aqui: https:\/\/automattic.com\/privacy\/. Ap\u00f3s aprova\u00e7\u00e3o do seu coment\u00e1rio, a sua fotografia do perfil \u00e9 publicamente vis\u00edvel no contexto do seu coment\u00e1rio.<\/p><h3 class=\"wp-block-heading\">Meios de comunica\u00e7\u00e3o<\/h3><p>Se carregar imagens para o s\u00edtio web, deve evitar carregar imagens que incluam dados de localiza\u00e7\u00e3o incorporados (EXIF GPS). Os visitantes do website podem descarregar e extrair quaisquer dados de localiza\u00e7\u00e3o a partir das imagens do website.<\/p><h3 class=\"wp-block-heading\">Formul\u00e1rio de contacto<\/h3><h3 class=\"wp-block-heading\">Biscoitos<\/h3><p>Se deixar um coment\u00e1rio no nosso s\u00edtio, pode optar por guardar o seu nome, endere\u00e7o de correio electr\u00f3nico e s\u00edtio web em cookies. Estes s\u00e3o utilizados para sua conveni\u00eancia, para que n\u00e3o tenha de voltar a introduzir os seus dados quando deixar outro coment\u00e1rio. Estes biscoitos durar\u00e3o um ano.<\/p><p>Se tiver uma conta e aceder a este s\u00edtio, ser\u00e1 definido um cookie tempor\u00e1rio para determinar se o seu navegador aceita cookies. Este cookie n\u00e3o cont\u00e9m dados pessoais e \u00e9 apagado quando fecha o seu navegador.<\/p><p>Quando iniciar sess\u00e3o, v\u00e1rios cookies ser\u00e3o definidos para armazenar as suas informa\u00e7\u00f5es de in\u00edcio de sess\u00e3o e op\u00e7\u00f5es de ecr\u00e3. Os cookies de in\u00edcio de sess\u00e3o duram dois dias enquanto os cookies de op\u00e7\u00e3o de ecr\u00e3 duram um ano. Se seleccionar \"Remember me\", o seu login persistir\u00e1 durante uma quinzena. Se sair da sua conta, os cookies de login ser\u00e3o removidos.<\/p><p>Se editar ou publicar um artigo, um cookie adicional ser\u00e1 guardado no seu navegador. Este cookie n\u00e3o inclui quaisquer dados pessoais, mas indica simplesmente o ID do artigo que acabou de editar. Expira ao fim de 1 dia.<\/p><h3 class=\"wp-block-heading\">Conte\u00fados incorporados de outros websites<\/h3><p>Os artigos deste s\u00edtio podem incluir conte\u00fado incorporado (por exemplo, v\u00eddeos, imagens, artigos, etc.). O conte\u00fado incorporado de outros websites comporta-se exactamente da mesma forma que se o visitante tivesse visitado o outro website.<\/p><p>Estes websites podem recolher dados sobre si, utilizar cookies, integrar rastreio adicional de terceiros e monitorizar a sua interac\u00e7\u00e3o com eles, incluindo o rastreio da sua interac\u00e7\u00e3o com conte\u00fados incorporados, caso tenha uma conta e esteja ligado a esses websites.<\/p><h3 class=\"wp-block-heading\">Anal\u00edticos<\/h3><h2 class=\"wp-block-heading\">Com quem partilhamos os seus dados<\/h2><h2 class=\"wp-block-heading\">Quanto tempo guardamos os seus dados<\/h2><p>Se deixar um coment\u00e1rio, o coment\u00e1rio e os seus metadados s\u00e3o guardados indefinidamente. \u00c9 assim que podemos reconhecer e aprovar automaticamente quaisquer coment\u00e1rios subsequentes, em vez de os mantermos numa fila de modera\u00e7\u00e3o.<\/p><p>Para os utilizadores que se registam no nosso website (se houver), tamb\u00e9m armazenamos as informa\u00e7\u00f5es pessoais que fornecem no seu perfil de utilizador. Todos os utilizadores podem ver, editar ou apagar as suas informa\u00e7\u00f5es pessoais em qualquer altura (excepto o seu nome de utilizador, que n\u00e3o podem alterar). Os administradores do website tamb\u00e9m podem visualizar e editar esta informa\u00e7\u00e3o.<\/p><h2 class=\"wp-block-heading\">Que direitos tem sobre os seus dados<\/h2><p>Se tiver uma conta neste site, ou se tiver deixado coment\u00e1rios, pode solicitar a recep\u00e7\u00e3o de um ficheiro exportado do site com os dados pessoais que temos sobre si, incluindo os dados que nos forneceu. Pode tamb\u00e9m solicitar que eliminemos todos os dados pessoais a seu respeito. Isto n\u00e3o inclui os dados que somos obrigados a conservar para fins administrativos, legais ou de seguran\u00e7a.<\/p><h2 class=\"wp-block-heading\">Para onde enviamos os seus dados<\/h2><p>Os coment\u00e1rios dos visitantes podem ser verificados atrav\u00e9s de um servi\u00e7o autom\u00e1tico de detec\u00e7\u00e3o de spam.<\/p><h2 class=\"wp-block-heading\">As suas informa\u00e7\u00f5es de contacto<\/h2><h2 class=\"wp-block-heading\">Informa\u00e7\u00e3o adicional<\/h2><h3 class=\"wp-block-heading\">Como protegemos os seus dados<\/h3><h3 class=\"wp-block-heading\">Que procedimentos temos em vigor para evitar a viola\u00e7\u00e3o de dados<\/h3><h3 class=\"wp-block-heading\">De que terceiros recebemos dados<\/h3><h3 class=\"wp-block-heading\">Que tomada de decis\u00e3o automatizada e\/ou perfilagem automatizada fazemos com os seus dados<\/h3><h3 class=\"wp-block-heading\">Requisitos de relat\u00f3rios regulamentares<\/h3>","protected":false},"excerpt":{"rendered":"<p>Chi siamo L&#8217;indirizzo del nostro sito web \u00e8: http:\/\/www.italix.net. Quali dati personali raccogliamo e perch\u00e9 li raccogliamo Commenti Quando i visitatori lasciano commenti sul sito, raccogliamo i dati mostrati nel modulo dei commenti oltre all&#8217;indirizzo IP del visitatore e la stringa dello user agent del browser per facilitare il rilevamento dello spam. Una stringa anonimizzata [&hellip;]<\/p>","protected":false},"author":1,"featured_media":0,"parent":0,"menu_order":0,"comment_status":"closed","ping_status":"open","template":"","meta":[],"acf":[],"_links":{"self":[{"href":"https:\/\/www.italix.net\/pt\/wp-json\/wp\/v2\/pages\/3"}],"collection":[{"href":"https:\/\/www.italix.net\/pt\/wp-json\/wp\/v2\/pages"}],"about":[{"href":"https:\/\/www.italix.net\/pt\/wp-json\/wp\/v2\/types\/page"}],"author":[{"embeddable":true,"href":"https:\/\/www.italix.net\/pt\/wp-json\/wp\/v2\/users\/1"}],"replies":[{"embeddable":true,"href":"https:\/\/www.italix.net\/pt\/wp-json\/wp\/v2\/comments?post=3"}],"version-history":[{"count":1,"href":"https:\/\/www.italix.net\/pt\/wp-json\/wp\/v2\/pages\/3\/revisions"}],"predecessor-version":[{"id":955,"href":"https:\/\/www.italix.net\/pt\/wp-json\/wp\/v2\/pages\/3\/revisions\/955"}],"wp:attachment":[{"href":"https:\/\/www.italix.net\/pt\/wp-json\/wp\/v2\/media?parent=3"}],"curies":[{"name":"wp","href":"https:\/\/api.w.org\/{rel}","templated":true}]}}