{"id":937,"date":"2020-01-29T16:04:23","date_gmt":"2020-01-29T15:04:23","guid":{"rendered":"https:\/\/www.italix.net\/?page_id=937"},"modified":"2020-01-29T16:17:43","modified_gmt":"2020-01-29T15:17:43","slug":"cookie-policy","status":"publish","type":"page","link":"https:\/\/www.italix.net\/pl\/cookie-policy\/","title":{"rendered":"Polityka dotycz\u0105ca plik\u00f3w cookies"},"content":{"rendered":"<div class=\"ix-legal-page container-fluid\" style=\"text-align: justify;\">\n<p>Nasza Polityka dotycz\u0105ca plik\u00f3w cookies ma na celu opisanie rodzaj\u00f3w plik\u00f3w cookies wykorzystywanych przez stron\u0119 internetow\u0105 italix.net (zwan\u0105 dalej \"<strong>Strona internetowa<\/strong>\"), cele instalowanych plik\u00f3w cookies oraz sposoby, w jakie u\u017cytkownik mo\u017ce wybra\u0107 lub odznaczy\u0107 pliki cookies na Stronie i korzysta\u0107 z oferowanych us\u0142ug.<\/p>\n<p>U\u017cywamy plik\u00f3w cookies, aby u\u0142atwi\u0107 i uczyni\u0107 bardziej intuicyjnym korzystanie z naszej Strony. Dane zebrane za pomoc\u0105 plik\u00f3w cookies s\u0105 wykorzystywane, aby w przysz\u0142o\u015bci uprzyjemni\u0107 i usprawni\u0107 przegl\u0105danie stron internetowych.<\/p>\n<h3><strong>1. CZYM S\u0104 CIASTECZKA<\/strong><\/h3>\n<p>Pliki cookies, zgodnie z definicj\u0105 Urz\u0119du Gwaranta, to niewielkie ci\u0105gi tekstowe, kt\u00f3re odwiedzane przez u\u017cytkownika aplikacje wysy\u0142aj\u0105 do jego terminala (najcz\u0119\u015bciej do przegl\u0105darki), gdzie s\u0105 przechowywane w celu ponownego przes\u0142ania do tych samych aplikacji przy nast\u0119pnej wizycie tego samego u\u017cytkownika.<\/p>\n<p>Termin cookie odnosi si\u0119 zar\u00f3wno do plik\u00f3w cookie, w\u0142a\u015bciwie tak nazywanych, jak i do wszystkich podobnych technologii.<\/p>\n<p>Pliki cookie s\u0105 wykorzystywane do szybszego dost\u0119pu do us\u0142ug online oraz do poprawy nawigacji u\u017cytkownika poprzez \u015bledzenie sesji, przechowywanie informacji o u\u017cytkowniku, szybsze \u0142adowanie tre\u015bci itp.<\/p>\n<h3><strong>2. RODZAJE PLIK\u00d3W COOKIE<\/strong><\/h3>\n<p>Ciasteczka mog\u0105 by\u0107:<\/p>\n<p><strong>Pliki cookie pierwszej strony:&nbsp;<\/strong>to pliki cookie b\u0119d\u0105ce w\u0142asno\u015bci\u0105 w\u0142a\u015bciciela witryny, wykorzystywane przez niego w celu umo\u017cliwienia u\u017cytkownikowi sprawniejszej nawigacji i\/lub monitorowania dzia\u0142a\u0144 u\u017cytkownika;<\/p>\n<p><strong>Pliki cookies stron trzecich:&nbsp;<\/strong>to pliki cookie ustawione przez stron\u0119 inn\u0105 ni\u017c ta, kt\u00f3r\u0105 aktualnie odwiedzasz, aby umo\u017cliwi\u0107 Ci sprawniejsz\u0105 nawigacj\u0119 i\/lub monitorowanie Twoich dzia\u0142a\u0144.<\/p>\n<p>Ponadto wyr\u00f3\u017cnia si\u0119 r\u00f3\u017cne rodzaje plik\u00f3w cookies:<\/p>\n<ul>\n    <li><strong>Techniczne pliki cookies:&nbsp;<\/strong>wykorzystywane wy\u0142\u0105cznie w celu \"przeprowadzenia transmisji komunikatu za po\u015brednictwem sieci \u0142\u0105czno\u015bci elektronicznej lub w zakresie \u015bci\u015ble niezb\u0119dnym dla dostawcy us\u0142ugi spo\u0142ecze\u0144stwa informacyjnego, wyra\u017anie za\u017c\u0105danym przez abonenta lub u\u017cytkownika, do \u015bwiadczenia takiej us\u0142ugi\" (art. 122 ust. 1 Kodeksu prywatno\u015bci). Techniczne pliki cookies obejmuj\u0105:<\/li>\n    <ul>\n        <li><strong>Sesyjne lub nawigacyjne pliki cookie:&nbsp;<\/strong>s\u0142u\u017c\u0105 do \u015bledzenia aktywno\u015bci u\u017cytkownika w sieci. Zapewniaj\u0105 one normaln\u0105 nawigacj\u0119 i korzystanie z Witryny, umo\u017cliwiaj\u0105c na przyk\u0142ad szybsze przegl\u0105danie, dokonywanie zakup\u00f3w lub uwierzytelnianie w celu uzyskania dost\u0119pu do zastrze\u017conych obszar\u00f3w, i s\u0105 w rzeczywisto\u015bci niezb\u0119dne do jej prawid\u0142owego funkcjonowania.<\/li>\n        <li><strong>Pliki cookies dotycz\u0105ce funkcjonalno\u015bci:&nbsp;<\/strong>umo\u017cliwi\u0107 u\u017cytkownikowi nawigacj\u0119 wed\u0142ug zestawu wybranych kryteri\u00f3w (np. j\u0119zyk, produkty wybrane do zakupu) w celu poprawy us\u0142ugi \u015bwiadczonej u\u017cytkownikowi.<\/li>\n        <li><strong>Analityczne pliki cookie pierwszej strony:&nbsp;<\/strong>zr\u00f3wnane z punktu widzenia przepis\u00f3w z technicznymi plikami cookie, je\u015bli s\u0105 wykorzystywane bezpo\u015brednio przez w\u0142a\u015bciciela Strony bez profilowania u\u017cytkownika, a jedynie w celu zbierania informacji, w formie zbiorczej i anonimowej, na temat liczby u\u017cytkownik\u00f3w i sposobu ich odwiedzania Strony w celach statystycznych oraz w celu poprawy dzia\u0142ania Strony.<\/li>\n        <li><strong>Analityczne pliki cookies stron trzecich:&nbsp;<\/strong>s\u0105 udost\u0119pniane przez podmioty trzecie i s\u0105 uto\u017csamiane z technicznymi plikami cookies, je\u017celi podmioty trzecie nie prowadz\u0105 profilowania u\u017cytkownik\u00f3w poprzez zastosowanie narz\u0119dzi odpowiednich do zmniejszenia mocy identyfikacyjnej plik\u00f3w cookies (np. poprzez maskowanie znacznych cz\u0119\u015bci adresu IP) oraz bez krzy\u017cowania zebranych informacji z innymi, kt\u00f3re ju\u017c posiadaj\u0105.<\/li>\n    <\/ul>\n<\/ul>\n<ul>\n    <li>W przypadku technicznych plik\u00f3w cookies wymagana jest jedynie polityka cookies bez konieczno\u015bci uzyskania zgody (art. 13 Kodeksu prywatno\u015bci).<\/li>\n    <ul>\n        <li><strong>Profiluj\u0105ce pliki cookies:&nbsp;<\/strong>s\u0142u\u017c\u0105 do monitorowania przegl\u0105dania stron internetowych przez u\u017cytkownika i tworzenia profilu jego nawyk\u00f3w:<\/li>\n        <li><strong>Pliki cookie profiluj\u0105ce pierwszej strony:&nbsp;<\/strong>instalowane przez w\u0142a\u015bciciela Serwisu w celu tworzenia profili u\u017cytkownika, aby wysy\u0142a\u0107 komunikaty reklamowe zgodne z preferencjami wyra\u017conymi podczas surfowania w sieci. Bior\u0105c pod uwag\u0119 ich szczeg\u00f3ln\u0105 inwazyjno\u015b\u0107 w sfer\u0119 prywatn\u0105 u\u017cytkownik\u00f3w, prawo europejskie i w\u0142oskie wymaga, aby u\u017cytkownicy byli odpowiednio poinformowani o ich wykorzystaniu, aby wyrazili zgod\u0119 i powiadomili Gwaranta Prywatno\u015bci.<\/li>\n        <li><strong>Pliki cookies profiluj\u0105ce podmiot\u00f3w trzecich:&nbsp;<\/strong>wykorzystywane przez osoby trzecie, kt\u00f3re uzyskuj\u0105 dost\u0119p do informacji w postaci zwyk\u0142ego tekstu, tj. nie w trybie anonimowym i zbiorczym, i por\u00f3wnuj\u0105 je z innymi danymi, kt\u00f3re ju\u017c posiadaj\u0105. Strona nie ma bezpo\u015bredniej kontroli nad poszczeg\u00f3lnymi plikami cookies os\u00f3b trzecich i nie mo\u017ce ich bezpo\u015brednio zainstalowa\u0107 lub usun\u0105\u0107. U\u017cytkownik jest zatem proszony o sprawdzenie odpowiedniej polityki dotycz\u0105cej plik\u00f3w cookie na stronie osoby trzeciej.<\/li>\n    <\/ul>\n<\/ul>\n<p>W przypadku takich plik\u00f3w cookies przepisy wymagaj\u0105, aby u\u017cytkownik zosta\u0142 odpowiednio poinformowany o stosowaniu plik\u00f3w cookies, aby wyrazi\u0142 na to zgod\u0119 oraz aby Gwarant Prywatno\u015bci zosta\u0142 powiadomiony przez stron\u0119 wykorzystuj\u0105c\u0105 dane.<\/p>\n<h3><strong>3. ZAINSTALOWANE CIASTECZKA<\/strong><\/h3>\n<p>Pliki cookies na tej Stronie to:<\/p>\n<ul>\n    <li>techniczne pliki cookies niezb\u0119dne do funkcjonowania strony;<\/li>\n    <li>pliki cookies podmiot\u00f3w trzecich, kt\u00f3re mog\u0105 prowadzi\u0107 dzia\u0142ania zwi\u0105zane z profilowaniem u\u017cytkownik\u00f3w nawet bez wiedzy Kontrolera. W celu uzyskania dalszych informacji zalecamy dok\u0142adne zapoznanie si\u0119 z polityk\u0105 prywatno\u015bci poszczeg\u00f3lnych us\u0142ug wymienionych poni\u017cej.<\/li>\n<\/ul>\n<p>Poni\u017cej znajduje si\u0119 lista plik\u00f3w cookie stron trzecich obecnych na tej Stronie:<\/p>\n<ul>\n    <li><strong>Google Analytics z anonimowym IP<\/strong><br \/> Google Analytics instaluje pliki cookie, aby mierzy\u0107 wizyty na Stronie i wszelkie zakupy dokonywane w celach analitycznych. Adres IP u\u017cytkownik\u00f3w zostanie zanonimizowany.<br \/> Wi\u0119cej informacji oraz mo\u017cliwo\u015b\u0107 dezaktywacji plik\u00f3w cookies mo\u017cna znale\u017a\u0107 na stronie: https:\/\/www.google.com\/intl\/it\/policies\/privacy\/.<\/li>\n<\/ul>\n<p>W odniesieniu do plik\u00f3w cookies podmiot\u00f3w trzecich, mog\u0105 one wykonywa\u0107 czynno\u015bci zwi\u0105zane z profilowaniem u\u017cytkownik\u00f3w nawet bez wiedzy Administratora. Aby uzyska\u0107 wi\u0119cej informacji, zalecamy dok\u0142adne zapoznanie si\u0119 z polityk\u0105 prywatno\u015bci wymienionych us\u0142ug.<\/p>\n<h3><strong>4. CZAS TRWANIA CIASTECZKA<\/strong><\/h3>\n<p>Pliki cookie maj\u0105 czas \u017cycia podyktowany dat\u0105 wyga\u015bni\u0119cia lub okre\u015blonym dzia\u0142aniem, takim jak zamkni\u0119cie przegl\u0105darki, ustawionym w momencie instalacji. Ciasteczka mog\u0105 by\u0107:<\/p>\n<ul>\n    <li><strong>czasowy lub sesyjny<\/strong>S\u0142u\u017c\u0105 one do przechowywania tymczasowych informacji, pozwalaj\u0105 na powi\u0105zanie dzia\u0142a\u0144 wykonywanych podczas danej sesji i s\u0105 usuwane z komputera po zamkni\u0119ciu przegl\u0105darki;<\/li>\n    <li><strong>uporczywy<\/strong>s\u0142u\u017c\u0105 do przechowywania informacji, takich jak nazwa u\u017cytkownika i has\u0142o, dzi\u0119ki czemu u\u017cytkownik nie musi ich wpisywa\u0107 ponownie przy ka\u017cdej wizycie na danej stronie. Pozostaj\u0105 one zapisane na komputerze nawet po zamkni\u0119ciu przegl\u0105darki.<\/li>\n<\/ul>\n<h3><strong>5. MANIFESTACJA ZGODY<\/strong><\/h3>\n<p>W przypadku plik\u00f3w cookie wymagaj\u0105cych zgody, przy pierwszej wizycie na Stronie automatycznie pojawi si\u0119 baner, zawieraj\u0105cy zar\u00f3wno link do niniejszej pe\u0142nej informacji, jak i pro\u015bb\u0119 o wyra\u017cenie zgody na wykorzystanie plik\u00f3w cookie.<\/p>\n<p>Zgoda mo\u017ce by\u0107 udzielona przez u\u017cytkownika poprzez klikni\u0119cie przycisku OK na banerze, przewini\u0119cie strony w d\u00f3\u0142 i\/lub uzyskanie dost\u0119pu do innych sekcji Witryny poprzez klikni\u0119cie link\u00f3w na stronie internetowej poni\u017cej samego banera (dzia\u0142anie nast\u0119pcze).<\/p>\n<h3><strong>6. JAK WY\u0141\u0104CZY\u0106 PLIKI COOKIE<\/strong><\/h3>\n<p>Mo\u017cesz zarz\u0105dza\u0107 preferencjami dotycz\u0105cymi plik\u00f3w cookie bezpo\u015brednio w swojej przegl\u0105darce i uniemo\u017cliwi\u0107 osobom trzecim instalowanie plik\u00f3w cookie. U\u017cytkownik mo\u017ce r\u00f3wnie\u017c skorzysta\u0107 z preferencji przegl\u0105darki, aby usun\u0105\u0107 pliki cookie, kt\u00f3re zosta\u0142y zainstalowane w przesz\u0142o\u015bci, w tym wszelkie pliki cookie, w kt\u00f3rych mog\u0142a zosta\u0107 zapisana zgoda na instalacj\u0119 plik\u00f3w cookie przez t\u0119 Witryn\u0119. Je\u015bli wy\u0142\u0105czysz wszystkie pliki cookie, dzia\u0142anie tej Strony mo\u017ce by\u0107 zak\u0142\u00f3cone.<\/p>\n<p>Informacje i mo\u017cliwo\u015b\u0107 skorzystania z prawa do sprzeciwu wobec \u015bledzenia plik\u00f3w cookies w przegl\u0105darce mo\u017cna znale\u017a\u0107 pod nast\u0119puj\u0105cymi adresami:<\/p>\n<ul>\n    <li>Internet Explorer: http:\/\/windows.microsoft.com\/it-IT\/internet-explorer\/delete-manage-cookies;<\/li>\n    <li>Google Chrome: https:\/\/support.google.com\/chrome\/answer\/95647?hl=it;<\/li>\n    <li>Mozilla Firefox: https:\/\/support.mozilla.org\/it\/kb\/Gestione%20dei%20cookie;<\/li>\n    <li>Opera: http:\/\/help.opera.com\/Windows\/10.00\/it\/cookies.html;<\/li>\n    <li>Apple Safari: https:\/\/support.apple.com\/kb\/PH19214?locale=it_IT.<\/li>\n<\/ul>\n<p>Pliki cookie mo\u017cna r\u00f3wnie\u017c usun\u0105\u0107, \u017c\u0105daj\u0105c opt-out bezpo\u015brednio od strony trzeciej lub za po\u015brednictwem strony http:\/\/www.youronlinechoices.com\/it, gdzie mo\u017cna zarz\u0105dza\u0107 preferencjami \u015bledzenia dla wi\u0119kszo\u015bci narz\u0119dzi reklamowych.<\/p>\n<h3><strong>7. PRAWA U\u017bYTKOWNIK\u00d3W<\/strong><\/h3>\n<p>U\u017cytkownik ma prawo w ka\u017cdej chwili skorzysta\u0107 z praw uznanych w art. 7 dekretu ustawodawczego 196\/2003. W szczeg\u00f3lno\u015bci mo\u017ce on m.in. uzyska\u0107 kopi\u0119 przetwarzanych danych, ich aktualizacj\u0119, pochodzenie, cel i spos\u00f3b przetwarzania, ich sprostowanie lub scalenie, usuni\u0119cie, przekszta\u0142cenie w form\u0119 anonimow\u0105 lub zablokowanie do przetwarzania z naruszeniem prawa, a tak\u017ce mo\u017ce sprzeciwi\u0107 si\u0119 ich przetwarzaniu z uzasadnionych przyczyn.<\/p>\n<p>Aby skorzysta\u0107 z tych praw, nale\u017cy napisa\u0107 do Administratora danych Italix Sas di Andrea Sivieri e Soci, z siedzib\u0105 w via Divisione Folgore 5\/B - 36100 Vicenza (VI), nr VAT \/ nr C.F. 04311980280, adres e-mail info@italix.net.<\/p>\n<p>&nbsp;<\/p>\n<p>Dalsze informacje na temat przetwarzania danych mo\u017cna znale\u017a\u0107 pod nast\u0119puj\u0105cym linkiem https:\/\/www.italix.net\/privacy-policy\/.<\/p>\n<\/div>","protected":false},"excerpt":{"rendered":"<p>La nostra Cookie Policy ha l&rsquo;intento di descrivere le tipologie di cookie utilizzati dal sito web italix.net (di seguito &ldquo;Sito&rdquo;), le finalit&agrave; dei cookie installati e le modalit&agrave; con cui l&rsquo;utente pu&ograve; selezionare o deselezionare i cookie presenti sul Sito e che fruiscono dei servizi proposti. Utilizziamo i cookie per rendere il nostro Sito pi&ugrave; [&hellip;]<\/p>","protected":false},"author":1,"featured_media":0,"parent":0,"menu_order":0,"comment_status":"closed","ping_status":"closed","template":"","meta":[],"acf":[],"_links":{"self":[{"href":"https:\/\/www.italix.net\/pl\/wp-json\/wp\/v2\/pages\/937"}],"collection":[{"href":"https:\/\/www.italix.net\/pl\/wp-json\/wp\/v2\/pages"}],"about":[{"href":"https:\/\/www.italix.net\/pl\/wp-json\/wp\/v2\/types\/page"}],"author":[{"embeddable":true,"href":"https:\/\/www.italix.net\/pl\/wp-json\/wp\/v2\/users\/1"}],"replies":[{"embeddable":true,"href":"https:\/\/www.italix.net\/pl\/wp-json\/wp\/v2\/comments?post=937"}],"version-history":[{"count":4,"href":"https:\/\/www.italix.net\/pl\/wp-json\/wp\/v2\/pages\/937\/revisions"}],"predecessor-version":[{"id":945,"href":"https:\/\/www.italix.net\/pl\/wp-json\/wp\/v2\/pages\/937\/revisions\/945"}],"wp:attachment":[{"href":"https:\/\/www.italix.net\/pl\/wp-json\/wp\/v2\/media?parent=937"}],"curies":[{"name":"wp","href":"https:\/\/api.w.org\/{rel}","templated":true}]}}