{"id":3,"date":"2018-12-25T22:54:13","date_gmt":"2018-12-25T21:54:13","guid":{"rendered":"http:\/\/www.italix.net\/?page_id=3"},"modified":"2020-01-29T17:01:03","modified_gmt":"2020-01-29T16:01:03","slug":"privacy-policy-bozza","status":"publish","type":"page","link":"https:\/\/www.italix.net\/pl\/prywatnosc-polityka-bozza\/","title":{"rendered":"Polityka prywatno\u015bci"},"content":{"rendered":"<h2 class=\"wp-block-heading\">O nas<\/h2><p>L&#8217;indirizzo del nostro sito web \u00e8: http:\/\/www.italix.net.<\/p><h2 class=\"wp-block-heading\">Jakie dane osobowe zbieramy i dlaczego je zbieramy<\/h2><h3 class=\"wp-block-heading\">Uwagi<\/h3><p>Kiedy odwiedzaj\u0105cy pozostawiaj\u0105 komentarze na stronie, zbieramy dane podane w formularzu komentarza opr\u00f3cz adresu IP odwiedzaj\u0105cego i \u0142a\u0144cucha agenta u\u017cytkownika przegl\u0105darki, aby u\u0142atwi\u0107 wykrywanie spamu.<\/p><p>Zanonimizowany ci\u0105g utworzony z Twojego adresu e-mail (inaczej zwany hashem) mo\u017ce by\u0107 dostarczony do us\u0142ugi Gravatar, aby sprawdzi\u0107, czy z niej korzystasz. Polityka prywatno\u015bci serwisu Gravatar dost\u0119pna jest tutaj: https:\/\/automattic.com\/privacy\/. Po zatwierdzeniu komentarza, Twoje zdj\u0119cie profilowe jest publicznie widoczne w kontek\u015bcie Twojego komentarza.<\/p><h3 class=\"wp-block-heading\">Media<\/h3><p>W przypadku przesy\u0142ania zdj\u0119\u0107 na stron\u0119 internetow\u0105 nale\u017cy unika\u0107 przesy\u0142ania zdj\u0119\u0107, kt\u00f3re zawieraj\u0105 osadzone dane o lokalizacji (EXIF GPS). Osoby odwiedzaj\u0105ce stron\u0119 internetow\u0105 mog\u0105 pobra\u0107 i wyodr\u0119bni\u0107 dowolne dane dotycz\u0105ce lokalizacji z obraz\u00f3w znajduj\u0105cych si\u0119 na stronie.<\/p><h3 class=\"wp-block-heading\">Formularz kontaktowy<\/h3><h3 class=\"wp-block-heading\">Cookies<\/h3><p>Je\u015bli zostawiasz komentarz na naszej stronie, mo\u017cesz wybra\u0107, aby zapisa\u0107 swoje imi\u0119, adres e-mail i stron\u0119 internetow\u0105 w plikach cookie. S\u0105 one u\u017cywane dla Twojej wygody, aby\u015b nie musia\u0142 ponownie wpisywa\u0107 swoich danych, gdy zostawiasz kolejny komentarz. Te ciasteczka wystarcz\u0105 na jeden rok.<\/p><p>Je\u015bli masz konto i wchodzisz na t\u0119 stron\u0119, zostanie ustawiony tymczasowy plik cookie, aby okre\u015bli\u0107, czy Twoja przegl\u0105darka akceptuje pliki cookie. Ten plik cookie nie zawiera \u017cadnych danych osobowych i jest usuwany po zamkni\u0119ciu przegl\u0105darki.<\/p><p>Po zalogowaniu si\u0119, kilka plik\u00f3w cookie zostanie ustawionych w celu przechowywania informacji o logowaniu i opcji ekranu. Pliki cookie logowania utrzymuj\u0105 si\u0119 przez dwa dni, natomiast pliki cookie opcji ekranowych przez rok. Je\u015bli wybierzesz opcj\u0119 \"Zapami\u0119taj mnie\", Tw\u00f3j login b\u0119dzie utrzymywa\u0142 si\u0119 przez dwa tygodnie. Je\u015bli wylogujesz si\u0119 ze swojego konta, pliki cookie logowania zostan\u0105 usuni\u0119te.<\/p><p>Je\u015bli edytujesz lub publikujesz artyku\u0142, dodatkowy plik cookie zostanie zapisany w Twojej przegl\u0105darce. Ten plik cookie nie zawiera \u017cadnych danych osobowych, a jedynie wskazuje ID artyku\u0142u, kt\u00f3ry w\u0142a\u015bnie edytowa\u0142e\u015b. Wygasa on po 1 dniu.<\/p><h3 class=\"wp-block-heading\">Osadzone tre\u015bci z innych stron internetowych<\/h3><p>Artyku\u0142y na tej stronie mog\u0105 zawiera\u0107 osadzone tre\u015bci (np. filmy, obrazy, artyku\u0142y itp.). Osadzone tre\u015bci z innych stron internetowych zachowuj\u0105 si\u0119 dok\u0142adnie tak samo, jak gdyby odwiedzaj\u0105cy odwiedzi\u0142 inn\u0105 stron\u0119.<\/p><p>Te strony internetowe mog\u0105 zbiera\u0107 dane o Tobie, u\u017cywa\u0107 plik\u00f3w cookie, integrowa\u0107 dodatkowe \u015bledzenie przez strony trzecie i monitorowa\u0107 Twoj\u0105 interakcj\u0119 z nimi, w tym \u015bledzi\u0107 Twoj\u0105 interakcj\u0119 z wbudowan\u0105 zawarto\u015bci\u0105, je\u015bli masz konto i jeste\u015b zalogowany na tych stronach.<\/p><h3 class=\"wp-block-heading\">Analytics<\/h3><h2 class=\"wp-block-heading\">Komu udost\u0119pniamy Twoje dane<\/h2><h2 class=\"wp-block-heading\">Jak d\u0142ugo przechowujemy Twoje dane<\/h2><p>Je\u015bli zostawisz komentarz, komentarz i jego metadane s\u0105 przechowywane bezterminowo. W ten spos\u00f3b mo\u017cemy automatycznie rozpoznawa\u0107 i zatwierdza\u0107 kolejne komentarze, zamiast trzyma\u0107 je w kolejce do moderacji.<\/p><p>W przypadku u\u017cytkownik\u00f3w, kt\u00f3rzy zarejestruj\u0105 si\u0119 na naszej stronie internetowej (je\u015bli takowa istnieje), przechowujemy r\u00f3wnie\u017c podane przez nich dane osobowe w ich profilu u\u017cytkownika. Wszyscy u\u017cytkownicy mog\u0105 w ka\u017cdej chwili zobaczy\u0107, edytowa\u0107 lub usun\u0105\u0107 swoje dane osobowe (z wyj\u0105tkiem nazwy u\u017cytkownika, kt\u00f3rej nie mog\u0105 zmieni\u0107). Administratorzy strony mog\u0105 r\u00f3wnie\u017c przegl\u0105da\u0107 i edytowa\u0107 te informacje.<\/p><h2 class=\"wp-block-heading\">Jakie masz prawa w stosunku do swoich danych<\/h2><p>Je\u015bli masz konto na tej stronie lub zostawi\u0142e\u015b komentarze, mo\u017cesz poprosi\u0107 o otrzymanie wyeksportowanego pliku ze strony z danymi osobowymi, kt\u00f3re posiadamy na Tw\u00f3j temat, w tym danymi, kt\u00f3re nam przekaza\u0142e\u015b. Mo\u017cesz r\u00f3wnie\u017c za\u017c\u0105da\u0107, aby\u015bmy usun\u0119li wszystkie dane osobowe na Tw\u00f3j temat. Nie obejmuje to danych, kt\u00f3re jeste\u015bmy zobowi\u0105zani przechowywa\u0107 dla cel\u00f3w administracyjnych, prawnych lub bezpiecze\u0144stwa.<\/p><h2 class=\"wp-block-heading\">Gdzie wysy\u0142amy Twoje dane<\/h2><p>Komentarze odwiedzaj\u0105cych mog\u0105 by\u0107 sprawdzane przez automatyczn\u0105 us\u0142ug\u0119 wykrywania spamu.<\/p><h2 class=\"wp-block-heading\">Twoje dane kontaktowe<\/h2><h2 class=\"wp-block-heading\">Informacje dodatkowe<\/h2><h3 class=\"wp-block-heading\">Jak chronimy Twoje dane<\/h3><h3 class=\"wp-block-heading\">Jakie procedury stosujemy w celu zapobiegania naruszeniom danych<\/h3><h3 class=\"wp-block-heading\">Od jakich os\u00f3b trzecich otrzymujemy dane<\/h3><h3 class=\"wp-block-heading\">Jakie zautomatyzowane podejmowanie decyzji i\/lub profilowanie przeprowadzamy na Pa\u0144stwa danych<\/h3><h3 class=\"wp-block-heading\">Wymagania dotycz\u0105ce sprawozdawczo\u015bci regulacyjnej<\/h3>","protected":false},"excerpt":{"rendered":"<p>Chi siamo L&#8217;indirizzo del nostro sito web \u00e8: http:\/\/www.italix.net. Quali dati personali raccogliamo e perch\u00e9 li raccogliamo Commenti Quando i visitatori lasciano commenti sul sito, raccogliamo i dati mostrati nel modulo dei commenti oltre all&#8217;indirizzo IP del visitatore e la stringa dello user agent del browser per facilitare il rilevamento dello spam. Una stringa anonimizzata [&hellip;]<\/p>","protected":false},"author":1,"featured_media":0,"parent":0,"menu_order":0,"comment_status":"closed","ping_status":"open","template":"","meta":[],"acf":[],"_links":{"self":[{"href":"https:\/\/www.italix.net\/pl\/wp-json\/wp\/v2\/pages\/3"}],"collection":[{"href":"https:\/\/www.italix.net\/pl\/wp-json\/wp\/v2\/pages"}],"about":[{"href":"https:\/\/www.italix.net\/pl\/wp-json\/wp\/v2\/types\/page"}],"author":[{"embeddable":true,"href":"https:\/\/www.italix.net\/pl\/wp-json\/wp\/v2\/users\/1"}],"replies":[{"embeddable":true,"href":"https:\/\/www.italix.net\/pl\/wp-json\/wp\/v2\/comments?post=3"}],"version-history":[{"count":1,"href":"https:\/\/www.italix.net\/pl\/wp-json\/wp\/v2\/pages\/3\/revisions"}],"predecessor-version":[{"id":955,"href":"https:\/\/www.italix.net\/pl\/wp-json\/wp\/v2\/pages\/3\/revisions\/955"}],"wp:attachment":[{"href":"https:\/\/www.italix.net\/pl\/wp-json\/wp\/v2\/media?parent=3"}],"curies":[{"name":"wp","href":"https:\/\/api.w.org\/{rel}","templated":true}]}}