{"id":240,"date":"2019-02-08T17:12:33","date_gmt":"2019-02-08T16:12:33","guid":{"rendered":"http:\/\/www.italix.net\/?page_id=240"},"modified":"2019-03-09T23:36:04","modified_gmt":"2019-03-09T22:36:04","slug":"e-commerce","status":"publish","type":"page","link":"https:\/\/www.italix.net\/pl\/servizi\/e-commerce\/","title":{"rendered":"Handel elektroniczny"},"content":{"rendered":"<p>Jeden z naszych pierwszych projekt\u00f3w e-commerce, obejmuj\u0105cy ponad 1 milion produkt\u00f3w online, ju\u017c po pierwszych 3 latach dzia\u0142alno\u015bci zbiera\u0142 kilkaset zam\u00f3wie\u0144 dziennie. Nasze do\u015bwiadczenie pozwala nam by\u0107 przewodnikiem w handlu online. Co mo\u017cemy dla Ciebie zrobi\u0107?<\/p>\n\n\n<style>#kt-layout-id_34aff8-cd > .kt-row-column-wrap{align-content:start;}:where(#kt-layout-id_34aff8-cd > .kt-row-column-wrap) > .wp-block-kadence-column{justify-content:start;}#kt-layout-id_34aff8-cd > .kt-row-column-wrap{column-gap:var(--global-kb-gap-md, 2rem);row-gap:var(--global-kb-gap-md, 2rem);padding-top:25px;padding-bottom:25px;padding-top:var(--global-kb-spacing-sm, 1.5rem);padding-bottom:var(--global-kb-spacing-sm, 1.5rem);grid-template-columns:repeat(2, minmax(0, 1fr));}#kt-layout-id_34aff8-cd > .kt-row-layout-overlay{opacity:0.30;}@media all and (max-width: 1024px){#kt-layout-id_34aff8-cd > .kt-row-column-wrap{grid-template-columns:repeat(2, minmax(0, 1fr));}}@media all and (max-width: 767px){#kt-layout-id_34aff8-cd > .kt-row-column-wrap{grid-template-columns:minmax(0, 1fr);}}<\/style>\n<div class=\"wp-block-kadence-rowlayout alignnone\"><div id=\"kt-layout-id_34aff8-cd\" class=\"kt-row-layout-inner  kt-layout-id_34aff8-cd\"><div class=\"kt-row-column-wrap kt-has-2-columns kt-gutter-default kt-v-gutter-default kt-row-valign-top kt-row-layout-equal kt-tab-layout-inherit kt-m-colapse-left-to-right kt-mobile-layout-row\"><style>.kadence-column_9a7d36-e4 > .kt-inside-inner-col{border-top-width:0px;border-right-width:0px;border-bottom-width:0px;border-left-width:0px;}.kadence-column_9a7d36-e4 > .kt-inside-inner-col,.kadence-column_9a7d36-e4 > .kt-inside-inner-col:before{border-top-left-radius:0px;border-top-right-radius:0px;border-bottom-right-radius:0px;border-bottom-left-radius:0px;}.kadence-column_9a7d36-e4 > .kt-inside-inner-col:before{opacity:0.3;}.kadence-column_9a7d36-e4{position:relative;}<\/style>\n<div class=\"wp-block-kadence-column inner-column-1 kadence-column_9a7d36-e4\"><div class=\"kt-inside-inner-col\"><style>#kt-layout-id_911f9b-e9 > .kt-row-column-wrap{align-content:start;}:where(#kt-layout-id_911f9b-e9 > .kt-row-column-wrap) > .wp-block-kadence-column{justify-content:start;}#kt-layout-id_911f9b-e9 > .kt-row-column-wrap{column-gap:var(--global-kb-gap-md, 2rem);row-gap:var(--global-kb-gap-md, 2rem);padding-top:25px;padding-bottom:25px;padding-top:var(--global-kb-spacing-sm, 1.5rem);padding-bottom:var(--global-kb-spacing-sm, 1.5rem);grid-template-columns:repeat(2, minmax(0, 1fr));}#kt-layout-id_911f9b-e9 > .kt-row-layout-overlay{opacity:0.30;}@media all and (max-width: 1024px){#kt-layout-id_911f9b-e9 > .kt-row-column-wrap{grid-template-columns:repeat(2, minmax(0, 1fr));}}@media all and (max-width: 767px){#kt-layout-id_911f9b-e9 > .kt-row-column-wrap{grid-template-columns:minmax(0, 1fr);}}<\/style>\n<div class=\"wp-block-kadence-rowlayout alignnone\"><div id=\"kt-layout-id_911f9b-e9\" class=\"kt-row-layout-inner  kt-layout-id_911f9b-e9\"><div class=\"kt-row-column-wrap kt-has-2-columns kt-gutter-default kt-v-gutter-default kt-row-valign-top kt-row-layout-equal kt-tab-layout-inherit kt-m-colapse-left-to-right kt-mobile-layout-row\"><style>.kadence-column_a2c0de-07 > .kt-inside-inner-col{border-top-width:0px;border-right-width:0px;border-bottom-width:0px;border-left-width:0px;}.kadence-column_a2c0de-07 > .kt-inside-inner-col,.kadence-column_a2c0de-07 > .kt-inside-inner-col:before{border-top-left-radius:0px;border-top-right-radius:0px;border-bottom-right-radius:0px;border-bottom-left-radius:0px;}.kadence-column_a2c0de-07 > .kt-inside-inner-col:before{opacity:0.3;}.kadence-column_a2c0de-07{position:relative;}<\/style>\n<div class=\"wp-block-kadence-column inner-column-1 kadence-column_a2c0de-07\"><div class=\"kt-inside-inner-col\">\n<figure class=\"wp-block-image\"><img decoding=\"async\" loading=\"lazy\" width=\"800\" height=\"800\" src=\"http:\/\/www.italix.net\/wp-content\/uploads\/2019\/02\/piattaforma-photo-800.jpg\" alt=\"\" class=\"wp-image-164\" srcset=\"https:\/\/www.italix.net\/wp-content\/uploads\/2019\/02\/piattaforma-photo-800.jpg 800w, https:\/\/www.italix.net\/wp-content\/uploads\/2019\/02\/piattaforma-photo-800-150x150.jpg 150w, https:\/\/www.italix.net\/wp-content\/uploads\/2019\/02\/piattaforma-photo-800-300x300.jpg 300w, https:\/\/www.italix.net\/wp-content\/uploads\/2019\/02\/piattaforma-photo-800-768x768.jpg 768w, https:\/\/www.italix.net\/wp-content\/uploads\/2019\/02\/piattaforma-photo-800-600x600.jpg 600w\" sizes=\"(max-width: 800px) 100vw, 800px\" \/><\/figure>\n<\/div><\/div>\n\n\n<style>.kadence-column_913705-64 > .kt-inside-inner-col{border-top-width:0px;border-right-width:0px;border-bottom-width:0px;border-left-width:0px;}.kadence-column_913705-64 > .kt-inside-inner-col,.kadence-column_913705-64 > .kt-inside-inner-col:before{border-top-left-radius:0px;border-top-right-radius:0px;border-bottom-right-radius:0px;border-bottom-left-radius:0px;}.kadence-column_913705-64 > .kt-inside-inner-col:before{opacity:0.3;}.kadence-column_913705-64{position:relative;}<\/style>\n<div class=\"wp-block-kadence-column inner-column-2 kadence-column_913705-64\"><div class=\"kt-inside-inner-col\"><style>.wp-block-kadence-advancedheading.kt-adv-heading_448ed0-90, .wp-block-kadence-advancedheading.kt-adv-heading_448ed0-90[data-kb-block=\"kb-adv-heading_448ed0-90\"]{font-style:normal;}.wp-block-kadence-advancedheading.kt-adv-heading_448ed0-90 mark, .wp-block-kadence-advancedheading.kt-adv-heading_448ed0-90[data-kb-block=\"kb-adv-heading_448ed0-90\"] mark{font-style:normal;color:#f76a0c;padding-top:0px;padding-right:0px;padding-bottom:0px;padding-left:0px;}<\/style>\n<h2 id=\"kt-adv-heading_448ed0-90\" class=\"kt-adv-heading_448ed0-90 wp-block-kadence-advancedheading\">Platforma<\/h2>\n\n\n\n<p>Pomagamy wybra\u0107 platform\u0119, kt\u00f3ra jest dostosowana do wielko\u015bci katalogu, potrzeb i dost\u0119pnego bud\u017cetu.<\/p>\n<\/div><\/div>\n<\/div><\/div><\/div>\n<\/div><\/div>\n\n\n<style>.kadence-column_40273f-e1 > .kt-inside-inner-col{border-top-width:0px;border-right-width:0px;border-bottom-width:0px;border-left-width:0px;}.kadence-column_40273f-e1 > .kt-inside-inner-col,.kadence-column_40273f-e1 > .kt-inside-inner-col:before{border-top-left-radius:0px;border-top-right-radius:0px;border-bottom-right-radius:0px;border-bottom-left-radius:0px;}.kadence-column_40273f-e1 > .kt-inside-inner-col:before{opacity:0.3;}.kadence-column_40273f-e1{position:relative;}<\/style>\n<div class=\"wp-block-kadence-column inner-column-2 kadence-column_40273f-e1\"><div class=\"kt-inside-inner-col\"><style>#kt-layout-id_5478d9-a4 > .kt-row-column-wrap{align-content:start;}:where(#kt-layout-id_5478d9-a4 > .kt-row-column-wrap) > .wp-block-kadence-column{justify-content:start;}#kt-layout-id_5478d9-a4 > .kt-row-column-wrap{column-gap:var(--global-kb-gap-md, 2rem);row-gap:var(--global-kb-gap-md, 2rem);padding-top:25px;padding-bottom:25px;padding-top:var(--global-kb-spacing-sm, 1.5rem);padding-bottom:var(--global-kb-spacing-sm, 1.5rem);grid-template-columns:repeat(2, minmax(0, 1fr));}#kt-layout-id_5478d9-a4 > .kt-row-layout-overlay{opacity:0.30;}@media all and (max-width: 1024px){#kt-layout-id_5478d9-a4 > .kt-row-column-wrap{grid-template-columns:repeat(2, minmax(0, 1fr));}}@media all and (max-width: 767px){#kt-layout-id_5478d9-a4 > .kt-row-column-wrap{grid-template-columns:minmax(0, 1fr);}}<\/style>\n<div class=\"wp-block-kadence-rowlayout alignnone\"><div id=\"kt-layout-id_5478d9-a4\" class=\"kt-row-layout-inner  kt-layout-id_5478d9-a4\"><div class=\"kt-row-column-wrap kt-has-2-columns kt-gutter-default kt-v-gutter-default kt-row-valign-top kt-row-layout-equal kt-tab-layout-inherit kt-m-colapse-left-to-right kt-mobile-layout-row\"><style>.kadence-column_4a97ae-50 > .kt-inside-inner-col{border-top-width:0px;border-right-width:0px;border-bottom-width:0px;border-left-width:0px;}.kadence-column_4a97ae-50 > .kt-inside-inner-col,.kadence-column_4a97ae-50 > .kt-inside-inner-col:before{border-top-left-radius:0px;border-top-right-radius:0px;border-bottom-right-radius:0px;border-bottom-left-radius:0px;}.kadence-column_4a97ae-50 > .kt-inside-inner-col:before{opacity:0.3;}.kadence-column_4a97ae-50{position:relative;}<\/style>\n<div class=\"wp-block-kadence-column inner-column-1 kadence-column_4a97ae-50\"><div class=\"kt-inside-inner-col\">\n<figure class=\"wp-block-image\"><img decoding=\"async\" loading=\"lazy\" width=\"1000\" height=\"1000\" src=\"http:\/\/www.italix.net\/wp-content\/uploads\/2019\/02\/progetto-sartoria6-1000.jpg\" alt=\"\" class=\"wp-image-165\" srcset=\"https:\/\/www.italix.net\/wp-content\/uploads\/2019\/02\/progetto-sartoria6-1000.jpg 1000w, https:\/\/www.italix.net\/wp-content\/uploads\/2019\/02\/progetto-sartoria6-1000-150x150.jpg 150w, https:\/\/www.italix.net\/wp-content\/uploads\/2019\/02\/progetto-sartoria6-1000-300x300.jpg 300w, https:\/\/www.italix.net\/wp-content\/uploads\/2019\/02\/progetto-sartoria6-1000-768x768.jpg 768w, https:\/\/www.italix.net\/wp-content\/uploads\/2019\/02\/progetto-sartoria6-1000-600x600.jpg 600w\" sizes=\"(max-width: 1000px) 100vw, 1000px\" \/><\/figure>\n<\/div><\/div>\n\n\n<style>.kadence-column_69e090-6f > .kt-inside-inner-col{border-top-width:0px;border-right-width:0px;border-bottom-width:0px;border-left-width:0px;}.kadence-column_69e090-6f > .kt-inside-inner-col,.kadence-column_69e090-6f > .kt-inside-inner-col:before{border-top-left-radius:0px;border-top-right-radius:0px;border-bottom-right-radius:0px;border-bottom-left-radius:0px;}.kadence-column_69e090-6f > .kt-inside-inner-col:before{opacity:0.3;}.kadence-column_69e090-6f{position:relative;}<\/style>\n<div class=\"wp-block-kadence-column inner-column-2 kadence-column_69e090-6f\"><div class=\"kt-inside-inner-col\"><style>.wp-block-kadence-advancedheading.kt-adv-heading_df363e-7d, .wp-block-kadence-advancedheading.kt-adv-heading_df363e-7d[data-kb-block=\"kb-adv-heading_df363e-7d\"]{font-style:normal;}.wp-block-kadence-advancedheading.kt-adv-heading_df363e-7d mark, .wp-block-kadence-advancedheading.kt-adv-heading_df363e-7d[data-kb-block=\"kb-adv-heading_df363e-7d\"] mark{font-style:normal;color:#f76a0c;padding-top:0px;padding-right:0px;padding-bottom:0px;padding-left:0px;}<\/style>\n<h2 id=\"kt-adv-heading_df363e-7d\" class=\"kt-adv-heading_df363e-7d wp-block-kadence-advancedheading\">Projekt<\/h2>\n\n\n\n<p>Projektujemy stron\u0119 wsp\u00f3lnie z u\u017cytkownikiem, aby jak najlepiej zaprezentowa\u0107 jego produkty i u\u0142atwi\u0107 mu zakupy.<\/p>\n<\/div><\/div>\n<\/div><\/div><\/div>\n<\/div><\/div>\n<\/div><\/div><\/div>\n\n\n<style>#kt-layout-id_8c8ef0-75 > .kt-row-column-wrap{align-content:start;}:where(#kt-layout-id_8c8ef0-75 > .kt-row-column-wrap) > .wp-block-kadence-column{justify-content:start;}#kt-layout-id_8c8ef0-75 > .kt-row-column-wrap{column-gap:var(--global-kb-gap-md, 2rem);row-gap:var(--global-kb-gap-md, 2rem);padding-top:25px;padding-bottom:25px;padding-top:var(--global-kb-spacing-sm, 1.5rem);padding-bottom:var(--global-kb-spacing-sm, 1.5rem);grid-template-columns:repeat(2, minmax(0, 1fr));}#kt-layout-id_8c8ef0-75 > .kt-row-layout-overlay{opacity:0.30;}@media all and (max-width: 1024px){#kt-layout-id_8c8ef0-75 > .kt-row-column-wrap{grid-template-columns:repeat(2, minmax(0, 1fr));}}@media all and (max-width: 767px){#kt-layout-id_8c8ef0-75 > .kt-row-column-wrap{grid-template-columns:minmax(0, 1fr);}}<\/style>\n<div class=\"wp-block-kadence-rowlayout alignnone\"><div id=\"kt-layout-id_8c8ef0-75\" class=\"kt-row-layout-inner  kt-layout-id_8c8ef0-75\"><div class=\"kt-row-column-wrap kt-has-2-columns kt-gutter-default kt-v-gutter-default kt-row-valign-top kt-row-layout-equal kt-tab-layout-inherit kt-m-colapse-left-to-right kt-mobile-layout-row\"><style>.kadence-column_9beaa7-bf > .kt-inside-inner-col{border-top-width:0px;border-right-width:0px;border-bottom-width:0px;border-left-width:0px;}.kadence-column_9beaa7-bf > .kt-inside-inner-col,.kadence-column_9beaa7-bf > .kt-inside-inner-col:before{border-top-left-radius:0px;border-top-right-radius:0px;border-bottom-right-radius:0px;border-bottom-left-radius:0px;}.kadence-column_9beaa7-bf > .kt-inside-inner-col:before{opacity:0.3;}.kadence-column_9beaa7-bf{position:relative;}<\/style>\n<div class=\"wp-block-kadence-column inner-column-1 kadence-column_9beaa7-bf\"><div class=\"kt-inside-inner-col\"><style>#kt-layout-id_a3c51f-89 > .kt-row-column-wrap{align-content:start;}:where(#kt-layout-id_a3c51f-89 > .kt-row-column-wrap) > .wp-block-kadence-column{justify-content:start;}#kt-layout-id_a3c51f-89 > .kt-row-column-wrap{column-gap:var(--global-kb-gap-md, 2rem);row-gap:var(--global-kb-gap-md, 2rem);padding-top:25px;padding-bottom:25px;padding-top:var(--global-kb-spacing-sm, 1.5rem);padding-bottom:var(--global-kb-spacing-sm, 1.5rem);grid-template-columns:repeat(2, minmax(0, 1fr));}#kt-layout-id_a3c51f-89 > .kt-row-layout-overlay{opacity:0.30;}@media all and (max-width: 1024px){#kt-layout-id_a3c51f-89 > .kt-row-column-wrap{grid-template-columns:repeat(2, minmax(0, 1fr));}}@media all and (max-width: 767px){#kt-layout-id_a3c51f-89 > .kt-row-column-wrap{grid-template-columns:minmax(0, 1fr);}}<\/style>\n<div class=\"wp-block-kadence-rowlayout alignnone\"><div id=\"kt-layout-id_a3c51f-89\" class=\"kt-row-layout-inner  kt-layout-id_a3c51f-89\"><div class=\"kt-row-column-wrap kt-has-2-columns kt-gutter-default kt-v-gutter-default kt-row-valign-top kt-row-layout-equal kt-tab-layout-inherit kt-m-colapse-left-to-right kt-mobile-layout-row\"><style>.kadence-column_f95090-69 > .kt-inside-inner-col{border-top-width:0px;border-right-width:0px;border-bottom-width:0px;border-left-width:0px;}.kadence-column_f95090-69 > .kt-inside-inner-col,.kadence-column_f95090-69 > .kt-inside-inner-col:before{border-top-left-radius:0px;border-top-right-radius:0px;border-bottom-right-radius:0px;border-bottom-left-radius:0px;}.kadence-column_f95090-69 > .kt-inside-inner-col:before{opacity:0.3;}.kadence-column_f95090-69{position:relative;}<\/style>\n<div class=\"wp-block-kadence-column inner-column-1 kadence-column_f95090-69\"><div class=\"kt-inside-inner-col\">\n<figure class=\"wp-block-image\"><img decoding=\"async\" class=\"wp-image-166\" src=\"http:\/\/www.italix.net\/wp-content\/uploads\/2019\/02\/markenting-grafico-square.jpg\" width=\"100%\" alt=\"\" srcset=\"https:\/\/www.italix.net\/wp-content\/uploads\/2019\/02\/markenting-grafico-square.jpg 300w, https:\/\/www.italix.net\/wp-content\/uploads\/2019\/02\/markenting-grafico-square-150x150.jpg 150w\" sizes=\"(max-width: 300px) 100vw, 300px\" \/><\/figure>\n<\/div><\/div>\n\n\n<style>.kadence-column_bbca45-49 > .kt-inside-inner-col{border-top-width:0px;border-right-width:0px;border-bottom-width:0px;border-left-width:0px;}.kadence-column_bbca45-49 > .kt-inside-inner-col,.kadence-column_bbca45-49 > .kt-inside-inner-col:before{border-top-left-radius:0px;border-top-right-radius:0px;border-bottom-right-radius:0px;border-bottom-left-radius:0px;}.kadence-column_bbca45-49 > .kt-inside-inner-col:before{opacity:0.3;}.kadence-column_bbca45-49{position:relative;}<\/style>\n<div class=\"wp-block-kadence-column inner-column-2 kadence-column_bbca45-49\"><div class=\"kt-inside-inner-col\"><style>.wp-block-kadence-advancedheading.kt-adv-heading_6f2cb1-26, .wp-block-kadence-advancedheading.kt-adv-heading_6f2cb1-26[data-kb-block=\"kb-adv-heading_6f2cb1-26\"]{font-style:normal;}.wp-block-kadence-advancedheading.kt-adv-heading_6f2cb1-26 mark, .wp-block-kadence-advancedheading.kt-adv-heading_6f2cb1-26[data-kb-block=\"kb-adv-heading_6f2cb1-26\"] mark{font-style:normal;color:#f76a0c;padding-top:0px;padding-right:0px;padding-bottom:0px;padding-left:0px;}<\/style>\n<h2 id=\"kt-adv-heading_6f2cb1-26\" class=\"kt-adv-heading_6f2cb1-26 wp-block-kadence-advancedheading\">Marketing i analiza<\/h2>\n\n\n\n<p>Wspieramy Ci\u0119 w tworzeniu kampanii marketingowych maj\u0105cych na celu zwi\u0119kszenie sprzeda\u017cy oraz w analizowaniu ich wynik\u00f3w.<\/p>\n<\/div><\/div>\n<\/div><\/div><\/div>\n<\/div><\/div>\n\n\n<style>.kadence-column_7d5e0c-fa > .kt-inside-inner-col{border-top-width:0px;border-right-width:0px;border-bottom-width:0px;border-left-width:0px;}.kadence-column_7d5e0c-fa > .kt-inside-inner-col,.kadence-column_7d5e0c-fa > .kt-inside-inner-col:before{border-top-left-radius:0px;border-top-right-radius:0px;border-bottom-right-radius:0px;border-bottom-left-radius:0px;}.kadence-column_7d5e0c-fa > .kt-inside-inner-col:before{opacity:0.3;}.kadence-column_7d5e0c-fa{position:relative;}<\/style>\n<div class=\"wp-block-kadence-column inner-column-2 kadence-column_7d5e0c-fa\"><div class=\"kt-inside-inner-col\"><style>#kt-layout-id_c1cd62-e4 > .kt-row-column-wrap{align-content:start;}:where(#kt-layout-id_c1cd62-e4 > .kt-row-column-wrap) > .wp-block-kadence-column{justify-content:start;}#kt-layout-id_c1cd62-e4 > .kt-row-column-wrap{column-gap:var(--global-kb-gap-md, 2rem);row-gap:var(--global-kb-gap-md, 2rem);padding-top:25px;padding-bottom:25px;padding-top:var(--global-kb-spacing-sm, 1.5rem);padding-bottom:var(--global-kb-spacing-sm, 1.5rem);grid-template-columns:repeat(2, minmax(0, 1fr));}#kt-layout-id_c1cd62-e4 > .kt-row-layout-overlay{opacity:0.30;}@media all and (max-width: 1024px){#kt-layout-id_c1cd62-e4 > .kt-row-column-wrap{grid-template-columns:repeat(2, minmax(0, 1fr));}}@media all and (max-width: 767px){#kt-layout-id_c1cd62-e4 > .kt-row-column-wrap{grid-template-columns:minmax(0, 1fr);}}<\/style>\n<div class=\"wp-block-kadence-rowlayout alignnone\"><div id=\"kt-layout-id_c1cd62-e4\" class=\"kt-row-layout-inner  kt-layout-id_c1cd62-e4\"><div class=\"kt-row-column-wrap kt-has-2-columns kt-gutter-default kt-v-gutter-default kt-row-valign-top kt-row-layout-equal kt-tab-layout-inherit kt-m-colapse-left-to-right kt-mobile-layout-row\"><style>.kadence-column_602d5e-58 > .kt-inside-inner-col{border-top-width:0px;border-right-width:0px;border-bottom-width:0px;border-left-width:0px;}.kadence-column_602d5e-58 > .kt-inside-inner-col,.kadence-column_602d5e-58 > .kt-inside-inner-col:before{border-top-left-radius:0px;border-top-right-radius:0px;border-bottom-right-radius:0px;border-bottom-left-radius:0px;}.kadence-column_602d5e-58 > .kt-inside-inner-col:before{opacity:0.3;}.kadence-column_602d5e-58{position:relative;}<\/style>\n<div class=\"wp-block-kadence-column inner-column-1 kadence-column_602d5e-58\"><div class=\"kt-inside-inner-col\">\n<figure class=\"wp-block-image\"><img decoding=\"async\" loading=\"lazy\" width=\"1000\" height=\"1000\" src=\"http:\/\/www.italix.net\/wp-content\/uploads\/2019\/02\/automazione-blog_automation-1000.jpg\" alt=\"\" class=\"wp-image-167\" srcset=\"https:\/\/www.italix.net\/wp-content\/uploads\/2019\/02\/automazione-blog_automation-1000.jpg 1000w, https:\/\/www.italix.net\/wp-content\/uploads\/2019\/02\/automazione-blog_automation-1000-150x150.jpg 150w, https:\/\/www.italix.net\/wp-content\/uploads\/2019\/02\/automazione-blog_automation-1000-300x300.jpg 300w, https:\/\/www.italix.net\/wp-content\/uploads\/2019\/02\/automazione-blog_automation-1000-768x768.jpg 768w, https:\/\/www.italix.net\/wp-content\/uploads\/2019\/02\/automazione-blog_automation-1000-600x600.jpg 600w\" sizes=\"(max-width: 1000px) 100vw, 1000px\" \/><\/figure>\n<\/div><\/div>\n\n\n<style>.kadence-column_a925b1-27 > .kt-inside-inner-col{border-top-width:0px;border-right-width:0px;border-bottom-width:0px;border-left-width:0px;}.kadence-column_a925b1-27 > .kt-inside-inner-col,.kadence-column_a925b1-27 > .kt-inside-inner-col:before{border-top-left-radius:0px;border-top-right-radius:0px;border-bottom-right-radius:0px;border-bottom-left-radius:0px;}.kadence-column_a925b1-27 > .kt-inside-inner-col:before{opacity:0.3;}.kadence-column_a925b1-27{position:relative;}<\/style>\n<div class=\"wp-block-kadence-column inner-column-2 kadence-column_a925b1-27\"><div class=\"kt-inside-inner-col\"><style>.wp-block-kadence-advancedheading.kt-adv-heading_99b1c3-bf, .wp-block-kadence-advancedheading.kt-adv-heading_99b1c3-bf[data-kb-block=\"kb-adv-heading_99b1c3-bf\"]{font-style:normal;}.wp-block-kadence-advancedheading.kt-adv-heading_99b1c3-bf mark, .wp-block-kadence-advancedheading.kt-adv-heading_99b1c3-bf[data-kb-block=\"kb-adv-heading_99b1c3-bf\"] mark{font-style:normal;color:#f76a0c;padding-top:0px;padding-right:0px;padding-bottom:0px;padding-left:0px;}<\/style>\n<h2 id=\"kt-adv-heading_99b1c3-bf\" class=\"kt-adv-heading_99b1c3-bf wp-block-kadence-advancedheading\">Automatyka<\/h2>\n\n\n\n<p>Po osi\u0105gni\u0119ciu okre\u015blonej wielko\u015bci sprzeda\u017cy pomagamy zautomatyzowa\u0107 proces, aby przyspieszy\u0107 i zoptymalizowa\u0107 ka\u017cdy jego etap.<\/p>\n<\/div><\/div>\n<\/div><\/div><\/div>\n<\/div><\/div>\n<\/div><\/div><\/div>\n\n\n\n<p>&nbsp;<\/p>","protected":false},"excerpt":{"rendered":"<p>Uno dei nostri primi progetti e-commerce, con pi\u00f9 di 1 milione di prodotti online, dopo i primi 3 anni di attivit\u00e0, gi\u00e0 raccoglieva diverse centinaia di ordini ogni giorno. La nostra esperienza ci permette di guidarti nel commercio online. Cosa possiamo fare per te? Piattaforma Ti aiutiamo a scegliere la piattaforma che si adatta a [&hellip;]<\/p>","protected":false},"author":1,"featured_media":0,"parent":199,"menu_order":0,"comment_status":"closed","ping_status":"closed","template":"","meta":[],"acf":[],"_links":{"self":[{"href":"https:\/\/www.italix.net\/pl\/wp-json\/wp\/v2\/pages\/240"}],"collection":[{"href":"https:\/\/www.italix.net\/pl\/wp-json\/wp\/v2\/pages"}],"about":[{"href":"https:\/\/www.italix.net\/pl\/wp-json\/wp\/v2\/types\/page"}],"author":[{"embeddable":true,"href":"https:\/\/www.italix.net\/pl\/wp-json\/wp\/v2\/users\/1"}],"replies":[{"embeddable":true,"href":"https:\/\/www.italix.net\/pl\/wp-json\/wp\/v2\/comments?post=240"}],"version-history":[{"count":9,"href":"https:\/\/www.italix.net\/pl\/wp-json\/wp\/v2\/pages\/240\/revisions"}],"predecessor-version":[{"id":567,"href":"https:\/\/www.italix.net\/pl\/wp-json\/wp\/v2\/pages\/240\/revisions\/567"}],"up":[{"embeddable":true,"href":"https:\/\/www.italix.net\/pl\/wp-json\/wp\/v2\/pages\/199"}],"wp:attachment":[{"href":"https:\/\/www.italix.net\/pl\/wp-json\/wp\/v2\/media?parent=240"}],"curies":[{"name":"wp","href":"https:\/\/api.w.org\/{rel}","templated":true}]}}