{"id":937,"date":"2020-01-29T16:04:23","date_gmt":"2020-01-29T15:04:23","guid":{"rendered":"https:\/\/www.italix.net\/?page_id=937"},"modified":"2020-01-29T16:17:43","modified_gmt":"2020-01-29T15:17:43","slug":"cookie-policy","status":"publish","type":"page","link":"https:\/\/www.italix.net\/fr\/politique-en-matiere-de-cookies\/","title":{"rendered":"Politique en mati\u00e8re de cookies"},"content":{"rendered":"<div class=\"ix-legal-page container-fluid\" style=\"text-align: justify;\">\n<p>Notre politique en mati\u00e8re de cookies a pour but de d\u00e9crire les types de cookies utilis\u00e9s par le site web italix.net (ci-apr\u00e8s d\u00e9nomm\u00e9 \"<strong>Site web<\/strong>\"), les finalit\u00e9s des cookies install\u00e9s et les moyens par lesquels l'utilisateur peut s\u00e9lectionner ou d\u00e9s\u00e9lectionner les cookies sur le Site et b\u00e9n\u00e9ficier des services offerts.<\/p>\n<p>Nous utilisons des cookies pour rendre notre site plus facile et plus intuitif \u00e0 utiliser. Les donn\u00e9es recueillies par le biais des cookies sont utilis\u00e9es pour rendre votre exp\u00e9rience de navigation plus agr\u00e9able et plus efficace \u00e0 l'avenir.<\/p>\n<h3><strong>1. QUE SONT LES COOKIES<\/strong><\/h3>\n<p>Les cookies, tels que d\u00e9finis par l'Autorit\u00e9 garante, sont de petites cha\u00eenes de texte que les applications visit\u00e9es par l'utilisateur envoient \u00e0 son terminal (g\u00e9n\u00e9ralement au navigateur), o\u00f9 elles sont stock\u00e9es afin d'\u00eatre retransmises aux m\u00eames applications lors de la prochaine visite du m\u00eame utilisateur.<\/p>\n<p>Le terme \"cookie\" d\u00e9signe \u00e0 la fois les cookies, proprement dits, et toutes les technologies similaires.<\/p>\n<p>Les cookies sont utilis\u00e9s pour un acc\u00e8s plus rapide aux services en ligne et pour am\u00e9liorer la navigation des utilisateurs en assurant le suivi des sessions, le stockage des informations relatives aux utilisateurs, le chargement plus rapide du contenu, etc.<\/p>\n<h3><strong>2. TYPES DE COOKIES<\/strong><\/h3>\n<p>Les cookies peuvent l'\u00eatre :<\/p>\n<p><strong>Cookies de premi\u00e8re partie :&nbsp;<\/strong>sont les cookies propri\u00e9taires utilis\u00e9s par le propri\u00e9taire du Site afin de permettre \u00e0 l'utilisateur de naviguer plus efficacement et\/ou de surveiller les actions de l'utilisateur ;<\/p>\n<p><strong>Cookies de tierces parties :&nbsp;<\/strong>sont des cookies plac\u00e9s par un site autre que celui que vous visitez actuellement afin de vous permettre de naviguer plus efficacement et\/ou de surveiller vos actions.<\/p>\n<p>En outre, on distingue diff\u00e9rents types de cookies :<\/p>\n<ul>\n    <li><strong>Cookies techniques :&nbsp;<\/strong>utilis\u00e9s dans le seul but de \"r\u00e9aliser la transmission d'une communication sur un r\u00e9seau de communications \u00e9lectroniques, ou dans la mesure strictement n\u00e9cessaire au fournisseur d'un service de la soci\u00e9t\u00e9 de l'information explicitement sollicit\u00e9 par l'abonn\u00e9 ou l'utilisateur pour fournir ce service\" (Art. 122, al. 1 du Code vie priv\u00e9e). Les cookies techniques comprennent :<\/li>\n    <ul>\n        <li><strong>Cookies de session ou de navigation :&nbsp;<\/strong>sont utilis\u00e9s pour suivre l'activit\u00e9 de l'utilisateur sur le web. Ils assurent la navigation et la jouissance normales du site, permettant, par exemple, une navigation plus rapide, la r\u00e9alisation d'un achat ou l'authentification pour l'acc\u00e8s \u00e0 des zones restreintes, et sont en fait n\u00e9cessaires \u00e0 son bon fonctionnement.<\/li>\n        <li><strong>Cookies de fonctionnalit\u00e9 :&nbsp;<\/strong>permettre \u00e0 l'utilisateur de naviguer en fonction d'un ensemble de crit\u00e8res s\u00e9lectionn\u00e9s (par exemple, la langue, les produits s\u00e9lectionn\u00e9s pour l'achat) afin d'am\u00e9liorer le service rendu \u00e0 l'utilisateur.<\/li>\n        <li><strong>Cookies analytiques de premi\u00e8re partie :&nbsp;<\/strong>assimil\u00e9s d'un point de vue r\u00e9glementaire \u00e0 des cookies techniques s'ils sont utilis\u00e9s directement par le propri\u00e9taire du Site sans profiler l'utilisateur mais uniquement pour recueillir des informations, sous forme agr\u00e9g\u00e9e et anonyme, sur le nombre d'utilisateurs et la fa\u00e7on dont ils visitent le Site \u00e0 des fins statistiques et pour am\u00e9liorer les performances du Site.<\/li>\n        <li><strong>Cookies analytiques de tiers :&nbsp;<\/strong>sont mis \u00e0 disposition par des tiers et sont assimil\u00e9s \u00e0 des cookies techniques si les tiers ne proc\u00e8dent pas au profilage des utilisateurs par le biais d'outils adapt\u00e9s pour r\u00e9duire le pouvoir d'identification des cookies (par exemple, en masquant des parties significatives de l'adresse IP) et sans croiser les informations collect\u00e9es avec d'autres dont ils disposent d\u00e9j\u00e0.<\/li>\n    <\/ul>\n<\/ul>\n<ul>\n    <li>Pour les cookies techniques, seule la politique en mati\u00e8re de cookies est requise sans qu'un consentement soit n\u00e9cessaire (art. 13 du code de la vie priv\u00e9e).<\/li>\n    <ul>\n        <li><strong>Cookies de profilage :&nbsp;<\/strong>sont utilis\u00e9s pour surveiller la navigation de l'utilisateur sur Internet et cr\u00e9er un profil de ses habitudes :<\/li>\n        <li><strong>Cookies de profilage de premi\u00e8re partie :&nbsp;<\/strong>install\u00e9 par le propri\u00e9taire du site pour cr\u00e9er des profils de l'utilisateur afin d'envoyer des messages publicitaires en fonction des pr\u00e9f\u00e9rences exprim\u00e9es lors de la navigation sur le web. Compte tenu de leur caract\u00e8re particuli\u00e8rement envahissant dans la sph\u00e8re priv\u00e9e des utilisateurs, les l\u00e9gislations europ\u00e9enne et italienne exigent que les utilisateurs soient inform\u00e9s de mani\u00e8re ad\u00e9quate de leur utilisation, qu'ils donnent leur consentement et qu'ils en informent le garant de la confidentialit\u00e9.<\/li>\n        <li><strong>Cookies de profilage de tiers :&nbsp;<\/strong>utilis\u00e9es par des tiers qui acc\u00e8dent aux informations en clair, c'est-\u00e0-dire non anonymes et non agr\u00e9g\u00e9es, et les croisent avec d'autres donn\u00e9es d\u00e9j\u00e0 en leur possession. Le site n'a aucun contr\u00f4le direct sur les cookies individuels des tiers et ne peut pas directement les installer ou les supprimer. L'utilisateur est donc invit\u00e9 \u00e0 v\u00e9rifier la politique de cookies correspondante sur le site du tiers.<\/li>\n    <\/ul>\n<\/ul>\n<p>Pour ces cookies, la l\u00e9gislation exige que l'utilisateur soit correctement inform\u00e9 de l'utilisation des cookies, qu'il donne son consentement et que le garant de la vie priv\u00e9e soit inform\u00e9 par la partie qui utilise les donn\u00e9es.<\/p>\n<h3><strong>3. COOKIES INSTALL\u00c9S<\/strong><\/h3>\n<p>Les cookies pr\u00e9sents sur ce site sont :<\/p>\n<ul>\n    <li>les cookies techniques n\u00e9cessaires au fonctionnement du site ;<\/li>\n    <li>des cookies tiers, qui peuvent effectuer des activit\u00e9s de profilage des utilisateurs m\u00eame \u00e0 l'insu du contr\u00f4leur. Pour de plus amples informations, nous vous recommandons de consulter attentivement les politiques de confidentialit\u00e9 des diff\u00e9rents services \u00e9num\u00e9r\u00e9s ci-dessous.<\/li>\n<\/ul>\n<p>Vous trouverez ci-dessous une liste des cookies tiers pr\u00e9sents sur ce site :<\/p>\n<ul>\n    <li><strong>Google Analytics avec IP anonyme<\/strong><br \/> Google Analytics installe des cookies pour mesurer les visites sur le site et les achats effectu\u00e9s \u00e0 des fins d'analyse. L'adresse IP des utilisateurs sera rendue anonyme.<br \/> Pour plus d'informations et pour d\u00e9sactiver les cookies, veuillez consulter : https:\/\/www.google.com\/intl\/it\/policies\/privacy\/.<\/li>\n<\/ul>\n<p>En ce qui concerne les cookies de tiers, ceux-ci peuvent effectuer des activit\u00e9s de profilage des utilisateurs m\u00eame \u00e0 l'insu du contr\u00f4leur. Pour plus d'informations, nous vous recommandons de consulter attentivement les politiques de confidentialit\u00e9 des services cit\u00e9s.<\/p>\n<h3><strong>4. DUR\u00c9E DU COOKIE<\/strong><\/h3>\n<p>Les cookies ont une dur\u00e9e de vie dict\u00e9e par la date d'expiration ou une action sp\u00e9cifique telle que la fermeture du navigateur d\u00e9finie au moment de l'installation. Les cookies peuvent l'\u00eatre :<\/p>\n<ul>\n    <li><strong>temporaire ou par session<\/strong>Ils sont utilis\u00e9s pour stocker des informations temporaires, permettent de relier les actions effectu\u00e9es pendant une session sp\u00e9cifique et sont supprim\u00e9s de l'ordinateur lorsque le navigateur est ferm\u00e9 ;<\/li>\n    <li><strong>persistant<\/strong>sont utilis\u00e9s pour stocker des informations, telles que le nom de connexion et le mot de passe, afin que l'utilisateur ne doive pas les saisir \u00e0 nouveau chaque fois qu'il visite un site sp\u00e9cifique. Ceux-ci restent stock\u00e9s sur l'ordinateur m\u00eame apr\u00e8s la fermeture du navigateur.<\/li>\n<\/ul>\n<h3><strong>5. LA MANIFESTATION DU CONSENTEMENT<\/strong><\/h3>\n<p>Pour les cookies qui requi\u00e8rent un consentement, lors de votre premi\u00e8re visite sur le Site, vous verrez automatiquement une banni\u00e8re, contenant \u00e0 la fois le lien vers cette notice d'information compl\u00e8te et la demande de votre consentement \u00e0 l'utilisation des cookies.<\/p>\n<p>Le consentement peut \u00eatre donn\u00e9 par l'utilisateur en cliquant sur le bouton OK de la banni\u00e8re, en faisant d\u00e9filer la page et\/ou en acc\u00e9dant \u00e0 d'autres sections du site en cliquant sur les liens de la page web situ\u00e9s sous la banni\u00e8re elle-m\u00eame (action cons\u00e9quente).<\/p>\n<h3><strong>6. COMMENT D\u00c9SACTIVER LES COOKIES<\/strong><\/h3>\n<p>Vous pouvez g\u00e9rer vos pr\u00e9f\u00e9rences en mati\u00e8re de cookies directement dans votre navigateur et emp\u00eacher des tiers d'installer des cookies. Vous pouvez \u00e9galement utiliser les pr\u00e9f\u00e9rences de votre navigateur pour supprimer les cookies qui ont \u00e9t\u00e9 install\u00e9s dans le pass\u00e9, y compris les cookies dans lesquels vous avez pu enregistrer votre consentement \u00e0 l'installation de cookies par ce site. Si vous d\u00e9sactivez tous les cookies, le fonctionnement de ce site peut \u00eatre alt\u00e9r\u00e9.<\/p>\n<p>Vous pouvez trouver des informations et exercer votre droit d'opposition au suivi des cookies dans votre navigateur aux adresses suivantes :<\/p>\n<ul>\n    <li>Internet Explorer : http:\/\/windows.microsoft.com\/it-IT\/internet-explorer\/delete-manage-cookies ;<\/li>\n    <li>Google Chrome : https:\/\/support.google.com\/chrome\/answer\/95647?hl=it ;<\/li>\n    <li>Mozilla Firefox: https:\/\/support.mozilla.org\/it\/kb\/Gestione%20dei%20cookie;<\/li>\n    <li>Opera : http:\/\/help.opera.com\/Windows\/10.00\/it\/cookies.html ;<\/li>\n    <li>Apple Safari : https:\/\/support.apple.com\/kb\/PH19214?locale=it_IT.<\/li>\n<\/ul>\n<p>Les cookies peuvent \u00e9galement \u00eatre supprim\u00e9s en demandant l'opt-out directement aux tiers ou via http:\/\/www.youronlinechoices.com\/it, o\u00f9 vous pouvez g\u00e9rer vos pr\u00e9f\u00e9rences de suivi pour la plupart des outils publicitaires.<\/p>\n<h3><strong>7. DROITS DE L'UTILISATEUR<\/strong><\/h3>\n<p>L'utilisateur a le droit d'exercer \u00e0 tout moment les droits reconnus par l'article 7 du d\u00e9cret l\u00e9gislatif 196\/2003. En particulier, il peut, entre autres, obtenir une copie des donn\u00e9es trait\u00e9es, leur mise \u00e0 jour, leur origine, la finalit\u00e9 et la m\u00e9thode de traitement, leur rectification ou int\u00e9gration, leur effacement, leur transformation sous forme anonyme ou leur blocage en cas de traitement contraire \u00e0 la loi, et s'opposer \u00e0 leur traitement pour des motifs l\u00e9gitimes.<\/p>\n<p>Pour exercer ces droits, veuillez \u00e9crire au contr\u00f4leur des donn\u00e9es Italix Sas di Andrea Sivieri e Soci, dont le si\u00e8ge social est situ\u00e9 via Divisione Folgore 5\/B - 36100 Vicenza (VI), num\u00e9ro de TVA \/ C.F. 04311980280, adresse \u00e9lectronique info@italix.net.<\/p>\n<p>&nbsp;<\/p>\n<p>De plus amples informations sur le traitement des donn\u00e9es sont disponibles sur le lien suivant : https:\/\/www.italix.net\/privacy-policy\/.<\/p>\n<\/div>","protected":false},"excerpt":{"rendered":"<p>La nostra Cookie Policy ha l&rsquo;intento di descrivere le tipologie di cookie utilizzati dal sito web italix.net (di seguito &ldquo;Sito&rdquo;), le finalit&agrave; dei cookie installati e le modalit&agrave; con cui l&rsquo;utente pu&ograve; selezionare o deselezionare i cookie presenti sul Sito e che fruiscono dei servizi proposti. Utilizziamo i cookie per rendere il nostro Sito pi&ugrave; [&hellip;]<\/p>","protected":false},"author":1,"featured_media":0,"parent":0,"menu_order":0,"comment_status":"closed","ping_status":"closed","template":"","meta":[],"acf":[],"_links":{"self":[{"href":"https:\/\/www.italix.net\/fr\/wp-json\/wp\/v2\/pages\/937"}],"collection":[{"href":"https:\/\/www.italix.net\/fr\/wp-json\/wp\/v2\/pages"}],"about":[{"href":"https:\/\/www.italix.net\/fr\/wp-json\/wp\/v2\/types\/page"}],"author":[{"embeddable":true,"href":"https:\/\/www.italix.net\/fr\/wp-json\/wp\/v2\/users\/1"}],"replies":[{"embeddable":true,"href":"https:\/\/www.italix.net\/fr\/wp-json\/wp\/v2\/comments?post=937"}],"version-history":[{"count":4,"href":"https:\/\/www.italix.net\/fr\/wp-json\/wp\/v2\/pages\/937\/revisions"}],"predecessor-version":[{"id":945,"href":"https:\/\/www.italix.net\/fr\/wp-json\/wp\/v2\/pages\/937\/revisions\/945"}],"wp:attachment":[{"href":"https:\/\/www.italix.net\/fr\/wp-json\/wp\/v2\/media?parent=937"}],"curies":[{"name":"wp","href":"https:\/\/api.w.org\/{rel}","templated":true}]}}