{"id":3,"date":"2018-12-25T22:54:13","date_gmt":"2018-12-25T21:54:13","guid":{"rendered":"http:\/\/www.italix.net\/?page_id=3"},"modified":"2020-01-29T17:01:03","modified_gmt":"2020-01-29T16:01:03","slug":"privacy-policy-bozza","status":"publish","type":"page","link":"https:\/\/www.italix.net\/fr\/politique-de-confidentialite-bozza\/","title":{"rendered":"Politique de confidentialit\u00e9"},"content":{"rendered":"<h2 class=\"wp-block-heading\">A propos de nous<\/h2><p>L&#8217;indirizzo del nostro sito web \u00e8: http:\/\/www.italix.net.<\/p><h2 class=\"wp-block-heading\">Quelles donn\u00e9es personnelles nous collectons et pourquoi nous les collectons<\/h2><h3 class=\"wp-block-heading\">Commentaires<\/h3><p>Lorsque les visiteurs laissent des commentaires sur le site, nous recueillons les donn\u00e9es indiqu\u00e9es dans le formulaire de commentaire en plus de l'adresse IP du visiteur et de la cha\u00eene d'agent utilisateur du navigateur afin de faciliter la d\u00e9tection des spams.<\/p><p>Une cha\u00eene de caract\u00e8res anonymis\u00e9e cr\u00e9\u00e9e \u00e0 partir de votre adresse \u00e9lectronique (autrement appel\u00e9e \"hash\") peut \u00eatre fournie au service Gravatar pour savoir si vous l'utilisez. La politique de confidentialit\u00e9 du service Gravatar est disponible ici : https:\/\/automattic.com\/privacy\/. Apr\u00e8s approbation de votre commentaire, votre photo de profil est publiquement visible dans le contexte de votre commentaire.<\/p><h3 class=\"wp-block-heading\">M\u00e9dias<\/h3><p>Si vous t\u00e9l\u00e9chargez des images sur le site web, vous devez \u00e9viter de t\u00e9l\u00e9charger des images qui contiennent des donn\u00e9es de localisation int\u00e9gr\u00e9es (GPS EXIF). Les visiteurs du site web peuvent t\u00e9l\u00e9charger et extraire n'importe quelle donn\u00e9e de localisation \u00e0 partir des images du site.<\/p><h3 class=\"wp-block-heading\">Formulaire de contact<\/h3><h3 class=\"wp-block-heading\">Cookies<\/h3><p>Si vous laissez un commentaire sur notre site, vous pouvez choisir d'enregistrer votre nom, votre adresse \u00e9lectronique et votre site web dans les cookies. Elles sont utilis\u00e9es pour votre commodit\u00e9 afin que vous n'ayez pas \u00e0 saisir \u00e0 nouveau vos coordonn\u00e9es lorsque vous laissez un autre commentaire. Ces biscuits se conservent pendant un an.<\/p><p>Si vous avez un compte et que vous acc\u00e9dez \u00e0 ce site, un cookie temporaire sera plac\u00e9 pour d\u00e9terminer si votre navigateur accepte les cookies. Ce cookie ne contient aucune donn\u00e9e personnelle et est supprim\u00e9 lorsque vous fermez votre navigateur.<\/p><p>Lorsque vous vous connectez, plusieurs cookies sont cr\u00e9\u00e9s pour stocker vos informations de connexion et vos options d'\u00e9cran. Les cookies de connexion durent deux jours, tandis que les cookies d'option d'\u00e9cran durent un an. Si vous s\u00e9lectionnez \"Se souvenir de moi\", votre connexion sera maintenue pendant une quinzaine de jours. Si vous vous d\u00e9connectez de votre compte, les cookies de connexion seront supprim\u00e9s.<\/p><p>Si vous modifiez ou publiez un article, un cookie suppl\u00e9mentaire sera enregistr\u00e9 dans votre navigateur. Ce cookie ne comprend aucune donn\u00e9e personnelle, mais indique simplement l'ID de l'article que vous venez de modifier. Il expire apr\u00e8s 1 jour.<\/p><h3 class=\"wp-block-heading\">Contenu int\u00e9gr\u00e9 d'autres sites web<\/h3><p>Les articles de ce site peuvent inclure du contenu int\u00e9gr\u00e9 (par exemple des vid\u00e9os, des images, des articles, etc.). Le contenu int\u00e9gr\u00e9 provenant d'autres sites web se comporte exactement de la m\u00eame mani\u00e8re que si le visiteur avait visit\u00e9 l'autre site web.<\/p><p>Ces sites web peuvent recueillir des donn\u00e9es vous concernant, utiliser des cookies, int\u00e9grer un suivi suppl\u00e9mentaire par des tiers et surveiller votre interaction avec eux, y compris le suivi de votre interaction avec le contenu int\u00e9gr\u00e9 si vous avez un compte et \u00eates connect\u00e9 \u00e0 ces sites web.<\/p><h3 class=\"wp-block-heading\">Analytique<\/h3><h2 class=\"wp-block-heading\">Avec qui nous partageons vos donn\u00e9es<\/h2><h2 class=\"wp-block-heading\">Combien de temps nous conservons vos donn\u00e9es<\/h2><p>Si vous laissez un commentaire, celui-ci et ses m\u00e9tadonn\u00e9es sont conserv\u00e9s ind\u00e9finiment. C'est ainsi que nous pouvons reconna\u00eetre et approuver automatiquement tout commentaire ult\u00e9rieur au lieu de le garder dans une file d'attente de mod\u00e9ration.<\/p><p>Pour les utilisateurs qui s'inscrivent sur notre site web (le cas \u00e9ch\u00e9ant), nous stockons \u00e9galement les informations personnelles qu'ils fournissent dans leur profil d'utilisateur. Tous les utilisateurs peuvent consulter, modifier ou supprimer leurs informations personnelles \u00e0 tout moment (sauf leur nom d'utilisateur, qu'ils ne peuvent pas modifier). Les administrateurs du site web peuvent \u00e9galement consulter et modifier ces informations.<\/p><h2 class=\"wp-block-heading\">Quels droits avez-vous sur vos donn\u00e9es ?<\/h2><p>Si vous avez un compte sur ce site, ou si vous avez laiss\u00e9 des commentaires, vous pouvez demander \u00e0 recevoir un fichier export\u00e9 du site avec les donn\u00e9es personnelles que nous avons sur vous, y compris les donn\u00e9es que vous nous avez fournies. Vous pouvez \u00e9galement demander que nous supprimions toutes les donn\u00e9es personnelles vous concernant. Cela ne comprend pas les donn\u00e9es que nous sommes oblig\u00e9s de conserver \u00e0 des fins administratives, juridiques ou de s\u00e9curit\u00e9.<\/p><h2 class=\"wp-block-heading\">O\u00f9 nous envoyons vos donn\u00e9es<\/h2><p>Les commentaires des visiteurs peuvent \u00eatre v\u00e9rifi\u00e9s par un service de d\u00e9tection automatique des spams.<\/p><h2 class=\"wp-block-heading\">Vos coordonn\u00e9es<\/h2><h2 class=\"wp-block-heading\">Informations compl\u00e9mentaires<\/h2><h3 class=\"wp-block-heading\">Comment nous prot\u00e9geons vos donn\u00e9es<\/h3><h3 class=\"wp-block-heading\">Les proc\u00e9dures que nous avons mises en place pour pr\u00e9venir les violations de donn\u00e9es.<\/h3><h3 class=\"wp-block-heading\">De quels tiers nous recevons des donn\u00e9es<\/h3><h3 class=\"wp-block-heading\">La prise de d\u00e9cision et\/ou le profilage automatis\u00e9 que nous faisons avec vos donn\u00e9es.<\/h3><h3 class=\"wp-block-heading\">Exigences r\u00e9glementaires en mati\u00e8re de rapports<\/h3>","protected":false},"excerpt":{"rendered":"<p>Chi siamo L&#8217;indirizzo del nostro sito web \u00e8: http:\/\/www.italix.net. Quali dati personali raccogliamo e perch\u00e9 li raccogliamo Commenti Quando i visitatori lasciano commenti sul sito, raccogliamo i dati mostrati nel modulo dei commenti oltre all&#8217;indirizzo IP del visitatore e la stringa dello user agent del browser per facilitare il rilevamento dello spam. Una stringa anonimizzata [&hellip;]<\/p>","protected":false},"author":1,"featured_media":0,"parent":0,"menu_order":0,"comment_status":"closed","ping_status":"open","template":"","meta":[],"acf":[],"_links":{"self":[{"href":"https:\/\/www.italix.net\/fr\/wp-json\/wp\/v2\/pages\/3"}],"collection":[{"href":"https:\/\/www.italix.net\/fr\/wp-json\/wp\/v2\/pages"}],"about":[{"href":"https:\/\/www.italix.net\/fr\/wp-json\/wp\/v2\/types\/page"}],"author":[{"embeddable":true,"href":"https:\/\/www.italix.net\/fr\/wp-json\/wp\/v2\/users\/1"}],"replies":[{"embeddable":true,"href":"https:\/\/www.italix.net\/fr\/wp-json\/wp\/v2\/comments?post=3"}],"version-history":[{"count":1,"href":"https:\/\/www.italix.net\/fr\/wp-json\/wp\/v2\/pages\/3\/revisions"}],"predecessor-version":[{"id":955,"href":"https:\/\/www.italix.net\/fr\/wp-json\/wp\/v2\/pages\/3\/revisions\/955"}],"wp:attachment":[{"href":"https:\/\/www.italix.net\/fr\/wp-json\/wp\/v2\/media?parent=3"}],"curies":[{"name":"wp","href":"https:\/\/api.w.org\/{rel}","templated":true}]}}