{"id":235,"date":"2019-02-08T17:07:59","date_gmt":"2019-02-08T16:07:59","guid":{"rendered":"http:\/\/www.italix.net\/?page_id=235"},"modified":"2022-04-25T21:43:50","modified_gmt":"2022-04-25T19:43:50","slug":"siti-internet","status":"publish","type":"page","link":"https:\/\/www.italix.net\/fr\/servizi\/sites-internet\/","title":{"rendered":"Sites Internet"},"content":{"rendered":"<p>Le site web est aujourd'hui la carte de visite virtuelle qui vous permet de laisser une bonne impression au premier coup d'\u0153il. Nous voulons en faire le fleuron de votre entreprise. Nous y parvenons en mettant en valeur vos points forts et en valorisant ce que vous faites. <\/p>\n\n\n<style>#kt-layout-id_0b69e8-ec > .kt-row-column-wrap{align-content:start;}:where(#kt-layout-id_0b69e8-ec > .kt-row-column-wrap) > .wp-block-kadence-column{justify-content:start;}#kt-layout-id_0b69e8-ec > .kt-row-column-wrap{column-gap:var(--global-kb-gap-md, 2rem);row-gap:var(--global-kb-gap-md, 2rem);padding-top:25px;padding-bottom:25px;padding-top:var(--global-kb-spacing-sm, 1.5rem);padding-bottom:var(--global-kb-spacing-sm, 1.5rem);grid-template-columns:repeat(2, minmax(0, 1fr));}#kt-layout-id_0b69e8-ec > .kt-row-layout-overlay{opacity:0.30;}@media all and (max-width: 1024px){#kt-layout-id_0b69e8-ec > .kt-row-column-wrap{grid-template-columns:repeat(2, minmax(0, 1fr));}}@media all and (max-width: 767px){#kt-layout-id_0b69e8-ec > .kt-row-column-wrap{grid-template-columns:minmax(0, 1fr);}}<\/style>\n<div class=\"wp-block-kadence-rowlayout alignnone\"><div id=\"kt-layout-id_0b69e8-ec\" class=\"kt-row-layout-inner  kt-layout-id_0b69e8-ec\"><div class=\"kt-row-column-wrap kt-has-2-columns kt-gutter-default kt-v-gutter-default kt-row-valign-top kt-row-layout-equal kt-tab-layout-inherit kt-m-colapse-left-to-right kt-mobile-layout-row\"><style>.kadence-column_10efe5-f3 > .kt-inside-inner-col{border-top-width:0px;border-right-width:0px;border-bottom-width:0px;border-left-width:0px;}.kadence-column_10efe5-f3 > .kt-inside-inner-col,.kadence-column_10efe5-f3 > .kt-inside-inner-col:before{border-top-left-radius:0px;border-top-right-radius:0px;border-bottom-right-radius:0px;border-bottom-left-radius:0px;}.kadence-column_10efe5-f3 > .kt-inside-inner-col:before{opacity:0.3;}.kadence-column_10efe5-f3{position:relative;}<\/style>\n<div class=\"wp-block-kadence-column inner-column-1 kadence-column_10efe5-f3\"><div class=\"kt-inside-inner-col\"><style>#kt-layout-id_da9a82-81 > .kt-row-column-wrap{align-content:start;}:where(#kt-layout-id_da9a82-81 > .kt-row-column-wrap) > .wp-block-kadence-column{justify-content:start;}#kt-layout-id_da9a82-81 > .kt-row-column-wrap{column-gap:var(--global-kb-gap-md, 2rem);row-gap:var(--global-kb-gap-md, 2rem);padding-top:25px;padding-bottom:25px;padding-top:var(--global-kb-spacing-sm, 1.5rem);padding-bottom:var(--global-kb-spacing-sm, 1.5rem);grid-template-columns:repeat(2, minmax(0, 1fr));}#kt-layout-id_da9a82-81 > .kt-row-layout-overlay{opacity:0.30;}@media all and (max-width: 1024px){#kt-layout-id_da9a82-81 > .kt-row-column-wrap{grid-template-columns:repeat(2, minmax(0, 1fr));}}@media all and (max-width: 767px){#kt-layout-id_da9a82-81 > .kt-row-column-wrap{grid-template-columns:minmax(0, 1fr);}}<\/style>\n<div class=\"wp-block-kadence-rowlayout alignnone\"><div id=\"kt-layout-id_da9a82-81\" class=\"kt-row-layout-inner  kt-layout-id_da9a82-81\"><div class=\"kt-row-column-wrap kt-has-2-columns kt-gutter-default kt-v-gutter-default kt-row-valign-top kt-row-layout-equal kt-tab-layout-inherit kt-m-colapse-left-to-right kt-mobile-layout-row\"><style>.kadence-column_82a83c-ea > .kt-inside-inner-col{border-top-width:0px;border-right-width:0px;border-bottom-width:0px;border-left-width:0px;}.kadence-column_82a83c-ea > .kt-inside-inner-col,.kadence-column_82a83c-ea > .kt-inside-inner-col:before{border-top-left-radius:0px;border-top-right-radius:0px;border-bottom-right-radius:0px;border-bottom-left-radius:0px;}.kadence-column_82a83c-ea > .kt-inside-inner-col:before{opacity:0.3;}.kadence-column_82a83c-ea{position:relative;}<\/style>\n<div class=\"wp-block-kadence-column inner-column-1 kadence-column_82a83c-ea\"><div class=\"kt-inside-inner-col\">\n<figure class=\"wp-block-image\"><img decoding=\"async\" loading=\"lazy\" width=\"1000\" height=\"1000\" src=\"http:\/\/www.italix.net\/wp-content\/uploads\/2019\/02\/bello-venere-botticelli-square-1000.jpg\" alt=\"\" class=\"wp-image-141\" srcset=\"https:\/\/www.italix.net\/wp-content\/uploads\/2019\/02\/bello-venere-botticelli-square-1000.jpg 1000w, https:\/\/www.italix.net\/wp-content\/uploads\/2019\/02\/bello-venere-botticelli-square-1000-150x150.jpg 150w, https:\/\/www.italix.net\/wp-content\/uploads\/2019\/02\/bello-venere-botticelli-square-1000-300x300.jpg 300w, https:\/\/www.italix.net\/wp-content\/uploads\/2019\/02\/bello-venere-botticelli-square-1000-768x768.jpg 768w, https:\/\/www.italix.net\/wp-content\/uploads\/2019\/02\/bello-venere-botticelli-square-1000-600x600.jpg 600w\" sizes=\"(max-width: 1000px) 100vw, 1000px\" \/><\/figure>\n<\/div><\/div>\n\n\n<style>.kadence-column_c81e9f-6a > .kt-inside-inner-col{border-top-width:0px;border-right-width:0px;border-bottom-width:0px;border-left-width:0px;}.kadence-column_c81e9f-6a > .kt-inside-inner-col,.kadence-column_c81e9f-6a > .kt-inside-inner-col:before{border-top-left-radius:0px;border-top-right-radius:0px;border-bottom-right-radius:0px;border-bottom-left-radius:0px;}.kadence-column_c81e9f-6a > .kt-inside-inner-col:before{opacity:0.3;}.kadence-column_c81e9f-6a{position:relative;}<\/style>\n<div class=\"wp-block-kadence-column inner-column-2 kadence-column_c81e9f-6a\"><div class=\"kt-inside-inner-col\"><style>.wp-block-kadence-advancedheading.kt-adv-heading_7eb43b-96, .wp-block-kadence-advancedheading.kt-adv-heading_7eb43b-96[data-kb-block=\"kb-adv-heading_7eb43b-96\"]{font-style:normal;}.wp-block-kadence-advancedheading.kt-adv-heading_7eb43b-96 mark, .wp-block-kadence-advancedheading.kt-adv-heading_7eb43b-96[data-kb-block=\"kb-adv-heading_7eb43b-96\"] mark{font-style:normal;color:#f76a0c;padding-top:0px;padding-right:0px;padding-bottom:0px;padding-left:0px;}<\/style>\n<h2 id=\"kt-adv-heading_7eb43b-96\" class=\"kt-adv-heading_7eb43b-96 wp-block-kadence-advancedheading\">Bello<\/h2>\n\n\n\n<p>Avant tout, nous veillons \u00e0 ce que votre site soit beau : \u00e9quilibr\u00e9 dans le choix des formes et des couleurs. Conserv\u00e9 avec un style page par page.<\/p>\n<\/div><\/div>\n<\/div><\/div><\/div>\n<\/div><\/div>\n\n\n<style>.kadence-column_183bf0-46 > .kt-inside-inner-col{border-top-width:0px;border-right-width:0px;border-bottom-width:0px;border-left-width:0px;}.kadence-column_183bf0-46 > .kt-inside-inner-col,.kadence-column_183bf0-46 > .kt-inside-inner-col:before{border-top-left-radius:0px;border-top-right-radius:0px;border-bottom-right-radius:0px;border-bottom-left-radius:0px;}.kadence-column_183bf0-46 > .kt-inside-inner-col:before{opacity:0.3;}.kadence-column_183bf0-46{position:relative;}<\/style>\n<div class=\"wp-block-kadence-column inner-column-2 kadence-column_183bf0-46\"><div class=\"kt-inside-inner-col\"><style>#kt-layout-id_b7ff42-6e > .kt-row-column-wrap{align-content:start;}:where(#kt-layout-id_b7ff42-6e > .kt-row-column-wrap) > .wp-block-kadence-column{justify-content:start;}#kt-layout-id_b7ff42-6e > .kt-row-column-wrap{column-gap:var(--global-kb-gap-md, 2rem);row-gap:var(--global-kb-gap-md, 2rem);padding-top:25px;padding-bottom:25px;padding-top:var(--global-kb-spacing-sm, 1.5rem);padding-bottom:var(--global-kb-spacing-sm, 1.5rem);grid-template-columns:repeat(2, minmax(0, 1fr));}#kt-layout-id_b7ff42-6e > .kt-row-layout-overlay{opacity:0.30;}@media all and (max-width: 1024px){#kt-layout-id_b7ff42-6e > .kt-row-column-wrap{grid-template-columns:repeat(2, minmax(0, 1fr));}}@media all and (max-width: 767px){#kt-layout-id_b7ff42-6e > .kt-row-column-wrap{grid-template-columns:minmax(0, 1fr);}}<\/style>\n<div class=\"wp-block-kadence-rowlayout alignnone\"><div id=\"kt-layout-id_b7ff42-6e\" class=\"kt-row-layout-inner  kt-layout-id_b7ff42-6e\"><div class=\"kt-row-column-wrap kt-has-2-columns kt-gutter-default kt-v-gutter-default kt-row-valign-top kt-row-layout-equal kt-tab-layout-inherit kt-m-colapse-left-to-right kt-mobile-layout-row\"><style>.kadence-column_608436-7f > .kt-inside-inner-col{border-top-width:0px;border-right-width:0px;border-bottom-width:0px;border-left-width:0px;}.kadence-column_608436-7f > .kt-inside-inner-col,.kadence-column_608436-7f > .kt-inside-inner-col:before{border-top-left-radius:0px;border-top-right-radius:0px;border-bottom-right-radius:0px;border-bottom-left-radius:0px;}.kadence-column_608436-7f > .kt-inside-inner-col:before{opacity:0.3;}.kadence-column_608436-7f{position:relative;}<\/style>\n<div class=\"wp-block-kadence-column inner-column-1 kadence-column_608436-7f\"><div class=\"kt-inside-inner-col\">\n<figure class=\"wp-block-image\"><img decoding=\"async\" loading=\"lazy\" width=\"750\" height=\"750\" src=\"http:\/\/www.italix.net\/wp-content\/uploads\/2019\/02\/adattivo-elefantino-e-paperotti-square-750.jpg\" alt=\"\" class=\"wp-image-142\" srcset=\"https:\/\/www.italix.net\/wp-content\/uploads\/2019\/02\/adattivo-elefantino-e-paperotti-square-750.jpg 750w, https:\/\/www.italix.net\/wp-content\/uploads\/2019\/02\/adattivo-elefantino-e-paperotti-square-750-150x150.jpg 150w, https:\/\/www.italix.net\/wp-content\/uploads\/2019\/02\/adattivo-elefantino-e-paperotti-square-750-300x300.jpg 300w, https:\/\/www.italix.net\/wp-content\/uploads\/2019\/02\/adattivo-elefantino-e-paperotti-square-750-600x600.jpg 600w\" sizes=\"(max-width: 750px) 100vw, 750px\" \/><\/figure>\n<\/div><\/div>\n\n\n<style>.kadence-column_29d5f1-91 > .kt-inside-inner-col{border-top-width:0px;border-right-width:0px;border-bottom-width:0px;border-left-width:0px;}.kadence-column_29d5f1-91 > .kt-inside-inner-col,.kadence-column_29d5f1-91 > .kt-inside-inner-col:before{border-top-left-radius:0px;border-top-right-radius:0px;border-bottom-right-radius:0px;border-bottom-left-radius:0px;}.kadence-column_29d5f1-91 > .kt-inside-inner-col:before{opacity:0.3;}.kadence-column_29d5f1-91{position:relative;}<\/style>\n<div class=\"wp-block-kadence-column inner-column-2 kadence-column_29d5f1-91\"><div class=\"kt-inside-inner-col\"><style>.wp-block-kadence-advancedheading.kt-adv-heading_8db165-f3, .wp-block-kadence-advancedheading.kt-adv-heading_8db165-f3[data-kb-block=\"kb-adv-heading_8db165-f3\"]{font-style:normal;}.wp-block-kadence-advancedheading.kt-adv-heading_8db165-f3 mark, .wp-block-kadence-advancedheading.kt-adv-heading_8db165-f3[data-kb-block=\"kb-adv-heading_8db165-f3\"] mark{font-style:normal;color:#f76a0c;padding-top:0px;padding-right:0px;padding-bottom:0px;padding-left:0px;}<\/style>\n<h2 id=\"kt-adv-heading_8db165-f3\" class=\"kt-adv-heading_8db165-f3 wp-block-kadence-advancedheading\">Adaptive<\/h2>\n\n\n\n<p>Nous utilisons les derni\u00e8res technologies r\u00e9actives pour garantir une convivialit\u00e9 et une lisibilit\u00e9 maximales sur les \u00e9crans, grands et petits.<\/p>\n<\/div><\/div>\n<\/div><\/div><\/div>\n<\/div><\/div>\n<\/div><\/div><\/div>\n\n\n<style>#kt-layout-id_7387f1-7d > .kt-row-column-wrap{align-content:start;}:where(#kt-layout-id_7387f1-7d > .kt-row-column-wrap) > .wp-block-kadence-column{justify-content:start;}#kt-layout-id_7387f1-7d > .kt-row-column-wrap{column-gap:var(--global-kb-gap-md, 2rem);row-gap:var(--global-kb-gap-md, 2rem);padding-top:25px;padding-bottom:25px;padding-top:var(--global-kb-spacing-sm, 1.5rem);padding-bottom:var(--global-kb-spacing-sm, 1.5rem);grid-template-columns:repeat(2, minmax(0, 1fr));}#kt-layout-id_7387f1-7d > .kt-row-layout-overlay{opacity:0.30;}@media all and (max-width: 1024px){#kt-layout-id_7387f1-7d > .kt-row-column-wrap{grid-template-columns:repeat(2, minmax(0, 1fr));}}@media all and (max-width: 767px){#kt-layout-id_7387f1-7d > .kt-row-column-wrap{grid-template-columns:minmax(0, 1fr);}}<\/style>\n<div class=\"wp-block-kadence-rowlayout alignnone\"><div id=\"kt-layout-id_7387f1-7d\" class=\"kt-row-layout-inner  kt-layout-id_7387f1-7d\"><div class=\"kt-row-column-wrap kt-has-2-columns kt-gutter-default kt-v-gutter-default kt-row-valign-top kt-row-layout-equal kt-tab-layout-inherit kt-m-colapse-left-to-right kt-mobile-layout-row\"><style>.kadence-column_008d71-e0 > .kt-inside-inner-col{border-top-width:0px;border-right-width:0px;border-bottom-width:0px;border-left-width:0px;}.kadence-column_008d71-e0 > .kt-inside-inner-col,.kadence-column_008d71-e0 > .kt-inside-inner-col:before{border-top-left-radius:0px;border-top-right-radius:0px;border-bottom-right-radius:0px;border-bottom-left-radius:0px;}.kadence-column_008d71-e0 > .kt-inside-inner-col:before{opacity:0.3;}.kadence-column_008d71-e0{position:relative;}<\/style>\n<div class=\"wp-block-kadence-column inner-column-1 kadence-column_008d71-e0\"><div class=\"kt-inside-inner-col\"><style>#kt-layout-id_8d6df1-38 > .kt-row-column-wrap{align-content:start;}:where(#kt-layout-id_8d6df1-38 > .kt-row-column-wrap) > .wp-block-kadence-column{justify-content:start;}#kt-layout-id_8d6df1-38 > .kt-row-column-wrap{column-gap:var(--global-kb-gap-md, 2rem);row-gap:var(--global-kb-gap-md, 2rem);padding-top:25px;padding-bottom:25px;padding-top:var(--global-kb-spacing-sm, 1.5rem);padding-bottom:var(--global-kb-spacing-sm, 1.5rem);grid-template-columns:repeat(2, minmax(0, 1fr));}#kt-layout-id_8d6df1-38 > .kt-row-layout-overlay{opacity:0.30;}@media all and (max-width: 1024px){#kt-layout-id_8d6df1-38 > .kt-row-column-wrap{grid-template-columns:repeat(2, minmax(0, 1fr));}}@media all and (max-width: 767px){#kt-layout-id_8d6df1-38 > .kt-row-column-wrap{grid-template-columns:minmax(0, 1fr);}}<\/style>\n<div class=\"wp-block-kadence-rowlayout alignnone\"><div id=\"kt-layout-id_8d6df1-38\" class=\"kt-row-layout-inner  kt-layout-id_8d6df1-38\"><div class=\"kt-row-column-wrap kt-has-2-columns kt-gutter-default kt-v-gutter-default kt-row-valign-top kt-row-layout-equal kt-tab-layout-inherit kt-m-colapse-left-to-right kt-mobile-layout-row\"><style>.kadence-column_d9b958-d2 > .kt-inside-inner-col{border-top-width:0px;border-right-width:0px;border-bottom-width:0px;border-left-width:0px;}.kadence-column_d9b958-d2 > .kt-inside-inner-col,.kadence-column_d9b958-d2 > .kt-inside-inner-col:before{border-top-left-radius:0px;border-top-right-radius:0px;border-bottom-right-radius:0px;border-bottom-left-radius:0px;}.kadence-column_d9b958-d2 > .kt-inside-inner-col:before{opacity:0.3;}.kadence-column_d9b958-d2{position:relative;}<\/style>\n<div class=\"wp-block-kadence-column inner-column-1 kadence-column_d9b958-d2\"><div class=\"kt-inside-inner-col\">\n<figure class=\"wp-block-image\"><img decoding=\"async\" loading=\"lazy\" width=\"1000\" height=\"1000\" src=\"http:\/\/www.italix.net\/wp-content\/uploads\/2019\/02\/sicuro-cassa-1000.jpg\" alt=\"\" class=\"wp-image-143\" srcset=\"https:\/\/www.italix.net\/wp-content\/uploads\/2019\/02\/sicuro-cassa-1000.jpg 1000w, https:\/\/www.italix.net\/wp-content\/uploads\/2019\/02\/sicuro-cassa-1000-150x150.jpg 150w, https:\/\/www.italix.net\/wp-content\/uploads\/2019\/02\/sicuro-cassa-1000-300x300.jpg 300w, https:\/\/www.italix.net\/wp-content\/uploads\/2019\/02\/sicuro-cassa-1000-768x768.jpg 768w, https:\/\/www.italix.net\/wp-content\/uploads\/2019\/02\/sicuro-cassa-1000-600x600.jpg 600w\" sizes=\"(max-width: 1000px) 100vw, 1000px\" \/><\/figure>\n<\/div><\/div>\n\n\n<style>.kadence-column_f88ccd-57 > .kt-inside-inner-col{border-top-width:0px;border-right-width:0px;border-bottom-width:0px;border-left-width:0px;}.kadence-column_f88ccd-57 > .kt-inside-inner-col,.kadence-column_f88ccd-57 > .kt-inside-inner-col:before{border-top-left-radius:0px;border-top-right-radius:0px;border-bottom-right-radius:0px;border-bottom-left-radius:0px;}.kadence-column_f88ccd-57 > .kt-inside-inner-col:before{opacity:0.3;}.kadence-column_f88ccd-57{position:relative;}<\/style>\n<div class=\"wp-block-kadence-column inner-column-2 kadence-column_f88ccd-57\"><div class=\"kt-inside-inner-col\"><style>.wp-block-kadence-advancedheading.kt-adv-heading_971f0b-1c, .wp-block-kadence-advancedheading.kt-adv-heading_971f0b-1c[data-kb-block=\"kb-adv-heading_971f0b-1c\"]{font-style:normal;}.wp-block-kadence-advancedheading.kt-adv-heading_971f0b-1c mark, .wp-block-kadence-advancedheading.kt-adv-heading_971f0b-1c[data-kb-block=\"kb-adv-heading_971f0b-1c\"] mark{font-style:normal;color:#f76a0c;padding-top:0px;padding-right:0px;padding-bottom:0px;padding-left:0px;}<\/style>\n<h2 id=\"kt-adv-heading_971f0b-1c\" class=\"kt-adv-heading_971f0b-1c wp-block-kadence-advancedheading\">Bien s\u00fbr<\/h2>\n\n\n\n<p>Certificat SSL inclus dans le prix. Modules de s\u00e9curit\u00e9 sp\u00e9ciaux pour la protection contre les attaques externes.<\/p>\n<\/div><\/div>\n<\/div><\/div><\/div>\n\n\n\n<p>&nbsp;<\/p>\n<\/div><\/div>\n\n\n<style>.kadence-column_49c2b3-f7 > .kt-inside-inner-col{border-top-width:0px;border-right-width:0px;border-bottom-width:0px;border-left-width:0px;}.kadence-column_49c2b3-f7 > .kt-inside-inner-col,.kadence-column_49c2b3-f7 > .kt-inside-inner-col:before{border-top-left-radius:0px;border-top-right-radius:0px;border-bottom-right-radius:0px;border-bottom-left-radius:0px;}.kadence-column_49c2b3-f7 > .kt-inside-inner-col:before{opacity:0.3;}.kadence-column_49c2b3-f7{position:relative;}<\/style>\n<div class=\"wp-block-kadence-column inner-column-2 kadence-column_49c2b3-f7\"><div class=\"kt-inside-inner-col\"><style>#kt-layout-id_7aaecc-ab > .kt-row-column-wrap{align-content:start;}:where(#kt-layout-id_7aaecc-ab > .kt-row-column-wrap) > .wp-block-kadence-column{justify-content:start;}#kt-layout-id_7aaecc-ab > .kt-row-column-wrap{column-gap:var(--global-kb-gap-md, 2rem);row-gap:var(--global-kb-gap-md, 2rem);padding-top:25px;padding-bottom:25px;padding-top:var(--global-kb-spacing-sm, 1.5rem);padding-bottom:var(--global-kb-spacing-sm, 1.5rem);grid-template-columns:repeat(2, minmax(0, 1fr));}#kt-layout-id_7aaecc-ab > .kt-row-layout-overlay{opacity:0.30;}@media all and (max-width: 1024px){#kt-layout-id_7aaecc-ab > .kt-row-column-wrap{grid-template-columns:repeat(2, minmax(0, 1fr));}}@media all and (max-width: 767px){#kt-layout-id_7aaecc-ab > .kt-row-column-wrap{grid-template-columns:minmax(0, 1fr);}}<\/style>\n<div class=\"wp-block-kadence-rowlayout alignnone\"><div id=\"kt-layout-id_7aaecc-ab\" class=\"kt-row-layout-inner  kt-layout-id_7aaecc-ab\"><div class=\"kt-row-column-wrap kt-has-2-columns kt-gutter-default kt-v-gutter-default kt-row-valign-top kt-row-layout-equal kt-tab-layout-inherit kt-m-colapse-left-to-right kt-mobile-layout-row\"><style>.kadence-column_793428-4b > .kt-inside-inner-col{border-top-width:0px;border-right-width:0px;border-bottom-width:0px;border-left-width:0px;}.kadence-column_793428-4b > .kt-inside-inner-col,.kadence-column_793428-4b > .kt-inside-inner-col:before{border-top-left-radius:0px;border-top-right-radius:0px;border-bottom-right-radius:0px;border-bottom-left-radius:0px;}.kadence-column_793428-4b > .kt-inside-inner-col:before{opacity:0.3;}.kadence-column_793428-4b{position:relative;}<\/style>\n<div class=\"wp-block-kadence-column inner-column-1 kadence-column_793428-4b\"><div class=\"kt-inside-inner-col\">\n<figure class=\"wp-block-image\"><img decoding=\"async\" loading=\"lazy\" width=\"1000\" height=\"1000\" src=\"http:\/\/www.italix.net\/wp-content\/uploads\/2019\/02\/ottimizzato-ferrari-1000.jpg\" alt=\"\" class=\"wp-image-161\" srcset=\"https:\/\/www.italix.net\/wp-content\/uploads\/2019\/02\/ottimizzato-ferrari-1000.jpg 1000w, https:\/\/www.italix.net\/wp-content\/uploads\/2019\/02\/ottimizzato-ferrari-1000-150x150.jpg 150w, https:\/\/www.italix.net\/wp-content\/uploads\/2019\/02\/ottimizzato-ferrari-1000-300x300.jpg 300w, https:\/\/www.italix.net\/wp-content\/uploads\/2019\/02\/ottimizzato-ferrari-1000-768x768.jpg 768w, https:\/\/www.italix.net\/wp-content\/uploads\/2019\/02\/ottimizzato-ferrari-1000-600x600.jpg 600w\" sizes=\"(max-width: 1000px) 100vw, 1000px\" \/><\/figure>\n\n\n\n<p>&nbsp;<\/p>\n<\/div><\/div>\n\n\n<style>.kadence-column_91e142-12 > .kt-inside-inner-col{border-top-width:0px;border-right-width:0px;border-bottom-width:0px;border-left-width:0px;}.kadence-column_91e142-12 > .kt-inside-inner-col,.kadence-column_91e142-12 > .kt-inside-inner-col:before{border-top-left-radius:0px;border-top-right-radius:0px;border-bottom-right-radius:0px;border-bottom-left-radius:0px;}.kadence-column_91e142-12 > .kt-inside-inner-col:before{opacity:0.3;}.kadence-column_91e142-12{position:relative;}<\/style>\n<div class=\"wp-block-kadence-column inner-column-2 kadence-column_91e142-12\"><div class=\"kt-inside-inner-col\"><style>.wp-block-kadence-advancedheading.kt-adv-heading_a4ac3f-9b, .wp-block-kadence-advancedheading.kt-adv-heading_a4ac3f-9b[data-kb-block=\"kb-adv-heading_a4ac3f-9b\"]{font-style:normal;}.wp-block-kadence-advancedheading.kt-adv-heading_a4ac3f-9b mark, .wp-block-kadence-advancedheading.kt-adv-heading_a4ac3f-9b[data-kb-block=\"kb-adv-heading_a4ac3f-9b\"] mark{font-style:normal;color:#f76a0c;padding-top:0px;padding-right:0px;padding-bottom:0px;padding-left:0px;}<\/style>\n<h2 id=\"kt-adv-heading_a4ac3f-9b\" class=\"kt-adv-heading_a4ac3f-9b wp-block-kadence-advancedheading\">Optimis\u00e9<\/h2>\n\n\n\n<p>Nous mettons en place des pages afin d'optimiser votre site. Nous vous aidons \u00e0 r\u00e9diger un texte avec les bons mots cl\u00e9s afin qu'il apparaisse en bonne position sur les moteurs de recherche (SEO). <\/p>\n\n\n\n<p><br><\/p>\n<\/div><\/div>\n<\/div><\/div><\/div>\n<\/div><\/div>\n<\/div><\/div><\/div>\n\n\n\n<p><a href=\"https:\/\/www.italix.net\/fr\/contacts\/\">Nous contacter<\/a> pour obtenir un devis sans engagement et d\u00e9crire vos besoins. <\/p>\n\n\n\n<p>&nbsp;<\/p>","protected":false},"excerpt":{"rendered":"<p>Il sito internet oggi \u00e8 il biglietto da visita virtuale che ti permette di lasciare una buona impressione a prima vista. Noi vogliamo renderlo il fiore all\u2019occhiello della tua attivit\u00e0. Per farlo, esponiamo in vetrina i tuoi punti forza e valorizziamo ci\u00f2 che fai. Bello In primo luogo lavoriamo perch\u00e9 il tuo sito sia bello: [&hellip;]<\/p>","protected":false},"author":1,"featured_media":0,"parent":199,"menu_order":0,"comment_status":"closed","ping_status":"closed","template":"","meta":[],"acf":[],"_links":{"self":[{"href":"https:\/\/www.italix.net\/fr\/wp-json\/wp\/v2\/pages\/235"}],"collection":[{"href":"https:\/\/www.italix.net\/fr\/wp-json\/wp\/v2\/pages"}],"about":[{"href":"https:\/\/www.italix.net\/fr\/wp-json\/wp\/v2\/types\/page"}],"author":[{"embeddable":true,"href":"https:\/\/www.italix.net\/fr\/wp-json\/wp\/v2\/users\/1"}],"replies":[{"embeddable":true,"href":"https:\/\/www.italix.net\/fr\/wp-json\/wp\/v2\/comments?post=235"}],"version-history":[{"count":11,"href":"https:\/\/www.italix.net\/fr\/wp-json\/wp\/v2\/pages\/235\/revisions"}],"predecessor-version":[{"id":2615,"href":"https:\/\/www.italix.net\/fr\/wp-json\/wp\/v2\/pages\/235\/revisions\/2615"}],"up":[{"embeddable":true,"href":"https:\/\/www.italix.net\/fr\/wp-json\/wp\/v2\/pages\/199"}],"wp:attachment":[{"href":"https:\/\/www.italix.net\/fr\/wp-json\/wp\/v2\/media?parent=235"}],"curies":[{"name":"wp","href":"https:\/\/api.w.org\/{rel}","templated":true}]}}