{"id":937,"date":"2020-01-29T16:04:23","date_gmt":"2020-01-29T15:04:23","guid":{"rendered":"https:\/\/www.italix.net\/?page_id=937"},"modified":"2020-01-29T16:17:43","modified_gmt":"2020-01-29T15:17:43","slug":"cookie-policy","status":"publish","type":"page","link":"https:\/\/www.italix.net\/es\/politica-de-cookies\/","title":{"rendered":"Pol\u00edtica de cookies"},"content":{"rendered":"<div class=\"ix-legal-page container-fluid\" style=\"text-align: justify;\">\n<p>Nuestra Pol\u00edtica de Cookies tiene por objeto describir los tipos de cookies que utiliza el sitio web italix.net (en adelante, \"<strong>P\u00e1gina web<\/strong>\"), las finalidades de las cookies instaladas y las formas en que el usuario puede seleccionar o deseleccionar las cookies presentes en el Sitio y beneficiarse de los servicios ofrecidos.<\/p>\n<p>Utilizamos cookies para que nuestro sitio sea m\u00e1s f\u00e1cil e intuitivo de usar. Los datos recogidos a trav\u00e9s de las cookies se utilizan para que su experiencia de navegaci\u00f3n sea m\u00e1s agradable y eficiente en el futuro.<\/p>\n<h3><strong>1. QU\u00c9 SON LAS COOKIES<\/strong><\/h3>\n<p>Las cookies, tal y como las define el \u00d3rgano Garante, son peque\u00f1as cadenas de texto que las aplicaciones visitadas por el usuario env\u00edan a su terminal (normalmente al navegador), donde se almacenan para ser retransmitidas a las mismas aplicaciones la pr\u00f3xima vez que el mismo usuario las visite.<\/p>\n<p>El t\u00e9rmino \"cookie\" se refiere tanto a las cookies, propiamente dichas, como a todas las tecnolog\u00edas similares.<\/p>\n<p>Las cookies se utilizan para un acceso m\u00e1s r\u00e1pido a los servicios en l\u00ednea y para mejorar la navegaci\u00f3n del usuario mediante el seguimiento de las sesiones, el almacenamiento de la informaci\u00f3n del usuario, la carga m\u00e1s r\u00e1pida del contenido, etc.<\/p>\n<h3><strong>2. TIPOS DE COOKIES<\/strong><\/h3>\n<p>Las cookies pueden ser:<\/p>\n<p><strong>Cookies de origen:&nbsp;<\/strong>son las cookies propias utilizadas por el titular del Sitio con el fin de permitir al usuario una navegaci\u00f3n m\u00e1s eficiente y\/o controlar las acciones del usuario;<\/p>\n<p><strong>Cookies de terceros:&nbsp;<\/strong>son cookies instaladas por un sitio distinto al que est\u00e1 visitando en ese momento para permitirle una navegaci\u00f3n m\u00e1s eficiente y\/o controlar sus acciones.<\/p>\n<p>Adem\u00e1s, se distinguen diferentes tipos de cookies:<\/p>\n<ul>\n    <li><strong>Cookies t\u00e9cnicas:&nbsp;<\/strong>utilizados con el \u00fanico fin de \"llevar a cabo la transmisi\u00f3n de una comunicaci\u00f3n a trav\u00e9s de una red de comunicaciones electr\u00f3nicas, o en la medida estrictamente necesaria para que el proveedor de un servicio de la sociedad de la informaci\u00f3n solicitado expl\u00edcitamente por el abonado o usuario preste dicho servicio\" (Art. 122, p\u00e1rrafo 1 del C\u00f3digo de Privacidad). Las cookies t\u00e9cnicas incluyen:<\/li>\n    <ul>\n        <li><strong>Cookies de sesi\u00f3n o de navegaci\u00f3n:&nbsp;<\/strong>se utilizan para hacer un seguimiento de la actividad del usuario en la web. Garantizan la navegaci\u00f3n normal y el disfrute del Sitio, permitiendo, por ejemplo, una navegaci\u00f3n m\u00e1s r\u00e1pida, la realizaci\u00f3n de una compra o la autentificaci\u00f3n para el acceso a \u00e1reas restringidas, y son de hecho necesarias para su correcto funcionamiento.<\/li>\n        <li><strong>Cookies de funcionalidad:&nbsp;<\/strong>permitir al usuario navegar seg\u00fan un conjunto de criterios seleccionados (por ejemplo, el idioma, los productos seleccionados para la compra) con el fin de mejorar el servicio prestado al usuario.<\/li>\n        <li><strong>Cookies anal\u00edticas de origen:&nbsp;<\/strong>asimilables desde el punto de vista normativo a las cookies t\u00e9cnicas si son utilizadas directamente por el titular del Sitio sin elaborar perfiles del usuario, sino \u00fanicamente para recoger informaci\u00f3n, de forma agregada y an\u00f3nima, sobre el n\u00famero de usuarios y la forma en que visitan el Sitio con fines estad\u00edsticos y para mejorar el rendimiento del mismo.<\/li>\n        <li><strong>Cookies anal\u00edticas de terceros:&nbsp;<\/strong>son puestas a disposici\u00f3n por terceros y se asimilan a las cookies t\u00e9cnicas si los terceros no realizan la elaboraci\u00f3n de perfiles de usuario mediante el uso de herramientas adecuadas para reducir el poder de identificaci\u00f3n de las cookies (por ejemplo, enmascarando partes significativas de la direcci\u00f3n IP) y sin cruzar la informaci\u00f3n recogida con otras que ya tienen.<\/li>\n    <\/ul>\n<\/ul>\n<ul>\n    <li>En el caso de las cookies t\u00e9cnicas, solo se exige la Pol\u00edtica de Cookies sin requerir el consentimiento (art. 13 del C\u00f3digo de Privacidad).<\/li>\n    <ul>\n        <li><strong>Cookies de perfil:&nbsp;<\/strong>se utilizan para supervisar la navegaci\u00f3n web del usuario y crear un perfil de sus h\u00e1bitos:<\/li>\n        <li><strong>Cookies de perfil de origen:&nbsp;<\/strong>instalada por el propietario del sitio para crear perfiles del usuario con el fin de enviar mensajes publicitarios de acuerdo con las preferencias expresadas durante la navegaci\u00f3n por la web. Dada su particular invasi\u00f3n en la esfera privada de los usuarios, la legislaci\u00f3n europea e italiana exige que se informe adecuadamente a los usuarios de su uso, que den su consentimiento y que se notifique al Garante de la Privacidad.<\/li>\n        <li><strong>Cookies de perfiles de terceros:&nbsp;<\/strong>utilizados por terceros que acceden a la informaci\u00f3n en texto plano, es decir, no en modo an\u00f3nimo y agregado, y la cruzan con otros datos que ya est\u00e1n en su poder. El Sitio no tiene control directo sobre las cookies individuales de terceros y no puede instalarlas o eliminarlas directamente. Por lo tanto, se invita al usuario a comprobar la pol\u00edtica de cookies correspondiente en el sitio web del tercero.<\/li>\n    <\/ul>\n<\/ul>\n<p>En el caso de estas cookies, la legislaci\u00f3n exige que se informe adecuadamente al usuario sobre el uso de las mismas, que \u00e9ste d\u00e9 su consentimiento y que la parte que utilice los datos lo notifique al Garante de la Privacidad.<\/p>\n<h3><strong>3. COOKIES INSTALADAS<\/strong><\/h3>\n<p>Las cookies de este Sitio son:<\/p>\n<ul>\n    <li>cookies t\u00e9cnicas necesarias para el funcionamiento del sitio;<\/li>\n    <li>cookies de terceros, que pueden llevar a cabo actividades de elaboraci\u00f3n de perfiles de usuario incluso sin el conocimiento del responsable del tratamiento. Para m\u00e1s informaci\u00f3n, le recomendamos que consulte detenidamente las pol\u00edticas de privacidad de cada uno de los servicios que se indican a continuaci\u00f3n.<\/li>\n<\/ul>\n<p>A continuaci\u00f3n se presenta una lista de las cookies de terceros presentes en este Sitio:<\/p>\n<ul>\n    <li><strong>Google Analytics con IP an\u00f3nima<\/strong><br \/> Google Analytics instala cookies para medir las visitas al Sitio y las compras realizadas con fines de an\u00e1lisis. La direcci\u00f3n IP de los usuarios se anonimizar\u00e1.<br \/> Para m\u00e1s informaci\u00f3n y para desactivar las cookies, visite: https:\/\/www.google.com\/intl\/it\/policies\/privacy\/.<\/li>\n<\/ul>\n<p>En relaci\u00f3n con las cookies de terceros, \u00e9stos pueden llevar a cabo actividades de elaboraci\u00f3n de perfiles de usuario incluso sin el conocimiento del Responsable del Tratamiento. Para m\u00e1s informaci\u00f3n, le recomendamos que consulte detenidamente las pol\u00edticas de privacidad de los servicios mencionados.<\/p>\n<h3><strong>4. DURACI\u00d3N DE LA COOKIE<\/strong><\/h3>\n<p>Las cookies tienen una vida \u00fatil dictada por la fecha de caducidad o por una acci\u00f3n espec\u00edfica, como el cierre del navegador, establecida en el momento de la instalaci\u00f3n. Las cookies pueden ser:<\/p>\n<ul>\n    <li><strong>temporal o de sesi\u00f3n<\/strong>Se utilizan para almacenar informaci\u00f3n temporal, permiten enlazar con acciones realizadas durante una sesi\u00f3n concreta y se eliminan del ordenador cuando se cierra el navegador;<\/li>\n    <li><strong>persistente<\/strong>se utilizan para almacenar informaci\u00f3n, como el nombre de usuario y la contrase\u00f1a, para que el usuario no tenga que volver a escribirlos cada vez que visite un sitio espec\u00edfico. Estas permanecen almacenadas en el ordenador incluso despu\u00e9s de cerrar el navegador.<\/li>\n<\/ul>\n<h3><strong>5. MANIFESTACI\u00d3N DE CONSENTIMIENTO<\/strong><\/h3>\n<p>En el caso de las cookies que requieren consentimiento, la primera vez que visite el sitio ver\u00e1 autom\u00e1ticamente un banner, que contiene tanto el enlace a este aviso de informaci\u00f3n completa como la solicitud de su consentimiento para el uso de cookies.<\/p>\n<p>El usuario puede dar su consentimiento haciendo clic en el bot\u00f3n OK del banner, desplaz\u00e1ndose hacia abajo en la p\u00e1gina y\/o accediendo a otras secciones del Sitio haciendo clic en los enlaces de la p\u00e1gina web situados debajo del propio banner (acci\u00f3n consecuente).<\/p>\n<h3><strong>6. C\u00d3MO DESACTIVAR LAS COOKIES<\/strong><\/h3>\n<p>Puede gestionar sus preferencias de cookies directamente en su navegador y evitar que terceros instalen cookies. Tambi\u00e9n puede utilizar las preferencias de su navegador para eliminar las cookies que se hayan instalado en el pasado, incluidas las cookies en las que haya almacenado su consentimiento para que este Sitio instale cookies. Si desactiva todas las cookies, el funcionamiento de este sitio puede verse afectado.<\/p>\n<p>Puede encontrar informaci\u00f3n y ejercer su derecho a oponerse al seguimiento de las cookies en su navegador en las siguientes direcciones:<\/p>\n<ul>\n    <li>Internet Explorer: http:\/\/windows.microsoft.com\/it-IT\/internet-explorer\/delete-manage-cookies;<\/li>\n    <li>Google Chrome: https:\/\/support.google.com\/chrome\/answer\/95647?hl=it;<\/li>\n    <li>Mozilla Firefox: https:\/\/support.mozilla.org\/it\/kb\/Gestione%20dei%20cookie;<\/li>\n    <li>Opera: http:\/\/help.opera.com\/Windows\/10.00\/it\/cookies.html;<\/li>\n    <li>Apple Safari: https:\/\/support.apple.com\/kb\/PH19214?locale=it_IT.<\/li>\n<\/ul>\n<p>Las cookies tambi\u00e9n pueden eliminarse solicitando la exclusi\u00f3n voluntaria directamente a terceros o a trav\u00e9s de http:\/\/www.youronlinechoices.com\/it, donde puede gestionar sus preferencias de seguimiento para la mayor\u00eda de las herramientas publicitarias.<\/p>\n<h3><strong>7. DERECHOS DE LOS USUARIOS<\/strong><\/h3>\n<p>El usuario tiene derecho a ejercer en cualquier momento los derechos reconocidos por el art\u00edculo 7 del Decreto Legislativo 196\/2003. En particular, podr\u00e1, entre otras cosas, obtener una copia de los datos tratados, su actualizaci\u00f3n, origen, finalidad y m\u00e9todo de tratamiento, su rectificaci\u00f3n o integraci\u00f3n, su cancelaci\u00f3n, transformaci\u00f3n en forma an\u00f3nima o bloqueo por tratamiento contrario a la ley, y podr\u00e1 oponerse a su tratamiento por motivos leg\u00edtimos.<\/p>\n<p>Para ejercer estos derechos, dir\u00edjase al responsable del tratamiento de datos Italix Sas di Andrea Sivieri e Soci, con domicilio social en via Divisione Folgore 5\/B - 36100 Vicenza (VI), n\u00famero de IVA \/ C.F. 04311980280, direcci\u00f3n de correo electr\u00f3nico info@italix.net.<\/p>\n<p>&nbsp;<\/p>\n<p>Puede encontrar m\u00e1s informaci\u00f3n sobre el tratamiento de datos en el siguiente enlace https:\/\/www.italix.net\/privacy-policy\/.<\/p>\n<\/div>","protected":false},"excerpt":{"rendered":"<p>La nostra Cookie Policy ha l&rsquo;intento di descrivere le tipologie di cookie utilizzati dal sito web italix.net (di seguito &ldquo;Sito&rdquo;), le finalit&agrave; dei cookie installati e le modalit&agrave; con cui l&rsquo;utente pu&ograve; selezionare o deselezionare i cookie presenti sul Sito e che fruiscono dei servizi proposti. Utilizziamo i cookie per rendere il nostro Sito pi&ugrave; [&hellip;]<\/p>","protected":false},"author":1,"featured_media":0,"parent":0,"menu_order":0,"comment_status":"closed","ping_status":"closed","template":"","meta":[],"acf":[],"_links":{"self":[{"href":"https:\/\/www.italix.net\/es\/wp-json\/wp\/v2\/pages\/937"}],"collection":[{"href":"https:\/\/www.italix.net\/es\/wp-json\/wp\/v2\/pages"}],"about":[{"href":"https:\/\/www.italix.net\/es\/wp-json\/wp\/v2\/types\/page"}],"author":[{"embeddable":true,"href":"https:\/\/www.italix.net\/es\/wp-json\/wp\/v2\/users\/1"}],"replies":[{"embeddable":true,"href":"https:\/\/www.italix.net\/es\/wp-json\/wp\/v2\/comments?post=937"}],"version-history":[{"count":4,"href":"https:\/\/www.italix.net\/es\/wp-json\/wp\/v2\/pages\/937\/revisions"}],"predecessor-version":[{"id":945,"href":"https:\/\/www.italix.net\/es\/wp-json\/wp\/v2\/pages\/937\/revisions\/945"}],"wp:attachment":[{"href":"https:\/\/www.italix.net\/es\/wp-json\/wp\/v2\/media?parent=937"}],"curies":[{"name":"wp","href":"https:\/\/api.w.org\/{rel}","templated":true}]}}