{"id":3,"date":"2018-12-25T22:54:13","date_gmt":"2018-12-25T21:54:13","guid":{"rendered":"http:\/\/www.italix.net\/?page_id=3"},"modified":"2020-01-29T17:01:03","modified_gmt":"2020-01-29T16:01:03","slug":"privacy-policy-bozza","status":"publish","type":"page","link":"https:\/\/www.italix.net\/es\/privacy-policy-bozza\/","title":{"rendered":"Pol\u00edtica de privacidad"},"content":{"rendered":"<h2 class=\"wp-block-heading\">Sobre nosotros<\/h2><p>L&#8217;indirizzo del nostro sito web \u00e8: http:\/\/www.italix.net.<\/p><h2 class=\"wp-block-heading\">Qu\u00e9 datos personales recogemos y por qu\u00e9 los recogemos<\/h2><h3 class=\"wp-block-heading\">Comentarios<\/h3><p>Cuando los visitantes dejan comentarios en el sitio, recogemos los datos que aparecen en el formulario de comentarios, adem\u00e1s de la direcci\u00f3n IP del visitante y la cadena de agentes de usuario del navegador, para facilitar la detecci\u00f3n de spam.<\/p><p>Una cadena an\u00f3nima creada a partir de tu direcci\u00f3n de correo electr\u00f3nico (tambi\u00e9n conocida como hash) puede ser proporcionada al servicio Gravatar para ver si lo est\u00e1s utilizando. La pol\u00edtica de privacidad del servicio Gravatar est\u00e1 disponible aqu\u00ed: https:\/\/automattic.com\/privacy\/. Tras la aprobaci\u00f3n de su comentario, su foto de perfil es visible p\u00fablicamente en el contexto de su comentario.<\/p><h3 class=\"wp-block-heading\">Medios de comunicaci\u00f3n<\/h3><p>Si subes im\u00e1genes al sitio web, debes evitar subir im\u00e1genes que incluyan datos de ubicaci\u00f3n incrustados (EXIF GPS). Los visitantes del sitio web pueden descargar y extraer cualquier dato de localizaci\u00f3n de las im\u00e1genes del sitio web.<\/p><h3 class=\"wp-block-heading\">Formulario de contacto<\/h3><h3 class=\"wp-block-heading\">Galletas<\/h3><p>Si deja un comentario en nuestro sitio, puede elegir guardar su nombre, direcci\u00f3n de correo electr\u00f3nico y sitio web en las cookies. Se utilizan para su comodidad, para que no tenga que volver a introducir sus datos cuando deje otro comentario. Estas galletas durar\u00e1n un a\u00f1o.<\/p><p>Si tiene una cuenta y accede a este sitio, se instalar\u00e1 una cookie temporal para determinar si su navegador acepta cookies. Esta cookie no contiene datos personales y se elimina al cerrar el navegador.<\/p><p>Al iniciar la sesi\u00f3n, se establecer\u00e1n varias cookies para almacenar su informaci\u00f3n de inicio de sesi\u00f3n y las opciones de la pantalla. Las cookies de inicio de sesi\u00f3n duran dos d\u00edas, mientras que las de opciones de pantalla duran un a\u00f1o. Si seleccionas \"Recordarme\", tu acceso se mantendr\u00e1 durante quince d\u00edas. Si cierra la sesi\u00f3n de su cuenta, se eliminar\u00e1n las cookies de inicio de sesi\u00f3n.<\/p><p>Si edita o publica un art\u00edculo, se guardar\u00e1 una cookie adicional en su navegador. Esta cookie no incluye ning\u00fan dato personal, sino que simplemente indica el ID del art\u00edculo que acaba de editar. Caduca al cabo de 1 d\u00eda.<\/p><h3 class=\"wp-block-heading\">Contenido incrustado de otros sitios web<\/h3><p>Los art\u00edculos de este sitio pueden incluir contenido incrustado (por ejemplo, v\u00eddeos, im\u00e1genes, art\u00edculos, etc.). El contenido incrustado de otros sitios web se comporta exactamente igual que si el visitante hubiera visitado el otro sitio web.<\/p><p>Estos sitios web pueden recopilar datos sobre usted, utilizar cookies, integrar un seguimiento adicional de terceros y supervisar su interacci\u00f3n con ellos, incluido el seguimiento de su interacci\u00f3n con el contenido incrustado si tiene una cuenta y ha iniciado sesi\u00f3n en esos sitios web.<\/p><h3 class=\"wp-block-heading\">Anal\u00edtica<\/h3><h2 class=\"wp-block-heading\">Con qui\u00e9n compartimos sus datos<\/h2><h2 class=\"wp-block-heading\">Cu\u00e1nto tiempo conservamos sus datos<\/h2><p>Si deja un comentario, \u00e9ste y sus metadatos se almacenan indefinidamente. As\u00ed podemos reconocer y aprobar autom\u00e1ticamente cualquier comentario posterior en lugar de mantenerlo en una cola de moderaci\u00f3n.<\/p><p>En el caso de los usuarios que se registran en nuestro sitio web (si los hay), tambi\u00e9n almacenamos la informaci\u00f3n personal que proporcionan en su perfil de usuario. Todos los usuarios pueden ver, editar o eliminar su informaci\u00f3n personal en cualquier momento (excepto su nombre de usuario, que no pueden cambiar). Los administradores del sitio web tambi\u00e9n pueden ver y editar esta informaci\u00f3n.<\/p><h2 class=\"wp-block-heading\">\u00bfQu\u00e9 derechos tiene usted sobre sus datos?<\/h2><p>Si tiene una cuenta en este sitio, o ha dejado comentarios, puede solicitar recibir un archivo exportado del sitio con los datos personales que tenemos sobre usted, incluidos los datos que nos ha proporcionado. Tambi\u00e9n puede solicitar que eliminemos todos sus datos personales. Esto no incluye los datos que estamos obligados a conservar por motivos administrativos, legales o de seguridad.<\/p><h2 class=\"wp-block-heading\">D\u00f3nde enviamos sus datos<\/h2><p>Los comentarios de los visitantes pueden ser revisados a trav\u00e9s de un servicio de detecci\u00f3n autom\u00e1tica de spam.<\/p><h2 class=\"wp-block-heading\">Sus datos de contacto<\/h2><h2 class=\"wp-block-heading\">Informaci\u00f3n adicional<\/h2><h3 class=\"wp-block-heading\">C\u00f3mo protegemos sus datos<\/h3><h3 class=\"wp-block-heading\">Qu\u00e9 procedimientos tenemos para prevenir las violaciones de datos<\/h3><h3 class=\"wp-block-heading\">De qu\u00e9 terceros recibimos datos<\/h3><h3 class=\"wp-block-heading\">Qu\u00e9 toma de decisiones y\/o elaboraci\u00f3n de perfiles automatizados hacemos con sus datos<\/h3><h3 class=\"wp-block-heading\">Requisitos de informaci\u00f3n reglamentaria<\/h3>","protected":false},"excerpt":{"rendered":"<p>Chi siamo L&#8217;indirizzo del nostro sito web \u00e8: http:\/\/www.italix.net. Quali dati personali raccogliamo e perch\u00e9 li raccogliamo Commenti Quando i visitatori lasciano commenti sul sito, raccogliamo i dati mostrati nel modulo dei commenti oltre all&#8217;indirizzo IP del visitatore e la stringa dello user agent del browser per facilitare il rilevamento dello spam. Una stringa anonimizzata [&hellip;]<\/p>","protected":false},"author":1,"featured_media":0,"parent":0,"menu_order":0,"comment_status":"closed","ping_status":"open","template":"","meta":[],"acf":[],"_links":{"self":[{"href":"https:\/\/www.italix.net\/es\/wp-json\/wp\/v2\/pages\/3"}],"collection":[{"href":"https:\/\/www.italix.net\/es\/wp-json\/wp\/v2\/pages"}],"about":[{"href":"https:\/\/www.italix.net\/es\/wp-json\/wp\/v2\/types\/page"}],"author":[{"embeddable":true,"href":"https:\/\/www.italix.net\/es\/wp-json\/wp\/v2\/users\/1"}],"replies":[{"embeddable":true,"href":"https:\/\/www.italix.net\/es\/wp-json\/wp\/v2\/comments?post=3"}],"version-history":[{"count":1,"href":"https:\/\/www.italix.net\/es\/wp-json\/wp\/v2\/pages\/3\/revisions"}],"predecessor-version":[{"id":955,"href":"https:\/\/www.italix.net\/es\/wp-json\/wp\/v2\/pages\/3\/revisions\/955"}],"wp:attachment":[{"href":"https:\/\/www.italix.net\/es\/wp-json\/wp\/v2\/media?parent=3"}],"curies":[{"name":"wp","href":"https:\/\/api.w.org\/{rel}","templated":true}]}}