{"id":202,"date":"2019-02-08T12:10:46","date_gmt":"2019-02-08T11:10:46","guid":{"rendered":"http:\/\/www.italix.net\/?page_id=202"},"modified":"2019-03-12T01:39:09","modified_gmt":"2019-03-12T00:39:09","slug":"immagine-e-comunicazione","status":"publish","type":"page","link":"https:\/\/www.italix.net\/es\/servizi\/imagen-y-comunicacion\/","title":{"rendered":"Imagen y comunicaci\u00f3n"},"content":{"rendered":"<p>Creamos su logotipo, mejoramos su imagen, hacemos que el mundo conozca sus puntos fuertes. Como un pintor que pinta un lienzo, elegimos las l\u00edneas y los colores que mejor te realzan. \u00bfC\u00f3mo se puede captar la atenci\u00f3n desde el primer vistazo? \u00bfQu\u00e9 elementos trabajamos?<\/p>\n\n\n<style>#kt-layout-id_4679d0-0c > .kt-row-column-wrap{align-content:start;}:where(#kt-layout-id_4679d0-0c > .kt-row-column-wrap) > .wp-block-kadence-column{justify-content:start;}#kt-layout-id_4679d0-0c > .kt-row-column-wrap{column-gap:var(--global-kb-gap-md, 2rem);row-gap:var(--global-kb-gap-md, 2rem);padding-top:25px;padding-bottom:25px;padding-top:var(--global-kb-spacing-sm, 1.5rem);padding-bottom:var(--global-kb-spacing-sm, 1.5rem);grid-template-columns:repeat(2, minmax(0, 1fr));}#kt-layout-id_4679d0-0c > .kt-row-layout-overlay{opacity:0.30;}@media all and (max-width: 1024px){#kt-layout-id_4679d0-0c > .kt-row-column-wrap{grid-template-columns:repeat(2, minmax(0, 1fr));}}@media all and (max-width: 767px){#kt-layout-id_4679d0-0c > .kt-row-column-wrap{grid-template-columns:minmax(0, 1fr);}}<\/style>\n<div class=\"wp-block-kadence-rowlayout alignnone\"><div id=\"kt-layout-id_4679d0-0c\" class=\"kt-row-layout-inner  kt-layout-id_4679d0-0c\"><div class=\"kt-row-column-wrap kt-has-2-columns kt-gutter-default kt-v-gutter-default kt-row-valign-top kt-row-layout-equal kt-tab-layout-inherit kt-m-colapse-left-to-right kt-mobile-layout-row\"><style>.kadence-column_8a423c-25 > .kt-inside-inner-col{border-top-width:0px;border-right-width:0px;border-bottom-width:0px;border-left-width:0px;}.kadence-column_8a423c-25 > .kt-inside-inner-col,.kadence-column_8a423c-25 > .kt-inside-inner-col:before{border-top-left-radius:0px;border-top-right-radius:0px;border-bottom-right-radius:0px;border-bottom-left-radius:0px;}.kadence-column_8a423c-25 > .kt-inside-inner-col:before{opacity:0.3;}.kadence-column_8a423c-25{position:relative;}<\/style>\n<div class=\"wp-block-kadence-column inner-column-1 kadence-column_8a423c-25\"><div class=\"kt-inside-inner-col\"><style>#kt-layout-id_db0268-a3 > .kt-row-column-wrap{align-content:start;}:where(#kt-layout-id_db0268-a3 > .kt-row-column-wrap) > .wp-block-kadence-column{justify-content:start;}#kt-layout-id_db0268-a3 > .kt-row-column-wrap{column-gap:var(--global-kb-gap-md, 2rem);row-gap:var(--global-kb-gap-md, 2rem);padding-top:25px;padding-bottom:25px;padding-top:var(--global-kb-spacing-sm, 1.5rem);padding-bottom:var(--global-kb-spacing-sm, 1.5rem);grid-template-columns:repeat(2, minmax(0, 1fr));}#kt-layout-id_db0268-a3 > .kt-row-layout-overlay{opacity:0.30;}@media all and (max-width: 1024px){#kt-layout-id_db0268-a3 > .kt-row-column-wrap{grid-template-columns:repeat(2, minmax(0, 1fr));}}@media all and (max-width: 767px){#kt-layout-id_db0268-a3 > .kt-row-column-wrap{grid-template-columns:minmax(0, 1fr);}}<\/style>\n<div class=\"wp-block-kadence-rowlayout alignnone\"><div id=\"kt-layout-id_db0268-a3\" class=\"kt-row-layout-inner  kt-layout-id_db0268-a3\"><div class=\"kt-row-column-wrap kt-has-2-columns kt-gutter-default kt-v-gutter-default kt-row-valign-top kt-row-layout-equal kt-tab-layout-inherit kt-m-colapse-left-to-right kt-mobile-layout-row\"><style>.kadence-column_ac2ee7-43 > .kt-inside-inner-col{border-top-width:0px;border-right-width:0px;border-bottom-width:0px;border-left-width:0px;}.kadence-column_ac2ee7-43 > .kt-inside-inner-col,.kadence-column_ac2ee7-43 > .kt-inside-inner-col:before{border-top-left-radius:0px;border-top-right-radius:0px;border-bottom-right-radius:0px;border-bottom-left-radius:0px;}.kadence-column_ac2ee7-43 > .kt-inside-inner-col:before{opacity:0.3;}.kadence-column_ac2ee7-43{position:relative;}<\/style>\n<div class=\"wp-block-kadence-column inner-column-1 kadence-column_ac2ee7-43\"><div class=\"kt-inside-inner-col\">\n<figure class=\"wp-block-image\"><img decoding=\"async\" loading=\"lazy\" width=\"378\" height=\"378\" src=\"http:\/\/www.italix.net\/wp-content\/uploads\/2019\/02\/01-design-identity-square-1.jpg\" alt=\"\" class=\"wp-image-279\" srcset=\"https:\/\/www.italix.net\/wp-content\/uploads\/2019\/02\/01-design-identity-square-1.jpg 378w, https:\/\/www.italix.net\/wp-content\/uploads\/2019\/02\/01-design-identity-square-1-150x150.jpg 150w, https:\/\/www.italix.net\/wp-content\/uploads\/2019\/02\/01-design-identity-square-1-300x300.jpg 300w\" sizes=\"(max-width: 378px) 100vw, 378px\" \/><\/figure>\n<\/div><\/div>\n\n\n<style>.kadence-column_573c6f-cb > .kt-inside-inner-col{border-top-width:0px;border-right-width:0px;border-bottom-width:0px;border-left-width:0px;}.kadence-column_573c6f-cb > .kt-inside-inner-col,.kadence-column_573c6f-cb > .kt-inside-inner-col:before{border-top-left-radius:0px;border-top-right-radius:0px;border-bottom-right-radius:0px;border-bottom-left-radius:0px;}.kadence-column_573c6f-cb > .kt-inside-inner-col:before{opacity:0.3;}.kadence-column_573c6f-cb{position:relative;}<\/style>\n<div class=\"wp-block-kadence-column inner-column-2 kadence-column_573c6f-cb\"><div class=\"kt-inside-inner-col\"><style>.wp-block-kadence-advancedheading.kt-adv-heading_589f79-c1, .wp-block-kadence-advancedheading.kt-adv-heading_589f79-c1[data-kb-block=\"kb-adv-heading_589f79-c1\"]{font-style:normal;}.wp-block-kadence-advancedheading.kt-adv-heading_589f79-c1 mark, .wp-block-kadence-advancedheading.kt-adv-heading_589f79-c1[data-kb-block=\"kb-adv-heading_589f79-c1\"] mark{font-style:normal;color:#f76a0c;padding-top:0px;padding-right:0px;padding-bottom:0px;padding-left:0px;}<\/style>\n<h2 id=\"kt-adv-heading_589f79-c1\" class=\"kt-adv-heading_589f79-c1 wp-block-kadence-advancedheading\">Identidad<\/h2>\n\n\n\n<p>Qui\u00e9n eres, tus habilidades, tu profesionalidad, tu personalidad, ese conjunto \u00fanico de caracter\u00edsticas por las que el mundo te aprecia y te elige d\u00eda a d\u00eda. Presentamos su identidad de la mejor manera posible, para que le descubran quienes a\u00fan no le conocen.&nbsp;<\/p>\n<\/div><\/div>\n<\/div><\/div><\/div>\n<\/div><\/div>\n\n\n<style>.kadence-column_dc4124-66 > .kt-inside-inner-col{border-top-width:0px;border-right-width:0px;border-bottom-width:0px;border-left-width:0px;}.kadence-column_dc4124-66 > .kt-inside-inner-col,.kadence-column_dc4124-66 > .kt-inside-inner-col:before{border-top-left-radius:0px;border-top-right-radius:0px;border-bottom-right-radius:0px;border-bottom-left-radius:0px;}.kadence-column_dc4124-66 > .kt-inside-inner-col:before{opacity:0.3;}.kadence-column_dc4124-66{position:relative;}<\/style>\n<div class=\"wp-block-kadence-column inner-column-2 kadence-column_dc4124-66\"><div class=\"kt-inside-inner-col\"><style>#kt-layout-id_861f4a-d2 > .kt-row-column-wrap{align-content:start;}:where(#kt-layout-id_861f4a-d2 > .kt-row-column-wrap) > .wp-block-kadence-column{justify-content:start;}#kt-layout-id_861f4a-d2 > .kt-row-column-wrap{column-gap:var(--global-kb-gap-md, 2rem);row-gap:var(--global-kb-gap-md, 2rem);padding-top:25px;padding-bottom:25px;padding-top:var(--global-kb-spacing-sm, 1.5rem);padding-bottom:var(--global-kb-spacing-sm, 1.5rem);grid-template-columns:repeat(2, minmax(0, 1fr));}#kt-layout-id_861f4a-d2 > .kt-row-layout-overlay{opacity:0.30;}@media all and (max-width: 1024px){#kt-layout-id_861f4a-d2 > .kt-row-column-wrap{grid-template-columns:repeat(2, minmax(0, 1fr));}}@media all and (max-width: 767px){#kt-layout-id_861f4a-d2 > .kt-row-column-wrap{grid-template-columns:minmax(0, 1fr);}}<\/style>\n<div class=\"wp-block-kadence-rowlayout alignnone\"><div id=\"kt-layout-id_861f4a-d2\" class=\"kt-row-layout-inner  kt-layout-id_861f4a-d2\"><div class=\"kt-row-column-wrap kt-has-2-columns kt-gutter-default kt-v-gutter-default kt-row-valign-top kt-row-layout-equal kt-tab-layout-inherit kt-m-colapse-left-to-right kt-mobile-layout-row\"><style>.kadence-column_55ef6e-c4 > .kt-inside-inner-col{border-top-width:0px;border-right-width:0px;border-bottom-width:0px;border-left-width:0px;}.kadence-column_55ef6e-c4 > .kt-inside-inner-col,.kadence-column_55ef6e-c4 > .kt-inside-inner-col:before{border-top-left-radius:0px;border-top-right-radius:0px;border-bottom-right-radius:0px;border-bottom-left-radius:0px;}.kadence-column_55ef6e-c4 > .kt-inside-inner-col:before{opacity:0.3;}.kadence-column_55ef6e-c4{position:relative;}<\/style>\n<div class=\"wp-block-kadence-column inner-column-1 kadence-column_55ef6e-c4\"><div class=\"kt-inside-inner-col\">\n<figure class=\"wp-block-image\"><img decoding=\"async\" loading=\"lazy\" width=\"425\" height=\"425\" src=\"http:\/\/www.italix.net\/wp-content\/uploads\/2018\/12\/01-design-story-425.jpg\" alt=\"\" class=\"wp-image-96\" srcset=\"https:\/\/www.italix.net\/wp-content\/uploads\/2018\/12\/01-design-story-425.jpg 425w, https:\/\/www.italix.net\/wp-content\/uploads\/2018\/12\/01-design-story-425-150x150.jpg 150w, https:\/\/www.italix.net\/wp-content\/uploads\/2018\/12\/01-design-story-425-300x300.jpg 300w\" sizes=\"(max-width: 425px) 100vw, 425px\" \/><\/figure>\n<\/div><\/div>\n\n\n<style>.kadence-column_164370-c5 > .kt-inside-inner-col{border-top-width:0px;border-right-width:0px;border-bottom-width:0px;border-left-width:0px;}.kadence-column_164370-c5 > .kt-inside-inner-col,.kadence-column_164370-c5 > .kt-inside-inner-col:before{border-top-left-radius:0px;border-top-right-radius:0px;border-bottom-right-radius:0px;border-bottom-left-radius:0px;}.kadence-column_164370-c5 > .kt-inside-inner-col:before{opacity:0.3;}.kadence-column_164370-c5{position:relative;}<\/style>\n<div class=\"wp-block-kadence-column inner-column-2 kadence-column_164370-c5\"><div class=\"kt-inside-inner-col\"><style>.wp-block-kadence-advancedheading.kt-adv-heading_577819-7b, .wp-block-kadence-advancedheading.kt-adv-heading_577819-7b[data-kb-block=\"kb-adv-heading_577819-7b\"]{font-style:normal;}.wp-block-kadence-advancedheading.kt-adv-heading_577819-7b mark, .wp-block-kadence-advancedheading.kt-adv-heading_577819-7b[data-kb-block=\"kb-adv-heading_577819-7b\"] mark{font-style:normal;color:#f76a0c;padding-top:0px;padding-right:0px;padding-bottom:0px;padding-left:0px;}<\/style>\n<h2 id=\"kt-adv-heading_577819-7b\" class=\"kt-adv-heading_577819-7b wp-block-kadence-advancedheading\">Historia<\/h2>\n\n\n\n<p>Cu\u00e1l es su historia, cu\u00e1l es el camino que le ha permitido desarrollar su experiencia en las cosas en las que destaca. Lo contamos con palabras e im\u00e1genes.<\/p>\n<\/div><\/div>\n<\/div><\/div><\/div>\n<\/div><\/div>\n<\/div><\/div><\/div>\n\n\n<style>#kt-layout-id_f97e77-c7 > .kt-row-column-wrap{align-content:start;}:where(#kt-layout-id_f97e77-c7 > .kt-row-column-wrap) > .wp-block-kadence-column{justify-content:start;}#kt-layout-id_f97e77-c7 > .kt-row-column-wrap{column-gap:var(--global-kb-gap-md, 2rem);row-gap:var(--global-kb-gap-md, 2rem);padding-top:25px;padding-bottom:25px;padding-top:var(--global-kb-spacing-sm, 1.5rem);padding-bottom:var(--global-kb-spacing-sm, 1.5rem);grid-template-columns:repeat(2, minmax(0, 1fr));}#kt-layout-id_f97e77-c7 > .kt-row-layout-overlay{opacity:0.30;}@media all and (max-width: 1024px){#kt-layout-id_f97e77-c7 > .kt-row-column-wrap{grid-template-columns:repeat(2, minmax(0, 1fr));}}@media all and (max-width: 767px){#kt-layout-id_f97e77-c7 > .kt-row-column-wrap{grid-template-columns:minmax(0, 1fr);}}<\/style>\n<div class=\"wp-block-kadence-rowlayout alignnone\"><div id=\"kt-layout-id_f97e77-c7\" class=\"kt-row-layout-inner  kt-layout-id_f97e77-c7\"><div class=\"kt-row-column-wrap kt-has-2-columns kt-gutter-default kt-v-gutter-default kt-row-valign-top kt-row-layout-equal kt-tab-layout-inherit kt-m-colapse-left-to-right kt-mobile-layout-row\"><style>.kadence-column_4979fe-87 > .kt-inside-inner-col{border-top-width:0px;border-right-width:0px;border-bottom-width:0px;border-left-width:0px;}.kadence-column_4979fe-87 > .kt-inside-inner-col,.kadence-column_4979fe-87 > .kt-inside-inner-col:before{border-top-left-radius:0px;border-top-right-radius:0px;border-bottom-right-radius:0px;border-bottom-left-radius:0px;}.kadence-column_4979fe-87 > .kt-inside-inner-col:before{opacity:0.3;}.kadence-column_4979fe-87{position:relative;}<\/style>\n<div class=\"wp-block-kadence-column inner-column-1 kadence-column_4979fe-87\"><div class=\"kt-inside-inner-col\"><style>#kt-layout-id_48bd2d-b2 > .kt-row-column-wrap{align-content:start;}:where(#kt-layout-id_48bd2d-b2 > .kt-row-column-wrap) > .wp-block-kadence-column{justify-content:start;}#kt-layout-id_48bd2d-b2 > .kt-row-column-wrap{column-gap:var(--global-kb-gap-md, 2rem);row-gap:var(--global-kb-gap-md, 2rem);padding-top:25px;padding-bottom:25px;padding-top:var(--global-kb-spacing-sm, 1.5rem);padding-bottom:var(--global-kb-spacing-sm, 1.5rem);grid-template-columns:repeat(2, minmax(0, 1fr));}#kt-layout-id_48bd2d-b2 > .kt-row-layout-overlay{opacity:0.30;}@media all and (max-width: 1024px){#kt-layout-id_48bd2d-b2 > .kt-row-column-wrap{grid-template-columns:repeat(2, minmax(0, 1fr));}}@media all and (max-width: 767px){#kt-layout-id_48bd2d-b2 > .kt-row-column-wrap{grid-template-columns:minmax(0, 1fr);}}<\/style>\n<div class=\"wp-block-kadence-rowlayout alignnone\"><div id=\"kt-layout-id_48bd2d-b2\" class=\"kt-row-layout-inner  kt-layout-id_48bd2d-b2\"><div class=\"kt-row-column-wrap kt-has-2-columns kt-gutter-default kt-v-gutter-default kt-row-valign-top kt-row-layout-equal kt-tab-layout-inherit kt-m-colapse-left-to-right kt-mobile-layout-row\"><style>.kadence-column_00db0d-c4 > .kt-inside-inner-col{border-top-width:0px;border-right-width:0px;border-bottom-width:0px;border-left-width:0px;}.kadence-column_00db0d-c4 > .kt-inside-inner-col,.kadence-column_00db0d-c4 > .kt-inside-inner-col:before{border-top-left-radius:0px;border-top-right-radius:0px;border-bottom-right-radius:0px;border-bottom-left-radius:0px;}.kadence-column_00db0d-c4 > .kt-inside-inner-col:before{opacity:0.3;}.kadence-column_00db0d-c4{position:relative;}<\/style>\n<div class=\"wp-block-kadence-column inner-column-1 kadence-column_00db0d-c4\"><div class=\"kt-inside-inner-col\">\n<figure class=\"wp-block-image\"><img decoding=\"async\" loading=\"lazy\" width=\"1000\" height=\"1000\" src=\"http:\/\/www.italix.net\/wp-content\/uploads\/2019\/02\/visione-astronauta-square-1000.jpg\" alt=\"\" class=\"wp-image-131\" srcset=\"https:\/\/www.italix.net\/wp-content\/uploads\/2019\/02\/visione-astronauta-square-1000.jpg 1000w, https:\/\/www.italix.net\/wp-content\/uploads\/2019\/02\/visione-astronauta-square-1000-150x150.jpg 150w, https:\/\/www.italix.net\/wp-content\/uploads\/2019\/02\/visione-astronauta-square-1000-300x300.jpg 300w, https:\/\/www.italix.net\/wp-content\/uploads\/2019\/02\/visione-astronauta-square-1000-768x768.jpg 768w, https:\/\/www.italix.net\/wp-content\/uploads\/2019\/02\/visione-astronauta-square-1000-600x600.jpg 600w\" sizes=\"(max-width: 1000px) 100vw, 1000px\" \/><\/figure>\n<\/div><\/div>\n\n\n<style>.kadence-column_79f8ed-48 > .kt-inside-inner-col{border-top-width:0px;border-right-width:0px;border-bottom-width:0px;border-left-width:0px;}.kadence-column_79f8ed-48 > .kt-inside-inner-col,.kadence-column_79f8ed-48 > .kt-inside-inner-col:before{border-top-left-radius:0px;border-top-right-radius:0px;border-bottom-right-radius:0px;border-bottom-left-radius:0px;}.kadence-column_79f8ed-48 > .kt-inside-inner-col:before{opacity:0.3;}.kadence-column_79f8ed-48{position:relative;}<\/style>\n<div class=\"wp-block-kadence-column inner-column-2 kadence-column_79f8ed-48\"><div class=\"kt-inside-inner-col\"><style>.wp-block-kadence-advancedheading.kt-adv-heading_b425f3-e4, .wp-block-kadence-advancedheading.kt-adv-heading_b425f3-e4[data-kb-block=\"kb-adv-heading_b425f3-e4\"]{font-style:normal;}.wp-block-kadence-advancedheading.kt-adv-heading_b425f3-e4 mark, .wp-block-kadence-advancedheading.kt-adv-heading_b425f3-e4[data-kb-block=\"kb-adv-heading_b425f3-e4\"] mark{font-style:normal;color:#f76a0c;padding-top:0px;padding-right:0px;padding-bottom:0px;padding-left:0px;}<\/style>\n<h2 id=\"kt-adv-heading_b425f3-e4\" class=\"kt-adv-heading_b425f3-e4 wp-block-kadence-advancedheading\">Visi\u00f3n<\/h2>\n\n\n\n<p>\u00bfOrganizar estancias en la Luna? \u00bfHacer florecer los jardines en el Sahara? \u00bfCu\u00e1l es el sue\u00f1o que quiere realizar? Le ayudamos a comunicarlo.<\/p>\n<\/div><\/div>\n<\/div><\/div><\/div>\n<\/div><\/div>\n\n\n<style>.kadence-column_ca621e-37 > .kt-inside-inner-col{border-top-width:0px;border-right-width:0px;border-bottom-width:0px;border-left-width:0px;}.kadence-column_ca621e-37 > .kt-inside-inner-col,.kadence-column_ca621e-37 > .kt-inside-inner-col:before{border-top-left-radius:0px;border-top-right-radius:0px;border-bottom-right-radius:0px;border-bottom-left-radius:0px;}.kadence-column_ca621e-37 > .kt-inside-inner-col:before{opacity:0.3;}.kadence-column_ca621e-37{position:relative;}<\/style>\n<div class=\"wp-block-kadence-column inner-column-2 kadence-column_ca621e-37\"><div class=\"kt-inside-inner-col\"><style>#kt-layout-id_c80b9d-aa > .kt-row-column-wrap{align-content:start;}:where(#kt-layout-id_c80b9d-aa > .kt-row-column-wrap) > .wp-block-kadence-column{justify-content:start;}#kt-layout-id_c80b9d-aa > .kt-row-column-wrap{column-gap:var(--global-kb-gap-md, 2rem);row-gap:var(--global-kb-gap-md, 2rem);padding-top:25px;padding-bottom:25px;padding-top:var(--global-kb-spacing-sm, 1.5rem);padding-bottom:var(--global-kb-spacing-sm, 1.5rem);grid-template-columns:repeat(2, minmax(0, 1fr));}#kt-layout-id_c80b9d-aa > .kt-row-layout-overlay{opacity:0.30;}@media all and (max-width: 1024px){#kt-layout-id_c80b9d-aa > .kt-row-column-wrap{grid-template-columns:repeat(2, minmax(0, 1fr));}}@media all and (max-width: 767px){#kt-layout-id_c80b9d-aa > .kt-row-column-wrap{grid-template-columns:minmax(0, 1fr);}}<\/style>\n<div class=\"wp-block-kadence-rowlayout alignnone\"><div id=\"kt-layout-id_c80b9d-aa\" class=\"kt-row-layout-inner  kt-layout-id_c80b9d-aa\"><div class=\"kt-row-column-wrap kt-has-2-columns kt-gutter-default kt-v-gutter-default kt-row-valign-top kt-row-layout-equal kt-tab-layout-inherit kt-m-colapse-left-to-right kt-mobile-layout-row\"><style>.kadence-column_c5f071-61 > .kt-inside-inner-col{border-top-width:0px;border-right-width:0px;border-bottom-width:0px;border-left-width:0px;}.kadence-column_c5f071-61 > .kt-inside-inner-col,.kadence-column_c5f071-61 > .kt-inside-inner-col:before{border-top-left-radius:0px;border-top-right-radius:0px;border-bottom-right-radius:0px;border-bottom-left-radius:0px;}.kadence-column_c5f071-61 > .kt-inside-inner-col:before{opacity:0.3;}.kadence-column_c5f071-61{position:relative;}<\/style>\n<div class=\"wp-block-kadence-column inner-column-1 kadence-column_c5f071-61\"><div class=\"kt-inside-inner-col\">\n<figure class=\"wp-block-image\"><img decoding=\"async\" loading=\"lazy\" width=\"1000\" height=\"1000\" src=\"http:\/\/www.italix.net\/wp-content\/uploads\/2019\/02\/rete-connected-globe-1000.jpg\" alt=\"\" class=\"wp-image-130\" srcset=\"https:\/\/www.italix.net\/wp-content\/uploads\/2019\/02\/rete-connected-globe-1000.jpg 1000w, https:\/\/www.italix.net\/wp-content\/uploads\/2019\/02\/rete-connected-globe-1000-150x150.jpg 150w, https:\/\/www.italix.net\/wp-content\/uploads\/2019\/02\/rete-connected-globe-1000-300x300.jpg 300w, https:\/\/www.italix.net\/wp-content\/uploads\/2019\/02\/rete-connected-globe-1000-768x768.jpg 768w, https:\/\/www.italix.net\/wp-content\/uploads\/2019\/02\/rete-connected-globe-1000-600x600.jpg 600w\" sizes=\"(max-width: 1000px) 100vw, 1000px\" \/><\/figure>\n<\/div><\/div>\n\n\n<style>.kadence-column_1b95a6-23 > .kt-inside-inner-col{border-top-width:0px;border-right-width:0px;border-bottom-width:0px;border-left-width:0px;}.kadence-column_1b95a6-23 > .kt-inside-inner-col,.kadence-column_1b95a6-23 > .kt-inside-inner-col:before{border-top-left-radius:0px;border-top-right-radius:0px;border-bottom-right-radius:0px;border-bottom-left-radius:0px;}.kadence-column_1b95a6-23 > .kt-inside-inner-col:before{opacity:0.3;}.kadence-column_1b95a6-23{position:relative;}<\/style>\n<div class=\"wp-block-kadence-column inner-column-2 kadence-column_1b95a6-23\"><div class=\"kt-inside-inner-col\"><style>.wp-block-kadence-advancedheading.kt-adv-heading_0c5918-c3, .wp-block-kadence-advancedheading.kt-adv-heading_0c5918-c3[data-kb-block=\"kb-adv-heading_0c5918-c3\"]{font-style:normal;}.wp-block-kadence-advancedheading.kt-adv-heading_0c5918-c3 mark, .wp-block-kadence-advancedheading.kt-adv-heading_0c5918-c3[data-kb-block=\"kb-adv-heading_0c5918-c3\"] mark{font-style:normal;color:#f76a0c;padding-top:0px;padding-right:0px;padding-bottom:0px;padding-left:0px;}<\/style>\n<h2 id=\"kt-adv-heading_0c5918-c3\" class=\"kt-adv-heading_0c5918-c3 wp-block-kadence-advancedheading\">Red<\/h2>\n\n\n\n<p>Comunicar a la red. Creaci\u00f3n de redes para multiplicar las oportunidades. Cultivar las oportunidades para construir el \u00e9xito. P\u00f3ngase en contacto con nosotros y cu\u00e9ntenos su proyecto.<\/p>\n<\/div><\/div>\n<\/div><\/div><\/div>\n<\/div><\/div>\n<\/div><\/div><\/div>\n\n\n\n<p>&nbsp;<\/p>","protected":false},"excerpt":{"rendered":"<p>Creiamo il tuo logo, valorizziamo la tua immagine, facciamo conoscere al mondo i tuoi punti di forza. Come un pittore che dipinge la tela, scegliamo le linee ed i colori che pi\u00f9 ti valorizzano. Come colpire l\u2019attenzione fin dal primo sguardo? Su quali elementi lavoriamo? Identit\u00e0 Chi sei, le tue competenze, la tua professionalit\u00e0, la [&hellip;]<\/p>","protected":false},"author":1,"featured_media":0,"parent":199,"menu_order":0,"comment_status":"closed","ping_status":"closed","template":"","meta":[],"acf":[],"_links":{"self":[{"href":"https:\/\/www.italix.net\/es\/wp-json\/wp\/v2\/pages\/202"}],"collection":[{"href":"https:\/\/www.italix.net\/es\/wp-json\/wp\/v2\/pages"}],"about":[{"href":"https:\/\/www.italix.net\/es\/wp-json\/wp\/v2\/types\/page"}],"author":[{"embeddable":true,"href":"https:\/\/www.italix.net\/es\/wp-json\/wp\/v2\/users\/1"}],"replies":[{"embeddable":true,"href":"https:\/\/www.italix.net\/es\/wp-json\/wp\/v2\/comments?post=202"}],"version-history":[{"count":16,"href":"https:\/\/www.italix.net\/es\/wp-json\/wp\/v2\/pages\/202\/revisions"}],"predecessor-version":[{"id":595,"href":"https:\/\/www.italix.net\/es\/wp-json\/wp\/v2\/pages\/202\/revisions\/595"}],"up":[{"embeddable":true,"href":"https:\/\/www.italix.net\/es\/wp-json\/wp\/v2\/pages\/199"}],"wp:attachment":[{"href":"https:\/\/www.italix.net\/es\/wp-json\/wp\/v2\/media?parent=202"}],"curies":[{"name":"wp","href":"https:\/\/api.w.org\/{rel}","templated":true}]}}