{"id":240,"date":"2019-02-08T17:12:33","date_gmt":"2019-02-08T16:12:33","guid":{"rendered":"http:\/\/www.italix.net\/?page_id=240"},"modified":"2019-03-09T23:36:04","modified_gmt":"2019-03-09T22:36:04","slug":"e-commerce","status":"publish","type":"page","link":"https:\/\/www.italix.net\/el\/servizi\/%ce%b7%ce%bb%ce%b5%ce%ba%cf%84%cf%81%ce%bf%ce%bd%ce%b9%ce%ba%cf%8c-%ce%b5%ce%bc%cf%80%cf%8c%cf%81%ce%b9%ce%bf\/","title":{"rendered":"\u0397\u03bb\u03b5\u03ba\u03c4\u03c1\u03bf\u03bd\u03b9\u03ba\u03cc \u03b5\u03bc\u03c0\u03cc\u03c1\u03b9\u03bf"},"content":{"rendered":"<p>\u0388\u03bd\u03b1 \u03b1\u03c0\u03cc \u03c4\u03b1 \u03c0\u03c1\u03ce\u03c4\u03b1 \u03bc\u03b1\u03c2 \u03ad\u03c1\u03b3\u03b1 \u03b7\u03bb\u03b5\u03ba\u03c4\u03c1\u03bf\u03bd\u03b9\u03ba\u03bf\u03cd \u03b5\u03bc\u03c0\u03bf\u03c1\u03af\u03bf\u03c5, \u03bc\u03b5 \u03c0\u03b5\u03c1\u03b9\u03c3\u03c3\u03cc\u03c4\u03b5\u03c1\u03b1 \u03b1\u03c0\u03cc 1 \u03b5\u03ba\u03b1\u03c4\u03bf\u03bc\u03bc\u03cd\u03c1\u03b9\u03bf \u03c0\u03c1\u03bf\u03ca\u03cc\u03bd\u03c4\u03b1 \u03c3\u03c4\u03bf \u03b4\u03b9\u03b1\u03b4\u03af\u03ba\u03c4\u03c5\u03bf, \u03c3\u03c5\u03b3\u03ba\u03ad\u03bd\u03c4\u03c1\u03c9\u03bd\u03b5 \u03ae\u03b4\u03b7 \u03b1\u03c1\u03ba\u03b5\u03c4\u03ad\u03c2 \u03b5\u03ba\u03b1\u03c4\u03bf\u03bd\u03c4\u03ac\u03b4\u03b5\u03c2 \u03c0\u03b1\u03c1\u03b1\u03b3\u03b3\u03b5\u03bb\u03af\u03b5\u03c2 \u03ba\u03ac\u03b8\u03b5 \u03bc\u03ad\u03c1\u03b1 \u03bc\u03b5\u03c4\u03ac \u03c4\u03b1 \u03c0\u03c1\u03ce\u03c4\u03b1 3 \u03c7\u03c1\u03cc\u03bd\u03b9\u03b1 \u03bb\u03b5\u03b9\u03c4\u03bf\u03c5\u03c1\u03b3\u03af\u03b1\u03c2 \u03c4\u03bf\u03c5. \u0397 \u03b5\u03bc\u03c0\u03b5\u03b9\u03c1\u03af\u03b1 \u03bc\u03b1\u03c2 \u03bc\u03b1\u03c2 \u03b5\u03c0\u03b9\u03c4\u03c1\u03ad\u03c0\u03b5\u03b9 \u03bd\u03b1 \u03c3\u03b1\u03c2 \u03ba\u03b1\u03b8\u03bf\u03b4\u03b7\u03b3\u03ae\u03c3\u03bf\u03c5\u03bc\u03b5 \u03c3\u03c4\u03b9\u03c2 \u03b7\u03bb\u03b5\u03ba\u03c4\u03c1\u03bf\u03bd\u03b9\u03ba\u03ad\u03c2 \u03c3\u03c5\u03bd\u03b1\u03bb\u03bb\u03b1\u03b3\u03ad\u03c2. \u03a4\u03b9 \u03bc\u03c0\u03bf\u03c1\u03bf\u03cd\u03bc\u03b5 \u03bd\u03b1 \u03ba\u03ac\u03bd\u03bf\u03c5\u03bc\u03b5 \u03b3\u03b9\u03b1 \u03b5\u03c3\u03ac\u03c2;<\/p>\n\n\n<style>#kt-layout-id_34aff8-cd > .kt-row-column-wrap{align-content:start;}:where(#kt-layout-id_34aff8-cd > .kt-row-column-wrap) > .wp-block-kadence-column{justify-content:start;}#kt-layout-id_34aff8-cd > .kt-row-column-wrap{column-gap:var(--global-kb-gap-md, 2rem);row-gap:var(--global-kb-gap-md, 2rem);padding-top:25px;padding-bottom:25px;padding-top:var(--global-kb-spacing-sm, 1.5rem);padding-bottom:var(--global-kb-spacing-sm, 1.5rem);grid-template-columns:repeat(2, minmax(0, 1fr));}#kt-layout-id_34aff8-cd > .kt-row-layout-overlay{opacity:0.30;}@media all and (max-width: 1024px){#kt-layout-id_34aff8-cd > .kt-row-column-wrap{grid-template-columns:repeat(2, minmax(0, 1fr));}}@media all and (max-width: 767px){#kt-layout-id_34aff8-cd > .kt-row-column-wrap{grid-template-columns:minmax(0, 1fr);}}<\/style>\n<div class=\"wp-block-kadence-rowlayout alignnone\"><div id=\"kt-layout-id_34aff8-cd\" class=\"kt-row-layout-inner  kt-layout-id_34aff8-cd\"><div class=\"kt-row-column-wrap kt-has-2-columns kt-gutter-default kt-v-gutter-default kt-row-valign-top kt-row-layout-equal kt-tab-layout-inherit kt-m-colapse-left-to-right kt-mobile-layout-row\"><style>.kadence-column_9a7d36-e4 > .kt-inside-inner-col{border-top-width:0px;border-right-width:0px;border-bottom-width:0px;border-left-width:0px;}.kadence-column_9a7d36-e4 > .kt-inside-inner-col,.kadence-column_9a7d36-e4 > .kt-inside-inner-col:before{border-top-left-radius:0px;border-top-right-radius:0px;border-bottom-right-radius:0px;border-bottom-left-radius:0px;}.kadence-column_9a7d36-e4 > .kt-inside-inner-col:before{opacity:0.3;}.kadence-column_9a7d36-e4{position:relative;}<\/style>\n<div class=\"wp-block-kadence-column inner-column-1 kadence-column_9a7d36-e4\"><div class=\"kt-inside-inner-col\"><style>#kt-layout-id_911f9b-e9 > .kt-row-column-wrap{align-content:start;}:where(#kt-layout-id_911f9b-e9 > .kt-row-column-wrap) > .wp-block-kadence-column{justify-content:start;}#kt-layout-id_911f9b-e9 > .kt-row-column-wrap{column-gap:var(--global-kb-gap-md, 2rem);row-gap:var(--global-kb-gap-md, 2rem);padding-top:25px;padding-bottom:25px;padding-top:var(--global-kb-spacing-sm, 1.5rem);padding-bottom:var(--global-kb-spacing-sm, 1.5rem);grid-template-columns:repeat(2, minmax(0, 1fr));}#kt-layout-id_911f9b-e9 > .kt-row-layout-overlay{opacity:0.30;}@media all and (max-width: 1024px){#kt-layout-id_911f9b-e9 > .kt-row-column-wrap{grid-template-columns:repeat(2, minmax(0, 1fr));}}@media all and (max-width: 767px){#kt-layout-id_911f9b-e9 > .kt-row-column-wrap{grid-template-columns:minmax(0, 1fr);}}<\/style>\n<div class=\"wp-block-kadence-rowlayout alignnone\"><div id=\"kt-layout-id_911f9b-e9\" class=\"kt-row-layout-inner  kt-layout-id_911f9b-e9\"><div class=\"kt-row-column-wrap kt-has-2-columns kt-gutter-default kt-v-gutter-default kt-row-valign-top kt-row-layout-equal kt-tab-layout-inherit kt-m-colapse-left-to-right kt-mobile-layout-row\"><style>.kadence-column_a2c0de-07 > .kt-inside-inner-col{border-top-width:0px;border-right-width:0px;border-bottom-width:0px;border-left-width:0px;}.kadence-column_a2c0de-07 > .kt-inside-inner-col,.kadence-column_a2c0de-07 > .kt-inside-inner-col:before{border-top-left-radius:0px;border-top-right-radius:0px;border-bottom-right-radius:0px;border-bottom-left-radius:0px;}.kadence-column_a2c0de-07 > .kt-inside-inner-col:before{opacity:0.3;}.kadence-column_a2c0de-07{position:relative;}<\/style>\n<div class=\"wp-block-kadence-column inner-column-1 kadence-column_a2c0de-07\"><div class=\"kt-inside-inner-col\">\n<figure class=\"wp-block-image\"><img decoding=\"async\" loading=\"lazy\" width=\"800\" height=\"800\" src=\"http:\/\/www.italix.net\/wp-content\/uploads\/2019\/02\/piattaforma-photo-800.jpg\" alt=\"\" class=\"wp-image-164\" srcset=\"https:\/\/www.italix.net\/wp-content\/uploads\/2019\/02\/piattaforma-photo-800.jpg 800w, https:\/\/www.italix.net\/wp-content\/uploads\/2019\/02\/piattaforma-photo-800-150x150.jpg 150w, https:\/\/www.italix.net\/wp-content\/uploads\/2019\/02\/piattaforma-photo-800-300x300.jpg 300w, https:\/\/www.italix.net\/wp-content\/uploads\/2019\/02\/piattaforma-photo-800-768x768.jpg 768w, https:\/\/www.italix.net\/wp-content\/uploads\/2019\/02\/piattaforma-photo-800-600x600.jpg 600w\" sizes=\"(max-width: 800px) 100vw, 800px\" \/><\/figure>\n<\/div><\/div>\n\n\n<style>.kadence-column_913705-64 > .kt-inside-inner-col{border-top-width:0px;border-right-width:0px;border-bottom-width:0px;border-left-width:0px;}.kadence-column_913705-64 > .kt-inside-inner-col,.kadence-column_913705-64 > .kt-inside-inner-col:before{border-top-left-radius:0px;border-top-right-radius:0px;border-bottom-right-radius:0px;border-bottom-left-radius:0px;}.kadence-column_913705-64 > .kt-inside-inner-col:before{opacity:0.3;}.kadence-column_913705-64{position:relative;}<\/style>\n<div class=\"wp-block-kadence-column inner-column-2 kadence-column_913705-64\"><div class=\"kt-inside-inner-col\"><style>.wp-block-kadence-advancedheading.kt-adv-heading_448ed0-90, .wp-block-kadence-advancedheading.kt-adv-heading_448ed0-90[data-kb-block=\"kb-adv-heading_448ed0-90\"]{font-style:normal;}.wp-block-kadence-advancedheading.kt-adv-heading_448ed0-90 mark, .wp-block-kadence-advancedheading.kt-adv-heading_448ed0-90[data-kb-block=\"kb-adv-heading_448ed0-90\"] mark{font-style:normal;color:#f76a0c;padding-top:0px;padding-right:0px;padding-bottom:0px;padding-left:0px;}<\/style>\n<h2 id=\"kt-adv-heading_448ed0-90\" class=\"kt-adv-heading_448ed0-90 wp-block-kadence-advancedheading\">\u03a0\u03bb\u03b1\u03c4\u03c6\u03cc\u03c1\u03bc\u03b1<\/h2>\n\n\n\n<p>\u03a3\u03b1\u03c2 \u03b2\u03bf\u03b7\u03b8\u03ac\u03bc\u03b5 \u03bd\u03b1 \u03b5\u03c0\u03b9\u03bb\u03ad\u03be\u03b5\u03c4\u03b5 \u03c4\u03b7\u03bd \u03c0\u03bb\u03b1\u03c4\u03c6\u03cc\u03c1\u03bc\u03b1 \u03c0\u03bf\u03c5 \u03c4\u03b1\u03b9\u03c1\u03b9\u03ac\u03b6\u03b5\u03b9 \u03c3\u03c4\u03bf \u03bc\u03ad\u03b3\u03b5\u03b8\u03bf\u03c2 \u03c4\u03bf\u03c5 \u03ba\u03b1\u03c4\u03b1\u03bb\u03cc\u03b3\u03bf\u03c5 \u03c3\u03b1\u03c2, \u03c3\u03c4\u03b9\u03c2 \u03b1\u03bd\u03ac\u03b3\u03ba\u03b5\u03c2 \u03c3\u03b1\u03c2 \u03ba\u03b1\u03b9 \u03c3\u03c4\u03bf \u03b5\u03c0\u03af\u03c0\u03b5\u03b4\u03bf \u03c4\u03bf\u03c5 \u03b4\u03b9\u03b1\u03b8\u03ad\u03c3\u03b9\u03bc\u03bf\u03c5 \u03c0\u03c1\u03bf\u03cb\u03c0\u03bf\u03bb\u03bf\u03b3\u03b9\u03c3\u03bc\u03bf\u03cd.<\/p>\n<\/div><\/div>\n<\/div><\/div><\/div>\n<\/div><\/div>\n\n\n<style>.kadence-column_40273f-e1 > .kt-inside-inner-col{border-top-width:0px;border-right-width:0px;border-bottom-width:0px;border-left-width:0px;}.kadence-column_40273f-e1 > .kt-inside-inner-col,.kadence-column_40273f-e1 > .kt-inside-inner-col:before{border-top-left-radius:0px;border-top-right-radius:0px;border-bottom-right-radius:0px;border-bottom-left-radius:0px;}.kadence-column_40273f-e1 > .kt-inside-inner-col:before{opacity:0.3;}.kadence-column_40273f-e1{position:relative;}<\/style>\n<div class=\"wp-block-kadence-column inner-column-2 kadence-column_40273f-e1\"><div class=\"kt-inside-inner-col\"><style>#kt-layout-id_5478d9-a4 > .kt-row-column-wrap{align-content:start;}:where(#kt-layout-id_5478d9-a4 > .kt-row-column-wrap) > .wp-block-kadence-column{justify-content:start;}#kt-layout-id_5478d9-a4 > .kt-row-column-wrap{column-gap:var(--global-kb-gap-md, 2rem);row-gap:var(--global-kb-gap-md, 2rem);padding-top:25px;padding-bottom:25px;padding-top:var(--global-kb-spacing-sm, 1.5rem);padding-bottom:var(--global-kb-spacing-sm, 1.5rem);grid-template-columns:repeat(2, minmax(0, 1fr));}#kt-layout-id_5478d9-a4 > .kt-row-layout-overlay{opacity:0.30;}@media all and (max-width: 1024px){#kt-layout-id_5478d9-a4 > .kt-row-column-wrap{grid-template-columns:repeat(2, minmax(0, 1fr));}}@media all and (max-width: 767px){#kt-layout-id_5478d9-a4 > .kt-row-column-wrap{grid-template-columns:minmax(0, 1fr);}}<\/style>\n<div class=\"wp-block-kadence-rowlayout alignnone\"><div id=\"kt-layout-id_5478d9-a4\" class=\"kt-row-layout-inner  kt-layout-id_5478d9-a4\"><div class=\"kt-row-column-wrap kt-has-2-columns kt-gutter-default kt-v-gutter-default kt-row-valign-top kt-row-layout-equal kt-tab-layout-inherit kt-m-colapse-left-to-right kt-mobile-layout-row\"><style>.kadence-column_4a97ae-50 > .kt-inside-inner-col{border-top-width:0px;border-right-width:0px;border-bottom-width:0px;border-left-width:0px;}.kadence-column_4a97ae-50 > .kt-inside-inner-col,.kadence-column_4a97ae-50 > .kt-inside-inner-col:before{border-top-left-radius:0px;border-top-right-radius:0px;border-bottom-right-radius:0px;border-bottom-left-radius:0px;}.kadence-column_4a97ae-50 > .kt-inside-inner-col:before{opacity:0.3;}.kadence-column_4a97ae-50{position:relative;}<\/style>\n<div class=\"wp-block-kadence-column inner-column-1 kadence-column_4a97ae-50\"><div class=\"kt-inside-inner-col\">\n<figure class=\"wp-block-image\"><img decoding=\"async\" loading=\"lazy\" width=\"1000\" height=\"1000\" src=\"http:\/\/www.italix.net\/wp-content\/uploads\/2019\/02\/progetto-sartoria6-1000.jpg\" alt=\"\" class=\"wp-image-165\" srcset=\"https:\/\/www.italix.net\/wp-content\/uploads\/2019\/02\/progetto-sartoria6-1000.jpg 1000w, https:\/\/www.italix.net\/wp-content\/uploads\/2019\/02\/progetto-sartoria6-1000-150x150.jpg 150w, https:\/\/www.italix.net\/wp-content\/uploads\/2019\/02\/progetto-sartoria6-1000-300x300.jpg 300w, https:\/\/www.italix.net\/wp-content\/uploads\/2019\/02\/progetto-sartoria6-1000-768x768.jpg 768w, https:\/\/www.italix.net\/wp-content\/uploads\/2019\/02\/progetto-sartoria6-1000-600x600.jpg 600w\" sizes=\"(max-width: 1000px) 100vw, 1000px\" \/><\/figure>\n<\/div><\/div>\n\n\n<style>.kadence-column_69e090-6f > .kt-inside-inner-col{border-top-width:0px;border-right-width:0px;border-bottom-width:0px;border-left-width:0px;}.kadence-column_69e090-6f > .kt-inside-inner-col,.kadence-column_69e090-6f > .kt-inside-inner-col:before{border-top-left-radius:0px;border-top-right-radius:0px;border-bottom-right-radius:0px;border-bottom-left-radius:0px;}.kadence-column_69e090-6f > .kt-inside-inner-col:before{opacity:0.3;}.kadence-column_69e090-6f{position:relative;}<\/style>\n<div class=\"wp-block-kadence-column inner-column-2 kadence-column_69e090-6f\"><div class=\"kt-inside-inner-col\"><style>.wp-block-kadence-advancedheading.kt-adv-heading_df363e-7d, .wp-block-kadence-advancedheading.kt-adv-heading_df363e-7d[data-kb-block=\"kb-adv-heading_df363e-7d\"]{font-style:normal;}.wp-block-kadence-advancedheading.kt-adv-heading_df363e-7d mark, .wp-block-kadence-advancedheading.kt-adv-heading_df363e-7d[data-kb-block=\"kb-adv-heading_df363e-7d\"] mark{font-style:normal;color:#f76a0c;padding-top:0px;padding-right:0px;padding-bottom:0px;padding-left:0px;}<\/style>\n<h2 id=\"kt-adv-heading_df363e-7d\" class=\"kt-adv-heading_df363e-7d wp-block-kadence-advancedheading\">\u0388\u03c1\u03b3\u03bf<\/h2>\n\n\n\n<p>\u03a3\u03c7\u03b5\u03b4\u03b9\u03ac\u03b6\u03bf\u03c5\u03bc\u03b5 \u03c4\u03bf\u03bd \u03b9\u03c3\u03c4\u03cc\u03c4\u03bf\u03c0\u03bf \u03bc\u03b1\u03b6\u03af \u03c3\u03b1\u03c2 \u03b3\u03b9\u03b1 \u03bd\u03b1 \u03c0\u03b1\u03c1\u03bf\u03c5\u03c3\u03b9\u03ac\u03c3\u03bf\u03c5\u03bc\u03b5 \u03bc\u03b5 \u03c4\u03bf\u03bd \u03ba\u03b1\u03bb\u03cd\u03c4\u03b5\u03c1\u03bf \u03b4\u03c5\u03bd\u03b1\u03c4\u03cc \u03c4\u03c1\u03cc\u03c0\u03bf \u03c4\u03b1 \u03c0\u03c1\u03bf\u03ca\u03cc\u03bd\u03c4\u03b1 \u03c3\u03b1\u03c2 \u03ba\u03b1\u03b9 \u03bd\u03b1 \u03ba\u03ac\u03bd\u03bf\u03c5\u03bc\u03b5 \u03c4\u03b9\u03c2 \u03b1\u03b3\u03bf\u03c1\u03ad\u03c2 \u03cc\u03c3\u03bf \u03c4\u03bf \u03b4\u03c5\u03bd\u03b1\u03c4\u03cc\u03bd \u03c0\u03b9\u03bf \u03b5\u03cd\u03ba\u03bf\u03bb\u03b5\u03c2.<\/p>\n<\/div><\/div>\n<\/div><\/div><\/div>\n<\/div><\/div>\n<\/div><\/div><\/div>\n\n\n<style>#kt-layout-id_8c8ef0-75 > .kt-row-column-wrap{align-content:start;}:where(#kt-layout-id_8c8ef0-75 > .kt-row-column-wrap) > .wp-block-kadence-column{justify-content:start;}#kt-layout-id_8c8ef0-75 > .kt-row-column-wrap{column-gap:var(--global-kb-gap-md, 2rem);row-gap:var(--global-kb-gap-md, 2rem);padding-top:25px;padding-bottom:25px;padding-top:var(--global-kb-spacing-sm, 1.5rem);padding-bottom:var(--global-kb-spacing-sm, 1.5rem);grid-template-columns:repeat(2, minmax(0, 1fr));}#kt-layout-id_8c8ef0-75 > .kt-row-layout-overlay{opacity:0.30;}@media all and (max-width: 1024px){#kt-layout-id_8c8ef0-75 > .kt-row-column-wrap{grid-template-columns:repeat(2, minmax(0, 1fr));}}@media all and (max-width: 767px){#kt-layout-id_8c8ef0-75 > .kt-row-column-wrap{grid-template-columns:minmax(0, 1fr);}}<\/style>\n<div class=\"wp-block-kadence-rowlayout alignnone\"><div id=\"kt-layout-id_8c8ef0-75\" class=\"kt-row-layout-inner  kt-layout-id_8c8ef0-75\"><div class=\"kt-row-column-wrap kt-has-2-columns kt-gutter-default kt-v-gutter-default kt-row-valign-top kt-row-layout-equal kt-tab-layout-inherit kt-m-colapse-left-to-right kt-mobile-layout-row\"><style>.kadence-column_9beaa7-bf > .kt-inside-inner-col{border-top-width:0px;border-right-width:0px;border-bottom-width:0px;border-left-width:0px;}.kadence-column_9beaa7-bf > .kt-inside-inner-col,.kadence-column_9beaa7-bf > .kt-inside-inner-col:before{border-top-left-radius:0px;border-top-right-radius:0px;border-bottom-right-radius:0px;border-bottom-left-radius:0px;}.kadence-column_9beaa7-bf > .kt-inside-inner-col:before{opacity:0.3;}.kadence-column_9beaa7-bf{position:relative;}<\/style>\n<div class=\"wp-block-kadence-column inner-column-1 kadence-column_9beaa7-bf\"><div class=\"kt-inside-inner-col\"><style>#kt-layout-id_a3c51f-89 > .kt-row-column-wrap{align-content:start;}:where(#kt-layout-id_a3c51f-89 > .kt-row-column-wrap) > .wp-block-kadence-column{justify-content:start;}#kt-layout-id_a3c51f-89 > .kt-row-column-wrap{column-gap:var(--global-kb-gap-md, 2rem);row-gap:var(--global-kb-gap-md, 2rem);padding-top:25px;padding-bottom:25px;padding-top:var(--global-kb-spacing-sm, 1.5rem);padding-bottom:var(--global-kb-spacing-sm, 1.5rem);grid-template-columns:repeat(2, minmax(0, 1fr));}#kt-layout-id_a3c51f-89 > .kt-row-layout-overlay{opacity:0.30;}@media all and (max-width: 1024px){#kt-layout-id_a3c51f-89 > .kt-row-column-wrap{grid-template-columns:repeat(2, minmax(0, 1fr));}}@media all and (max-width: 767px){#kt-layout-id_a3c51f-89 > .kt-row-column-wrap{grid-template-columns:minmax(0, 1fr);}}<\/style>\n<div class=\"wp-block-kadence-rowlayout alignnone\"><div id=\"kt-layout-id_a3c51f-89\" class=\"kt-row-layout-inner  kt-layout-id_a3c51f-89\"><div class=\"kt-row-column-wrap kt-has-2-columns kt-gutter-default kt-v-gutter-default kt-row-valign-top kt-row-layout-equal kt-tab-layout-inherit kt-m-colapse-left-to-right kt-mobile-layout-row\"><style>.kadence-column_f95090-69 > .kt-inside-inner-col{border-top-width:0px;border-right-width:0px;border-bottom-width:0px;border-left-width:0px;}.kadence-column_f95090-69 > .kt-inside-inner-col,.kadence-column_f95090-69 > .kt-inside-inner-col:before{border-top-left-radius:0px;border-top-right-radius:0px;border-bottom-right-radius:0px;border-bottom-left-radius:0px;}.kadence-column_f95090-69 > .kt-inside-inner-col:before{opacity:0.3;}.kadence-column_f95090-69{position:relative;}<\/style>\n<div class=\"wp-block-kadence-column inner-column-1 kadence-column_f95090-69\"><div class=\"kt-inside-inner-col\">\n<figure class=\"wp-block-image\"><img decoding=\"async\" class=\"wp-image-166\" src=\"http:\/\/www.italix.net\/wp-content\/uploads\/2019\/02\/markenting-grafico-square.jpg\" width=\"100%\" alt=\"\" srcset=\"https:\/\/www.italix.net\/wp-content\/uploads\/2019\/02\/markenting-grafico-square.jpg 300w, https:\/\/www.italix.net\/wp-content\/uploads\/2019\/02\/markenting-grafico-square-150x150.jpg 150w\" sizes=\"(max-width: 300px) 100vw, 300px\" \/><\/figure>\n<\/div><\/div>\n\n\n<style>.kadence-column_bbca45-49 > .kt-inside-inner-col{border-top-width:0px;border-right-width:0px;border-bottom-width:0px;border-left-width:0px;}.kadence-column_bbca45-49 > .kt-inside-inner-col,.kadence-column_bbca45-49 > .kt-inside-inner-col:before{border-top-left-radius:0px;border-top-right-radius:0px;border-bottom-right-radius:0px;border-bottom-left-radius:0px;}.kadence-column_bbca45-49 > .kt-inside-inner-col:before{opacity:0.3;}.kadence-column_bbca45-49{position:relative;}<\/style>\n<div class=\"wp-block-kadence-column inner-column-2 kadence-column_bbca45-49\"><div class=\"kt-inside-inner-col\"><style>.wp-block-kadence-advancedheading.kt-adv-heading_6f2cb1-26, .wp-block-kadence-advancedheading.kt-adv-heading_6f2cb1-26[data-kb-block=\"kb-adv-heading_6f2cb1-26\"]{font-style:normal;}.wp-block-kadence-advancedheading.kt-adv-heading_6f2cb1-26 mark, .wp-block-kadence-advancedheading.kt-adv-heading_6f2cb1-26[data-kb-block=\"kb-adv-heading_6f2cb1-26\"] mark{font-style:normal;color:#f76a0c;padding-top:0px;padding-right:0px;padding-bottom:0px;padding-left:0px;}<\/style>\n<h2 id=\"kt-adv-heading_6f2cb1-26\" class=\"kt-adv-heading_6f2cb1-26 wp-block-kadence-advancedheading\">\u039c\u03ac\u03c1\u03ba\u03b5\u03c4\u03b9\u03bd\u03b3\u03ba \u03ba\u03b1\u03b9 \u03b1\u03bd\u03ac\u03bb\u03c5\u03c3\u03b7<\/h2>\n\n\n\n<p>\u03a3\u03b1\u03c2 \u03c5\u03c0\u03bf\u03c3\u03c4\u03b7\u03c1\u03af\u03b6\u03bf\u03c5\u03bc\u03b5 \u03c3\u03c4\u03b7 \u03b4\u03b7\u03bc\u03b9\u03bf\u03c5\u03c1\u03b3\u03af\u03b1 \u03b5\u03ba\u03c3\u03c4\u03c1\u03b1\u03c4\u03b5\u03b9\u03ce\u03bd \u03bc\u03ac\u03c1\u03ba\u03b5\u03c4\u03b9\u03bd\u03b3\u03ba \u03b3\u03b9\u03b1 \u03c4\u03b7\u03bd \u03b5\u03bd\u03af\u03c3\u03c7\u03c5\u03c3\u03b7 \u03c4\u03c9\u03bd \u03c0\u03c9\u03bb\u03ae\u03c3\u03b5\u03ce\u03bd \u03c3\u03b1\u03c2 \u03ba\u03b1\u03b9 \u03c3\u03c4\u03b7\u03bd \u03b1\u03bd\u03ac\u03bb\u03c5\u03c3\u03b7 \u03c4\u03c9\u03bd \u03b1\u03c0\u03bf\u03c4\u03b5\u03bb\u03b5\u03c3\u03bc\u03ac\u03c4\u03c9\u03bd.<\/p>\n<\/div><\/div>\n<\/div><\/div><\/div>\n<\/div><\/div>\n\n\n<style>.kadence-column_7d5e0c-fa > .kt-inside-inner-col{border-top-width:0px;border-right-width:0px;border-bottom-width:0px;border-left-width:0px;}.kadence-column_7d5e0c-fa > .kt-inside-inner-col,.kadence-column_7d5e0c-fa > .kt-inside-inner-col:before{border-top-left-radius:0px;border-top-right-radius:0px;border-bottom-right-radius:0px;border-bottom-left-radius:0px;}.kadence-column_7d5e0c-fa > .kt-inside-inner-col:before{opacity:0.3;}.kadence-column_7d5e0c-fa{position:relative;}<\/style>\n<div class=\"wp-block-kadence-column inner-column-2 kadence-column_7d5e0c-fa\"><div class=\"kt-inside-inner-col\"><style>#kt-layout-id_c1cd62-e4 > .kt-row-column-wrap{align-content:start;}:where(#kt-layout-id_c1cd62-e4 > .kt-row-column-wrap) > .wp-block-kadence-column{justify-content:start;}#kt-layout-id_c1cd62-e4 > .kt-row-column-wrap{column-gap:var(--global-kb-gap-md, 2rem);row-gap:var(--global-kb-gap-md, 2rem);padding-top:25px;padding-bottom:25px;padding-top:var(--global-kb-spacing-sm, 1.5rem);padding-bottom:var(--global-kb-spacing-sm, 1.5rem);grid-template-columns:repeat(2, minmax(0, 1fr));}#kt-layout-id_c1cd62-e4 > .kt-row-layout-overlay{opacity:0.30;}@media all and (max-width: 1024px){#kt-layout-id_c1cd62-e4 > .kt-row-column-wrap{grid-template-columns:repeat(2, minmax(0, 1fr));}}@media all and (max-width: 767px){#kt-layout-id_c1cd62-e4 > .kt-row-column-wrap{grid-template-columns:minmax(0, 1fr);}}<\/style>\n<div class=\"wp-block-kadence-rowlayout alignnone\"><div id=\"kt-layout-id_c1cd62-e4\" class=\"kt-row-layout-inner  kt-layout-id_c1cd62-e4\"><div class=\"kt-row-column-wrap kt-has-2-columns kt-gutter-default kt-v-gutter-default kt-row-valign-top kt-row-layout-equal kt-tab-layout-inherit kt-m-colapse-left-to-right kt-mobile-layout-row\"><style>.kadence-column_602d5e-58 > .kt-inside-inner-col{border-top-width:0px;border-right-width:0px;border-bottom-width:0px;border-left-width:0px;}.kadence-column_602d5e-58 > .kt-inside-inner-col,.kadence-column_602d5e-58 > .kt-inside-inner-col:before{border-top-left-radius:0px;border-top-right-radius:0px;border-bottom-right-radius:0px;border-bottom-left-radius:0px;}.kadence-column_602d5e-58 > .kt-inside-inner-col:before{opacity:0.3;}.kadence-column_602d5e-58{position:relative;}<\/style>\n<div class=\"wp-block-kadence-column inner-column-1 kadence-column_602d5e-58\"><div class=\"kt-inside-inner-col\">\n<figure class=\"wp-block-image\"><img decoding=\"async\" loading=\"lazy\" width=\"1000\" height=\"1000\" src=\"http:\/\/www.italix.net\/wp-content\/uploads\/2019\/02\/automazione-blog_automation-1000.jpg\" alt=\"\" class=\"wp-image-167\" srcset=\"https:\/\/www.italix.net\/wp-content\/uploads\/2019\/02\/automazione-blog_automation-1000.jpg 1000w, https:\/\/www.italix.net\/wp-content\/uploads\/2019\/02\/automazione-blog_automation-1000-150x150.jpg 150w, https:\/\/www.italix.net\/wp-content\/uploads\/2019\/02\/automazione-blog_automation-1000-300x300.jpg 300w, https:\/\/www.italix.net\/wp-content\/uploads\/2019\/02\/automazione-blog_automation-1000-768x768.jpg 768w, https:\/\/www.italix.net\/wp-content\/uploads\/2019\/02\/automazione-blog_automation-1000-600x600.jpg 600w\" sizes=\"(max-width: 1000px) 100vw, 1000px\" \/><\/figure>\n<\/div><\/div>\n\n\n<style>.kadence-column_a925b1-27 > .kt-inside-inner-col{border-top-width:0px;border-right-width:0px;border-bottom-width:0px;border-left-width:0px;}.kadence-column_a925b1-27 > .kt-inside-inner-col,.kadence-column_a925b1-27 > .kt-inside-inner-col:before{border-top-left-radius:0px;border-top-right-radius:0px;border-bottom-right-radius:0px;border-bottom-left-radius:0px;}.kadence-column_a925b1-27 > .kt-inside-inner-col:before{opacity:0.3;}.kadence-column_a925b1-27{position:relative;}<\/style>\n<div class=\"wp-block-kadence-column inner-column-2 kadence-column_a925b1-27\"><div class=\"kt-inside-inner-col\"><style>.wp-block-kadence-advancedheading.kt-adv-heading_99b1c3-bf, .wp-block-kadence-advancedheading.kt-adv-heading_99b1c3-bf[data-kb-block=\"kb-adv-heading_99b1c3-bf\"]{font-style:normal;}.wp-block-kadence-advancedheading.kt-adv-heading_99b1c3-bf mark, .wp-block-kadence-advancedheading.kt-adv-heading_99b1c3-bf[data-kb-block=\"kb-adv-heading_99b1c3-bf\"] mark{font-style:normal;color:#f76a0c;padding-top:0px;padding-right:0px;padding-bottom:0px;padding-left:0px;}<\/style>\n<h2 id=\"kt-adv-heading_99b1c3-bf\" class=\"kt-adv-heading_99b1c3-bf wp-block-kadence-advancedheading\">\u0391\u03c5\u03c4\u03bf\u03bc\u03b1\u03c4\u03b9\u03c3\u03bc\u03cc\u03c2<\/h2>\n\n\n\n<p>\u039a\u03b1\u03b8\u03ce\u03c2 \u03c6\u03c4\u03ac\u03bd\u03b5\u03c4\u03b5 \u03c3\u03b5 \u03bf\u03c1\u03b9\u03c3\u03bc\u03ad\u03bd\u03bf\u03c5\u03c2 \u03cc\u03b3\u03ba\u03bf\u03c5\u03c2 \u03c0\u03c9\u03bb\u03ae\u03c3\u03b5\u03c9\u03bd, \u03c3\u03b1\u03c2 \u03b2\u03bf\u03b7\u03b8\u03ac\u03bc\u03b5 \u03bd\u03b1 \u03b1\u03c5\u03c4\u03bf\u03bc\u03b1\u03c4\u03bf\u03c0\u03bf\u03b9\u03ae\u03c3\u03b5\u03c4\u03b5 \u03c4\u03b7 \u03b4\u03b9\u03b1\u03b4\u03b9\u03ba\u03b1\u03c3\u03af\u03b1, \u03b3\u03b9\u03b1 \u03bd\u03b1 \u03b5\u03c0\u03b9\u03c4\u03b1\u03c7\u03cd\u03bd\u03b5\u03c4\u03b5 \u03ba\u03b1\u03b9 \u03bd\u03b1 \u03b2\u03b5\u03bb\u03c4\u03b9\u03c3\u03c4\u03bf\u03c0\u03bf\u03b9\u03ae\u03c3\u03b5\u03c4\u03b5 \u03ba\u03ac\u03b8\u03b5 \u03b2\u03ae\u03bc\u03b1.<\/p>\n<\/div><\/div>\n<\/div><\/div><\/div>\n<\/div><\/div>\n<\/div><\/div><\/div>\n\n\n\n<p>&nbsp;<\/p>","protected":false},"excerpt":{"rendered":"<p>Uno dei nostri primi progetti e-commerce, con pi\u00f9 di 1 milione di prodotti online, dopo i primi 3 anni di attivit\u00e0, gi\u00e0 raccoglieva diverse centinaia di ordini ogni giorno. La nostra esperienza ci permette di guidarti nel commercio online. Cosa possiamo fare per te? Piattaforma Ti aiutiamo a scegliere la piattaforma che si adatta a [&hellip;]<\/p>","protected":false},"author":1,"featured_media":0,"parent":199,"menu_order":0,"comment_status":"closed","ping_status":"closed","template":"","meta":[],"acf":[],"_links":{"self":[{"href":"https:\/\/www.italix.net\/el\/wp-json\/wp\/v2\/pages\/240"}],"collection":[{"href":"https:\/\/www.italix.net\/el\/wp-json\/wp\/v2\/pages"}],"about":[{"href":"https:\/\/www.italix.net\/el\/wp-json\/wp\/v2\/types\/page"}],"author":[{"embeddable":true,"href":"https:\/\/www.italix.net\/el\/wp-json\/wp\/v2\/users\/1"}],"replies":[{"embeddable":true,"href":"https:\/\/www.italix.net\/el\/wp-json\/wp\/v2\/comments?post=240"}],"version-history":[{"count":9,"href":"https:\/\/www.italix.net\/el\/wp-json\/wp\/v2\/pages\/240\/revisions"}],"predecessor-version":[{"id":567,"href":"https:\/\/www.italix.net\/el\/wp-json\/wp\/v2\/pages\/240\/revisions\/567"}],"up":[{"embeddable":true,"href":"https:\/\/www.italix.net\/el\/wp-json\/wp\/v2\/pages\/199"}],"wp:attachment":[{"href":"https:\/\/www.italix.net\/el\/wp-json\/wp\/v2\/media?parent=240"}],"curies":[{"name":"wp","href":"https:\/\/api.w.org\/{rel}","templated":true}]}}