{"id":937,"date":"2020-01-29T16:04:23","date_gmt":"2020-01-29T15:04:23","guid":{"rendered":"https:\/\/www.italix.net\/?page_id=937"},"modified":"2020-01-29T16:17:43","modified_gmt":"2020-01-29T15:17:43","slug":"cookie-policy","status":"publish","type":"page","link":"https:\/\/www.italix.net\/de\/cookie-richtlinie\/","title":{"rendered":"Cookie-Politik"},"content":{"rendered":"<div class=\"ix-legal-page container-fluid\" style=\"text-align: justify;\">\n<p>Unsere Cookie-Richtlinie soll die Arten von Cookies beschreiben, die von der Website italix.net (im Folgenden als \"<strong>Website<\/strong>\"), die Zwecke der installierten Cookies und die M\u00f6glichkeiten, wie der Nutzer die Cookies auf der Website ausw\u00e4hlen oder abw\u00e4hlen und die angebotenen Dienste nutzen kann.<\/p>\n<p>Wir verwenden Cookies, um die Nutzung unserer Website einfacher und intuitiver zu gestalten. Die durch Cookies gesammelten Daten werden verwendet, um Ihr Surferlebnis in Zukunft angenehmer und effizienter zu gestalten.<\/p>\n<h3><strong>1. WAS SIND COOKIES?<\/strong><\/h3>\n<p>Cookies, wie sie von der Garantiebeh\u00f6rde definiert werden, sind kleine Textstrings, die die vom Nutzer besuchten Anwendungen an sein Endger\u00e4t (in der Regel an den Browser) senden, wo sie gespeichert werden, um beim n\u00e4chsten Besuch desselben Nutzers an dieselben Anwendungen zur\u00fcckgesendet zu werden.<\/p>\n<p>Der Begriff Cookie bezieht sich sowohl auf die so genannten Cookies als auch auf alle \u00e4hnlichen Technologien.<\/p>\n<p>Cookies werden f\u00fcr einen schnelleren Zugang zu Online-Diensten und zur Verbesserung der Benutzerf\u00fchrung durch Sitzungsverfolgung, Speicherung von Benutzerinformationen, schnelleres Laden von Inhalten usw. verwendet.<\/p>\n<h3><strong>2. ARTEN VON COOKIES<\/strong><\/h3>\n<p>Cookies k\u00f6nnen sein:<\/p>\n<p><strong>Erstanbieter-Cookies:&nbsp;<\/strong>sind propriet\u00e4re Cookies, die vom Eigent\u00fcmer der Website verwendet werden, um dem Benutzer eine effizientere Navigation zu erm\u00f6glichen und\/oder die Aktionen des Benutzers zu \u00fcberwachen;<\/p>\n<p><strong>Cookies von Dritten:&nbsp;<\/strong>sind Cookies, die von einer anderen Website als derjenigen, die Sie gerade besuchen, gesetzt werden, um Ihnen ein effizienteres Navigieren zu erm\u00f6glichen und\/oder Ihre Aktionen zu \u00fcberwachen.<\/p>\n<p>Dar\u00fcber hinaus werden verschiedene Arten von Cookies unterschieden:<\/p>\n<ul>\n    <li><strong>Technische Cookies:&nbsp;<\/strong>f\u00fcr den alleinigen Zweck der \"\u00dcbertragung einer Nachricht \u00fcber ein elektronisches Kommunikationsnetz oder in dem Umfang, der f\u00fcr den Anbieter eines Dienstes der Informationsgesellschaft, der vom Teilnehmer oder Nutzer ausdr\u00fccklich zur Erbringung dieses Dienstes aufgefordert wurde, unbedingt erforderlich ist\" (Art. 122, Abs. 1 des Datenschutzgesetzes). Zu den technischen Cookies geh\u00f6ren:<\/li>\n    <ul>\n        <li><strong>Sitzungs- oder Navigations-Cookies:&nbsp;<\/strong>werden verwendet, um die Aktivit\u00e4ten des Nutzers im Internet zu verfolgen. Sie gew\u00e4hrleisten die normale Navigation und Nutzung der Website, indem sie beispielsweise eine schnellere Navigation, einen Kauf oder eine Authentifizierung f\u00fcr den Zugang zu eingeschr\u00e4nkten Bereichen erm\u00f6glichen, und sind in der Tat f\u00fcr das ordnungsgem\u00e4\u00dfe Funktionieren der Website erforderlich.<\/li>\n        <li><strong>Funktionale Cookies:&nbsp;<\/strong>dem Nutzer die M\u00f6glichkeit zu geben, nach einer Reihe ausgew\u00e4hlter Kriterien (z. B. Sprache, zum Kauf ausgew\u00e4hlte Produkte) zu navigieren, um den dem Nutzer gebotenen Service zu verbessern.<\/li>\n        <li><strong>Analytische Erstanbieter-Cookies:&nbsp;<\/strong>aus rechtlicher Sicht den technischen Cookies gleichgestellt, wenn sie direkt vom Eigent\u00fcmer der Website verwendet werden, ohne dass ein Profil des Nutzers erstellt wird, sondern nur, um in aggregierter und anonymer Form Informationen \u00fcber die Anzahl der Nutzer und die Art ihres Besuchs auf der Website zu statistischen Zwecken und zur Verbesserung der Leistung der Website zu sammeln.<\/li>\n        <li><strong>Analytische Cookies von Dritten:&nbsp;<\/strong>von Dritten zur Verf\u00fcgung gestellt werden und technischen Cookies gleichgestellt sind, wenn die Dritten kein Nutzerprofil erstellen, indem sie geeignete Instrumente verwenden, um die Identifizierungskraft der Cookies zu verringern (z. B. durch Maskierung wesentlicher Teile der IP-Adresse) und ohne die gesammelten Informationen mit anderen, ihnen bereits vorliegenden Informationen abzugleichen.<\/li>\n    <\/ul>\n<\/ul>\n<ul>\n    <li>F\u00fcr technische Cookies ist nur die Cookie-Richtlinie erforderlich, ohne dass eine Zustimmung erforderlich ist (Art. 13 Datenschutzgesetz).<\/li>\n    <ul>\n        <li><strong>Profilierungs-Cookies:&nbsp;<\/strong>werden verwendet, um das Web-Browsing des Nutzers zu \u00fcberwachen und ein Profil seiner Gewohnheiten zu erstellen:<\/li>\n        <li><strong>Erstanbieter-Profilierungs-Cookies:&nbsp;<\/strong>die vom Eigent\u00fcmer der Website installiert werden, um Profile des Nutzers zu erstellen, damit Werbebotschaften entsprechend den beim Surfen im Internet ge\u00e4u\u00dferten Pr\u00e4ferenzen gesendet werden k\u00f6nnen. Da sie besonders stark in die Privatsph\u00e4re der Nutzer eingreifen, verlangt das europ\u00e4ische und italienische Recht, dass die Nutzer angemessen \u00fcber ihre Nutzung informiert werden, dass sie ihre Zustimmung geben und dass der Datenschutzbeauftragte informiert wird.<\/li>\n        <li><strong>Profilierungs-Cookies von Dritten:&nbsp;<\/strong>von Dritten verwendet werden, die auf die Informationen im Klartext, d.h. nicht in anonymisierter und aggregierter Form, zugreifen und sie mit anderen, bereits in ihrem Besitz befindlichen Daten abgleichen. Die Website hat keine direkte Kontrolle \u00fcber einzelne Cookies von Dritten und kann diese nicht direkt installieren oder l\u00f6schen. Der Nutzer wird daher gebeten, die entsprechende Cookie-Richtlinie auf der Website des Dritten zu pr\u00fcfen.<\/li>\n    <\/ul>\n<\/ul>\n<p>F\u00fcr solche Cookies schreibt die Gesetzgebung vor, dass der Nutzer in angemessener Weise \u00fcber die Verwendung von Cookies informiert werden muss, dass er seine Zustimmung geben muss und dass der Datenschutzgarant von der Partei, die die Daten verwendet, benachrichtigt werden muss.<\/p>\n<h3><strong>3. INSTALLIERTE COOKIES<\/strong><\/h3>\n<p>Die Cookies auf dieser Website sind:<\/p>\n<ul>\n    <li>technische Cookies, die f\u00fcr den Betrieb der Website erforderlich sind;<\/li>\n    <li>Cookies von Dritten, die auch ohne Wissen des f\u00fcr die Verarbeitung Verantwortlichen ein Nutzerprofil erstellen k\u00f6nnen. F\u00fcr weitere Informationen empfehlen wir Ihnen, die Datenschutzrichtlinien der einzelnen unten aufgef\u00fchrten Dienste sorgf\u00e4ltig zu lesen.<\/li>\n<\/ul>\n<p>Nachstehend finden Sie eine Liste der Cookies von Drittanbietern, die auf dieser Website vorhanden sind:<\/p>\n<ul>\n    <li><strong>Google Analytics mit anonymisierter IP<\/strong><br \/> Google Analytics installiert Cookies, um Besuche auf der Website und get\u00e4tigte K\u00e4ufe zu Analysezwecken zu messen. Die IP-Adresse der Nutzer wird anonymisiert.<br \/> F\u00fcr weitere Informationen und zur Deaktivierung von Cookies besuchen Sie bitte: https:\/\/www.google.com\/intl\/it\/policies\/privacy\/.<\/li>\n<\/ul>\n<p>In Bezug auf Cookies von Dritten k\u00f6nnen diese auch ohne Wissen des f\u00fcr die Verarbeitung Verantwortlichen ein Nutzerprofil erstellen. F\u00fcr weitere Informationen empfehlen wir Ihnen, die Datenschutzrichtlinien der aufgef\u00fchrten Dienste sorgf\u00e4ltig zu lesen.<\/p>\n<h3><strong>4. COOKIE-DAUER<\/strong><\/h3>\n<p>Cookies haben eine Lebensdauer, die durch das Ablaufdatum oder eine bestimmte Aktion wie das Schlie\u00dfen des Browsers zum Zeitpunkt der Installation bestimmt wird. Cookies k\u00f6nnen sein:<\/p>\n<ul>\n    <li><strong>befristet oder auf Zeit<\/strong>Sie werden verwendet, um tempor\u00e4re Informationen zu speichern, erm\u00f6glichen die Verkn\u00fcpfung der w\u00e4hrend einer bestimmten Sitzung durchgef\u00fchrten Aktionen und werden vom Computer entfernt, wenn der Browser geschlossen wird;<\/li>\n    <li><strong>best\u00e4ndig<\/strong>werden verwendet, um Informationen wie den Anmeldenamen und das Kennwort zu speichern, damit der Benutzer sie nicht jedes Mal neu eingeben muss, wenn er eine bestimmte Website besucht. Diese bleiben auch nach dem Schlie\u00dfen des Browsers auf dem Computer gespeichert.<\/li>\n<\/ul>\n<h3><strong>5. MANIFESTATION DER ZUSTIMMUNG<\/strong><\/h3>\n<p>Bei zustimmungspflichtigen Cookies wird Ihnen beim ersten Besuch der Website automatisch ein Banner angezeigt, das sowohl den Link zu diesem vollst\u00e4ndigen Informationshinweis als auch die Bitte um Ihre Zustimmung zur Verwendung von Cookies enth\u00e4lt.<\/p>\n<p>Der Nutzer kann seine Zustimmung erteilen, indem er auf die Schaltfl\u00e4che \"OK\" auf dem Banner klickt, die Seite nach unten scrollt und\/oder auf andere Bereiche der Website zugreift, indem er auf Links auf der Webseite unterhalb des Banners klickt (konsequente Handlung).<\/p>\n<h3><strong>6. WIE MAN COOKIES DEAKTIVIERT<\/strong><\/h3>\n<p>Sie k\u00f6nnen Ihre Cookie-Einstellungen direkt in Ihrem Browser verwalten und die Installation von Cookies durch Dritte verhindern. Sie k\u00f6nnen auch Ihre Browsereinstellungen verwenden, um Cookies zu l\u00f6schen, die in der Vergangenheit installiert wurden, einschlie\u00dflich aller Cookies, in denen Sie Ihre Zustimmung zur Installation von Cookies durch diese Website gespeichert haben. Wenn Sie alle Cookies deaktivieren, kann der Betrieb dieser Website beeintr\u00e4chtigt sein.<\/p>\n<p>Unter folgenden Adressen k\u00f6nnen Sie sich informieren und von Ihrem Recht Gebrauch machen, dem Tracking von Cookies in Ihrem Browser zu widersprechen:<\/p>\n<ul>\n    <li>Internet Explorer: http:\/\/windows.microsoft.com\/it-IT\/internet-explorer\/delete-manage-cookies;<\/li>\n    <li>Google Chrome: https:\/\/support.google.com\/chrome\/answer\/95647?hl=it;<\/li>\n    <li>Mozilla Firefox: https:\/\/support.mozilla.org\/it\/kb\/Gestione%20dei%20cookie;<\/li>\n    <li>Oper: http:\/\/help.opera.com\/Windows\/10.00\/it\/cookies.html;<\/li>\n    <li>Apple Safari: https:\/\/support.apple.com\/kb\/PH19214?locale=it_IT.<\/li>\n<\/ul>\n<p>Cookies k\u00f6nnen auch gel\u00f6scht werden, indem Sie direkt bei der Drittpartei oder \u00fcber http:\/\/www.youronlinechoices.com\/it, wo Sie Ihre Tracking-Einstellungen f\u00fcr die meisten Werbetools verwalten k\u00f6nnen, um eine Abmeldung bitten.<\/p>\n<h3><strong>7. RECHTE DER BENUTZER<\/strong><\/h3>\n<p>Der Nutzer hat jederzeit das Recht, die in Artikel 7 des Gesetzesdekrets 196\/2003 anerkannten Rechte auszu\u00fcben. Er hat insbesondere das Recht, eine Kopie der verarbeiteten Daten, ihre Aktualisierung, ihre Herkunft, ihren Zweck und die Art ihrer Verarbeitung, ihre Berichtigung oder Erg\u00e4nzung, ihre L\u00f6schung, ihre Umwandlung in anonyme Form oder ihre Sperrung f\u00fcr eine gesetzeswidrige Verarbeitung zu verlangen und sich aus legitimen Gr\u00fcnden ihrer Verarbeitung zu widersetzen.<\/p>\n<p>Zur Aus\u00fcbung dieser Rechte wenden Sie sich bitte schriftlich an den Inhaber der Datenverarbeitung Italix Sas di Andrea Sivieri e Soci, mit Sitz in Via Divisione Folgore 5\/B - 36100 Vicenza (VI), MwSt.-Nr. \/ C.F. Nr. 04311980280, E-Mail Adresse info@italix.net.<\/p>\n<p>&nbsp;<\/p>\n<p>Weitere Informationen zur Datenverarbeitung finden Sie unter dem folgenden Link https:\/\/www.italix.net\/privacy-policy\/.<\/p>\n<\/div>","protected":false},"excerpt":{"rendered":"<p>La nostra Cookie Policy ha l&rsquo;intento di descrivere le tipologie di cookie utilizzati dal sito web italix.net (di seguito &ldquo;Sito&rdquo;), le finalit&agrave; dei cookie installati e le modalit&agrave; con cui l&rsquo;utente pu&ograve; selezionare o deselezionare i cookie presenti sul Sito e che fruiscono dei servizi proposti. Utilizziamo i cookie per rendere il nostro Sito pi&ugrave; [&hellip;]<\/p>","protected":false},"author":1,"featured_media":0,"parent":0,"menu_order":0,"comment_status":"closed","ping_status":"closed","template":"","meta":[],"acf":[],"_links":{"self":[{"href":"https:\/\/www.italix.net\/de\/wp-json\/wp\/v2\/pages\/937"}],"collection":[{"href":"https:\/\/www.italix.net\/de\/wp-json\/wp\/v2\/pages"}],"about":[{"href":"https:\/\/www.italix.net\/de\/wp-json\/wp\/v2\/types\/page"}],"author":[{"embeddable":true,"href":"https:\/\/www.italix.net\/de\/wp-json\/wp\/v2\/users\/1"}],"replies":[{"embeddable":true,"href":"https:\/\/www.italix.net\/de\/wp-json\/wp\/v2\/comments?post=937"}],"version-history":[{"count":4,"href":"https:\/\/www.italix.net\/de\/wp-json\/wp\/v2\/pages\/937\/revisions"}],"predecessor-version":[{"id":945,"href":"https:\/\/www.italix.net\/de\/wp-json\/wp\/v2\/pages\/937\/revisions\/945"}],"wp:attachment":[{"href":"https:\/\/www.italix.net\/de\/wp-json\/wp\/v2\/media?parent=937"}],"curies":[{"name":"wp","href":"https:\/\/api.w.org\/{rel}","templated":true}]}}