{"id":346,"date":"2019-02-16T17:13:22","date_gmt":"2019-02-16T16:13:22","guid":{"rendered":"http:\/\/www.italix.net\/?page_id=346"},"modified":"2019-03-03T16:06:21","modified_gmt":"2019-03-03T15:06:21","slug":"chi-siamo","status":"publish","type":"page","link":"https:\/\/www.italix.net\/de\/homepage\/wer-wir-sind\/","title":{"rendered":"\u00dcber uns"},"content":{"rendered":"<style>#kt-layout-id_da5a10-19 > .kt-row-column-wrap{align-content:start;}:where(#kt-layout-id_da5a10-19 > .kt-row-column-wrap) > .wp-block-kadence-column{justify-content:start;}#kt-layout-id_da5a10-19 > .kt-row-column-wrap{column-gap:var(--global-kb-gap-md, 2rem);row-gap:var(--global-kb-gap-md, 2rem);padding-top:25px;padding-bottom:25px;padding-top:var(--global-kb-spacing-sm, 1.5rem);padding-bottom:var(--global-kb-spacing-sm, 1.5rem);grid-template-columns:minmax(0, 2fr) minmax(0, 1fr) minmax(0, 1fr);}#kt-layout-id_da5a10-19 > .kt-row-layout-overlay{opacity:0.30;}@media all and (max-width: 1024px){#kt-layout-id_da5a10-19 > .kt-row-column-wrap{grid-template-columns:repeat(3, minmax(0, 1fr));}}@media all and (max-width: 767px){#kt-layout-id_da5a10-19 > .kt-row-column-wrap{grid-template-columns:minmax(0, 1fr);}}<\/style>\n<div class=\"wp-block-kadence-rowlayout alignnone\"><div id=\"kt-layout-id_da5a10-19\" class=\"kt-row-layout-inner  kt-layout-id_da5a10-19\"><div class=\"kt-row-column-wrap kt-has-3-columns kt-gutter-default kt-v-gutter-default kt-row-valign-top kt-row-layout-left-half kt-tab-layout-inherit kt-m-colapse-left-to-right kt-mobile-layout-row\"><style>.kadence-column_d37168-0f > .kt-inside-inner-col{border-top-width:0px;border-right-width:0px;border-bottom-width:0px;border-left-width:0px;}.kadence-column_d37168-0f > .kt-inside-inner-col,.kadence-column_d37168-0f > .kt-inside-inner-col:before{border-top-left-radius:0px;border-top-right-radius:0px;border-bottom-right-radius:0px;border-bottom-left-radius:0px;}.kadence-column_d37168-0f > .kt-inside-inner-col:before{opacity:0.3;}.kadence-column_d37168-0f{position:relative;}<\/style>\n<div class=\"wp-block-kadence-column inner-column-1 kadence-column_d37168-0f\"><div class=\"kt-inside-inner-col\">\n<p> IT wie das Meer, die Faszination der unendlichen Weite der M\u00f6glichkeiten. Erfahrung, gute Karten, eine genaue Wegbeschreibung, das sind die Elemente, um sicher zu navigieren und das gesetzte Ziel erfolgreich zu erreichen. <\/p>\n\n\n\n<p> Unsere Besatzung hat gelernt, unter allen Wetterbedingungen auf dem Meer zu navigieren und ist in der Lage, selbst die ehrgeizigsten und komplexesten Ziele zu erreichen. Unser Ziel ist es, mit Ihnen auf der Grundlage eines effizienten, ma\u00dfgeschneiderten IT-Plans zusammenzuarbeiten. <\/p>\n\n\n\n<p>Zu unseren St\u00e4rken geh\u00f6ren E-Commerce, Websites und Corporate Image, Online-Werbung, ma\u00dfgeschneiderte Management- und Webanwendungen, Kurse und Schulungen. <\/p>\n<\/div><\/div>\n\n\n<style>.kadence-column_d7b695-95 > .kt-inside-inner-col{border-top-width:0px;border-right-width:0px;border-bottom-width:0px;border-left-width:0px;}.kadence-column_d7b695-95 > .kt-inside-inner-col,.kadence-column_d7b695-95 > .kt-inside-inner-col:before{border-top-left-radius:0px;border-top-right-radius:0px;border-bottom-right-radius:0px;border-bottom-left-radius:0px;}.kadence-column_d7b695-95 > .kt-inside-inner-col:before{opacity:0.3;}.kadence-column_d7b695-95{position:relative;}<\/style>\n<div class=\"wp-block-kadence-column inner-column-2 kadence-column_d7b695-95\"><div class=\"kt-inside-inner-col\">\n<figure class=\"wp-block-image\"><img decoding=\"async\" loading=\"lazy\" width=\"1000\" height=\"1000\" src=\"http:\/\/www.italix.net\/wp-content\/uploads\/2019\/02\/chi-siamo-veliero-1000.jpg\" alt=\"\" class=\"wp-image-232\" srcset=\"https:\/\/www.italix.net\/wp-content\/uploads\/2019\/02\/chi-siamo-veliero-1000.jpg 1000w, https:\/\/www.italix.net\/wp-content\/uploads\/2019\/02\/chi-siamo-veliero-1000-150x150.jpg 150w, https:\/\/www.italix.net\/wp-content\/uploads\/2019\/02\/chi-siamo-veliero-1000-300x300.jpg 300w, https:\/\/www.italix.net\/wp-content\/uploads\/2019\/02\/chi-siamo-veliero-1000-768x768.jpg 768w, https:\/\/www.italix.net\/wp-content\/uploads\/2019\/02\/chi-siamo-veliero-1000-600x600.jpg 600w\" sizes=\"(max-width: 1000px) 100vw, 1000px\" \/><\/figure>\n<\/div><\/div>\n\n\n<style>.kadence-column_180e57-33 > .kt-inside-inner-col{border-top-width:0px;border-right-width:0px;border-bottom-width:0px;border-left-width:0px;}.kadence-column_180e57-33 > .kt-inside-inner-col,.kadence-column_180e57-33 > .kt-inside-inner-col:before{border-top-left-radius:0px;border-top-right-radius:0px;border-bottom-right-radius:0px;border-bottom-left-radius:0px;}.kadence-column_180e57-33 > .kt-inside-inner-col:before{opacity:0.3;}.kadence-column_180e57-33{position:relative;}<\/style>\n<div class=\"wp-block-kadence-column inner-column-3 kadence-column_180e57-33\"><div class=\"kt-inside-inner-col\">\n<figure class=\"wp-block-image\"><img decoding=\"async\" loading=\"lazy\" width=\"1024\" height=\"1024\" src=\"http:\/\/www.italix.net\/wp-content\/uploads\/2019\/03\/Chart-Instruments-Square-1024x1024.jpg\" alt=\"\" class=\"wp-image-558\" srcset=\"https:\/\/www.italix.net\/wp-content\/uploads\/2019\/03\/Chart-Instruments-Square-1024x1024.jpg 1024w, https:\/\/www.italix.net\/wp-content\/uploads\/2019\/03\/Chart-Instruments-Square-150x150.jpg 150w, https:\/\/www.italix.net\/wp-content\/uploads\/2019\/03\/Chart-Instruments-Square-300x300.jpg 300w, https:\/\/www.italix.net\/wp-content\/uploads\/2019\/03\/Chart-Instruments-Square-768x768.jpg 768w, https:\/\/www.italix.net\/wp-content\/uploads\/2019\/03\/Chart-Instruments-Square-600x600.jpg 600w, https:\/\/www.italix.net\/wp-content\/uploads\/2019\/03\/Chart-Instruments-Square.jpg 1179w\" sizes=\"(max-width: 1024px) 100vw, 1024px\" \/><\/figure>\n<\/div><\/div>\n<\/div><\/div><\/div>\n\n\n\n<p><\/p>","protected":false},"excerpt":{"rendered":"<p>L&#8217;informatica come il mare, il fascino di una distesa infinita di possibilit\u00e0. Esperienza, buone mappe, una direzione precisa, questi gli elementi per navigare in sicurezza e raggiungere la meta stabilita con successo. Il nostro equipaggio ha imparato a navigare il mare in ogni condizione di tempo, dimostrandosi capace di affrontare anche gli obiettivi pi\u00f9 ambiziosi [&hellip;]<\/p>","protected":false},"author":1,"featured_media":0,"parent":36,"menu_order":0,"comment_status":"closed","ping_status":"closed","template":"","meta":[],"acf":[],"_links":{"self":[{"href":"https:\/\/www.italix.net\/de\/wp-json\/wp\/v2\/pages\/346"}],"collection":[{"href":"https:\/\/www.italix.net\/de\/wp-json\/wp\/v2\/pages"}],"about":[{"href":"https:\/\/www.italix.net\/de\/wp-json\/wp\/v2\/types\/page"}],"author":[{"embeddable":true,"href":"https:\/\/www.italix.net\/de\/wp-json\/wp\/v2\/users\/1"}],"replies":[{"embeddable":true,"href":"https:\/\/www.italix.net\/de\/wp-json\/wp\/v2\/comments?post=346"}],"version-history":[{"count":21,"href":"https:\/\/www.italix.net\/de\/wp-json\/wp\/v2\/pages\/346\/revisions"}],"predecessor-version":[{"id":650,"href":"https:\/\/www.italix.net\/de\/wp-json\/wp\/v2\/pages\/346\/revisions\/650"}],"up":[{"embeddable":true,"href":"https:\/\/www.italix.net\/de\/wp-json\/wp\/v2\/pages\/36"}],"wp:attachment":[{"href":"https:\/\/www.italix.net\/de\/wp-json\/wp\/v2\/media?parent=346"}],"curies":[{"name":"wp","href":"https:\/\/api.w.org\/{rel}","templated":true}]}}