{"id":3,"date":"2018-12-25T22:54:13","date_gmt":"2018-12-25T21:54:13","guid":{"rendered":"http:\/\/www.italix.net\/?page_id=3"},"modified":"2020-01-29T17:01:03","modified_gmt":"2020-01-29T16:01:03","slug":"privacy-policy-bozza","status":"publish","type":"page","link":"https:\/\/www.italix.net\/de\/datenschutz-bozza\/","title":{"rendered":"Datenschutzbestimmungen"},"content":{"rendered":"<h2 class=\"wp-block-heading\">\u00dcber uns<\/h2><p>L&#8217;indirizzo del nostro sito web \u00e8: http:\/\/www.italix.net.<\/p><h2 class=\"wp-block-heading\">Welche pers\u00f6nlichen Daten wir sammeln und warum wir sie sammeln<\/h2><h3 class=\"wp-block-heading\">Kommentare<\/h3><p>Wenn Besucher Kommentare auf der Website hinterlassen, erfassen wir neben der IP-Adresse des Besuchers und dem User-Agent-String des Browsers auch die im Kommentarformular angezeigten Daten, um die Spam-Erkennung zu erleichtern.<\/p><p>Eine anonymisierte Zeichenfolge, die aus Ihrer E-Mail-Adresse erstellt wird (auch als Hash bekannt), kann dem Gravatar-Dienst zur Verf\u00fcgung gestellt werden, um zu sehen, ob Sie ihn verwenden. Die Datenschutzbestimmungen des Gravatar-Dienstes finden Sie hier: https:\/\/automattic.com\/privacy\/. Nach der Freigabe Ihres Kommentars ist Ihr Profilbild im Zusammenhang mit Ihrem Kommentar \u00f6ffentlich sichtbar.<\/p><h3 class=\"wp-block-heading\">Medien<\/h3><p>Wenn Sie Bilder auf die Website hochladen, sollten Sie es vermeiden, Bilder hochzuladen, die eingebettete Standortdaten (EXIF-GPS) enthalten. Die Besucher der Website k\u00f6nnen alle Standortdaten von den Bildern auf der Website herunterladen und extrahieren.<\/p><h3 class=\"wp-block-heading\">Kontakt-Formular<\/h3><h3 class=\"wp-block-heading\">Cookies<\/h3><p>Wenn Sie einen Kommentar auf unserer Website hinterlassen, k\u00f6nnen Sie w\u00e4hlen, ob Ihr Name, Ihre E-Mail-Adresse und Ihre Website in Cookies gespeichert werden sollen. Diese werden zu Ihrer Bequemlichkeit verwendet, damit Sie Ihre Daten nicht erneut eingeben m\u00fcssen, wenn Sie einen weiteren Kommentar hinterlassen. Diese Kekse sind ein Jahr lang haltbar.<\/p><p>Wenn Sie ein Konto haben und auf diese Website zugreifen, wird ein tempor\u00e4rer Cookie gesetzt, um festzustellen, ob Ihr Browser Cookies akzeptiert. Dieses Cookie enth\u00e4lt keine pers\u00f6nlichen Daten und wird gel\u00f6scht, wenn Sie Ihren Browser schlie\u00dfen.<\/p><p>Wenn Sie sich anmelden, werden mehrere Cookies gesetzt, um Ihre Anmeldeinformationen und Bildschirmoptionen zu speichern. Login-Cookies sind zwei Tage lang g\u00fcltig, w\u00e4hrend Cookies f\u00fcr Bildschirmoptionen ein Jahr lang g\u00fcltig sind. Wenn Sie \"Angemeldet bleiben\" w\u00e4hlen, bleibt Ihre Anmeldung zwei Wochen lang bestehen. Wenn Sie sich von Ihrem Konto abmelden, werden die Anmelde-Cookies entfernt.<\/p><p>Wenn Sie einen Artikel bearbeiten oder ver\u00f6ffentlichen, wird ein zus\u00e4tzliches Cookie in Ihrem Browser gespeichert. Dieses Cookie enth\u00e4lt keine pers\u00f6nlichen Daten, sondern zeigt lediglich die ID des Artikels an, den Sie gerade bearbeitet haben. Er verf\u00e4llt nach 1 Tag.<\/p><h3 class=\"wp-block-heading\">Eingebettete Inhalte von anderen Websites<\/h3><p>Die Artikel auf dieser Website k\u00f6nnen eingebettete Inhalte enthalten (z. B. Videos, Bilder, Artikel usw.). Eingebettete Inhalte von anderen Websites verhalten sich genau so, als ob der Besucher die andere Website besucht h\u00e4tte.<\/p><p>Diese Websites k\u00f6nnen Daten \u00fcber Sie sammeln, Cookies verwenden, zus\u00e4tzliche Verfolgungen durch Dritte integrieren und Ihre Interaktion mit ihnen \u00fcberwachen, einschlie\u00dflich der Verfolgung Ihrer Interaktion mit eingebetteten Inhalten, wenn Sie ein Konto haben und bei diesen Websites angemeldet sind.<\/p><h3 class=\"wp-block-heading\">Analytik<\/h3><h2 class=\"wp-block-heading\">Mit wem wir Ihre Daten teilen<\/h2><h2 class=\"wp-block-heading\">Wie lange wir Ihre Daten aufbewahren<\/h2><p>Wenn Sie einen Kommentar hinterlassen, werden der Kommentar und seine Metadaten auf unbestimmte Zeit gespeichert. Auf diese Weise k\u00f6nnen wir nachfolgende Kommentare automatisch erkennen und genehmigen, anstatt sie in einer Moderationswarteschlange zu halten.<\/p><p>Bei Nutzern, die sich auf unserer Website registrieren (falls vorhanden), speichern wir auch die pers\u00f6nlichen Daten, die sie in ihrem Nutzerprofil angeben. Alle Nutzer k\u00f6nnen ihre pers\u00f6nlichen Daten jederzeit einsehen, bearbeiten oder l\u00f6schen (mit Ausnahme ihres Nutzernamens, den sie nicht \u00e4ndern k\u00f6nnen). Auch Website-Administratoren k\u00f6nnen diese Informationen einsehen und bearbeiten.<\/p><h2 class=\"wp-block-heading\">Welche Rechte haben Sie in Bezug auf Ihre Daten?<\/h2><p>Wenn Sie ein Konto auf dieser Website haben oder Kommentare hinterlassen haben, k\u00f6nnen Sie beantragen, eine exportierte Datei von der Website mit den pers\u00f6nlichen Daten zu erhalten, die wir \u00fcber Sie haben, einschlie\u00dflich der Daten, die Sie uns zur Verf\u00fcgung gestellt haben. Sie k\u00f6nnen auch verlangen, dass wir alle personenbezogenen Daten \u00fcber Sie l\u00f6schen. Davon ausgenommen sind Daten, die wir aus administrativen, rechtlichen oder sicherheitstechnischen Gr\u00fcnden aufbewahren m\u00fcssen.<\/p><h2 class=\"wp-block-heading\">Wohin wir Ihre Daten senden<\/h2><p>Besucherkommentare k\u00f6nnen \u00fcber einen automatischen Spam-Erkennungsdienst \u00fcberpr\u00fcft werden.<\/p><h2 class=\"wp-block-heading\">Ihre Kontaktinformationen<\/h2><h2 class=\"wp-block-heading\">Zus\u00e4tzliche Informationen<\/h2><h3 class=\"wp-block-heading\">Wie wir Ihre Daten sch\u00fctzen<\/h3><h3 class=\"wp-block-heading\">Welche Verfahren wir zur Verhinderung von Datenschutzverletzungen haben<\/h3><h3 class=\"wp-block-heading\">Von welchen Dritten wir Daten erhalten<\/h3><h3 class=\"wp-block-heading\">Welche automatisierte Entscheidungsfindung und\/oder Profilerstellung wir mit Ihren Daten durchf\u00fchren<\/h3><h3 class=\"wp-block-heading\">Regulatorische Berichtsanforderungen<\/h3>","protected":false},"excerpt":{"rendered":"<p>Chi siamo L&#8217;indirizzo del nostro sito web \u00e8: http:\/\/www.italix.net. Quali dati personali raccogliamo e perch\u00e9 li raccogliamo Commenti Quando i visitatori lasciano commenti sul sito, raccogliamo i dati mostrati nel modulo dei commenti oltre all&#8217;indirizzo IP del visitatore e la stringa dello user agent del browser per facilitare il rilevamento dello spam. Una stringa anonimizzata [&hellip;]<\/p>","protected":false},"author":1,"featured_media":0,"parent":0,"menu_order":0,"comment_status":"closed","ping_status":"open","template":"","meta":[],"acf":[],"_links":{"self":[{"href":"https:\/\/www.italix.net\/de\/wp-json\/wp\/v2\/pages\/3"}],"collection":[{"href":"https:\/\/www.italix.net\/de\/wp-json\/wp\/v2\/pages"}],"about":[{"href":"https:\/\/www.italix.net\/de\/wp-json\/wp\/v2\/types\/page"}],"author":[{"embeddable":true,"href":"https:\/\/www.italix.net\/de\/wp-json\/wp\/v2\/users\/1"}],"replies":[{"embeddable":true,"href":"https:\/\/www.italix.net\/de\/wp-json\/wp\/v2\/comments?post=3"}],"version-history":[{"count":1,"href":"https:\/\/www.italix.net\/de\/wp-json\/wp\/v2\/pages\/3\/revisions"}],"predecessor-version":[{"id":955,"href":"https:\/\/www.italix.net\/de\/wp-json\/wp\/v2\/pages\/3\/revisions\/955"}],"wp:attachment":[{"href":"https:\/\/www.italix.net\/de\/wp-json\/wp\/v2\/media?parent=3"}],"curies":[{"name":"wp","href":"https:\/\/api.w.org\/{rel}","templated":true}]}}